{"id":10947,"date":"2025-01-21T10:48:48","date_gmt":"2025-01-21T08:48:48","guid":{"rendered":"https:\/\/kadans.onest-dev.nl\/?page_id=10947"},"modified":"2025-09-30T14:41:15","modified_gmt":"2025-09-30T12:41:15","slug":"cleanroom","status":"publish","type":"page","link":"https:\/\/www.kadans.com\/de\/specialised-assets\/cleanroom\/","title":{"rendered":"Reinraum"},"content":{"rendered":"<section id=\"hero_1\" class=\"desktop_yes mobile_yes size_small \">\t\r\n\t\r\n\t<div class=\"background_wrap\">\r\n\r\n\t\t\t<img loading=\"lazy\" decoding=\"async\" class=\"object_fit\" \t\t\t\t\t\t\t  \r\n\t\t\t  srcset=\"https:\/\/www.kadans.com\/wp-content\/uploads\/Rectangle-550_2-650x361.png 650w, https:\/\/www.kadans.com\/wp-content\/uploads\/Rectangle-550_2-1200x667.png 1024w, https:\/\/www.kadans.com\/wp-content\/uploads\/Rectangle-550_2-1600x889.png 1800w\" \t\t\t\t\t\t\t\t\t  \r\n\t\t\t  sizes=\"auto, (max-width: 700px) 650px, (max-width: 1200px) 1024px, 1800px\"  \t  \r\n\t\t\t  src=\"https:\/\/www.kadans.com\/wp-content\/uploads\/Rectangle-550_2-1600x889.png\" \r\n\t\t\t  width=\"1024\"\r\n\t\t\t  height=\"569\"\t\t\t\t\t\t\t  \r\n\t\t\t  alt=\"Moleculen image for Science\" \r\n\t\t\t\/>\r\n\t\t\r\n\t\t\r\n\t<\/div>\r\n\t\r\n\t\r\n\t<div class=\"container\">\r\n\t\t<div class=\"row\">\r\n\t\t\t<div class=\"col-sm-12 col-md-12 col-lg-8 left_column\">\t\t\t\r\n\t\t\t\t<div class=\"outer\">\r\n\t\t\t\t\t<div class=\"inner\">\r\n\t\t\t\t\t\t\r\n\t\t\t\t\t\t<h1 class=\"subtitle\">Ma\u00dfgeschneiderte Reinraum-Einrichtungen<\/h1>\t\t\t\t\t\t\r\n\t\t\t\t\t\t<h2>Arbeitsbereiche nach Ihren Bed\u00fcrfnissen<\/h2>\t\t\t\t\t\t\r\n\t\t\t\t\t\t\r\n\t\t\t\t\t\t<p>F\u00fcr Unternehmen und Forscher in Branchen wie Pharma, Biotechnologie, Mikroelektronik und Lebensmittelsicherheit ist ein Reinraum oft unverzichtbar. Die Realisierung eines solchen Raums ist jedoch alles andere als standardisiert. Jede Anwendung stellt unterschiedliche Anforderungen an Luftqualit\u00e4t, Temperatur, Materialauswahl und Raumaufteilung. Kadans entwickelt daher Reinr\u00e4ume, die vom ersten Konzept bis zur schl\u00fcsselfertigen \u00dcbergabe vollst\u00e4ndig auf die Bed\u00fcrfnisse des Nutzers abgestimmt sind.<\/p>\n\t\t\t\t\t\t\r\n\t\t\t\t\t\t\t\t\t\t\t<\/div>\r\n\t\t\t\t<\/div>\t\t\t\t\t\t\r\n\t\t\t<\/div>\r\n\t\t<\/div>\r\n\t<\/div>\r\n\t\r\n\t\r\n<\/section>\r\n\r\n<script>\r\n\tjQuery(document).ready(function($){ \r\n\t\t\r\n\t\t$('body').addClass('has_hero');\r\n\t\t\r\n\t\t$(window).scroll(function(){\r\n\r\n\t\t\tvar curHeight = $('#hero_1').outerHeight();\r\n\t\t\t\r\n\t\t\tif ($(window).scrollTop() > curHeight) {\r\n\t\t\t\t$('#hero_1 .background_wrap').fadeOut(100);\r\n\t\t\t}\t\t\r\n\t\t\telse \r\n\t\t\t{\r\n\t\t\t\t$('#hero_1 .background_wrap').fadeIn(100);\r\n\t\t\t}\r\n\t\t});\r\n\t\t\r\n\t\tif($('#hero_1').nextAll('section:first').hasClass('cta_banner_3')){\r\n\t\t\tvar target = $('#hero_1').nextAll('section:first');\r\n\t\t\t\t$(target).addClass('minus_40');\r\n\t\t}\r\n\t\t\r\n\t});\r\n<\/script>\n\n\r\n<section class=\"whitespace desktop_yes mobile_yes big bg_white\">\r\n<\/section>\n\n\t\r\n<section class=\"text_2 desktop_yes mobile_yes elm_primary_400 \">\r\n\t<div class=\"container\">\r\n\t\t<div class=\"row\">\r\n\t\t\t<div class=\"col-sm-12 col-md-12 col-lg-6\">\r\n\t\t\t\t<h2>Arbeitsr\u00e4ume, die auf deine Bed\u00fcrfnisse zugeschnitten sind<\/h2>\t\t\t\r\n\t\t\t<\/div>\r\n\t\t\t<div class=\"col-sm-12 col-md-12 col-lg-1 vert_line\">\r\n\t\t\t<\/div>\r\n\t\t<\/div>\r\n\t\t\r\n\t\t\r\n\t\t<div class=\"row\">\r\n\t\t\t<div class=\"col-sm-12 col-md-12 col-lg-6 left_column\">\r\n\t\t\t\t\t\t\t\t\t<div class=\"image_outer desktop\">\r\n\t\t\t\t\t\t<div class=\"image_wrap\">\t\r\n\t\t\t\t\t\t\t<img loading=\"lazy\" decoding=\"async\" class=\"object_fit\" \t\t\t\t\t\t\t  \r\n\t\t\t\t\t\t\t  srcset=\"https:\/\/www.kadans.com\/wp-content\/uploads\/Cleanroom-Sencio-650x434.jpg 650w, https:\/\/www.kadans.com\/wp-content\/uploads\/Cleanroom-Sencio-1200x801.jpg 1024w, https:\/\/www.kadans.com\/wp-content\/uploads\/Cleanroom-Sencio-1600x1068.jpg 1800w\" \t\t\t\t\t\t\t\t\t  \r\n\t\t\t\t\t\t\t  sizes=\"auto, (max-width: 700px) 650px, (max-width: 1200px) 1024px, 1800px\"  \t  \r\n\t\t\t\t\t\t\t  src=\"https:\/\/www.kadans.com\/wp-content\/uploads\/Cleanroom-Sencio-1600x1068.jpg\" \r\n\t\t\t\t\t\t\t  width=\"1024\"\r\n\t\t\t\t\t\t\t  height=\"684\"\t\t\t\t\t\t\t  \r\n\t\t\t\t\t\t\t  alt=\"Cleanroom Sencio\" \r\n\t\t\t\t\t\t\t\/>\r\n\t\t\t\t\t\t<\/div>\r\n\t\t\t\t\t<\/div>\t\t\t\t\t\r\n\t\t\t\t\t\t\t\r\n\t\t\t<\/div>\r\n\t\t\t<div class=\"col-sm-12 col-md-12 col-lg-1 vert_line\">\r\n\t\t\t<\/div>\t\t\t\r\n\t\t\t<div class=\"col-sm-12 col-md-12 col-lg-5 right_column\">\r\n\t\t\t\t<h3>Ein Reinraum, der auf Ihre Bed\u00fcrfnisse zugeschnitten ist<\/h3>\r\n\t\t\t\t<p>Entdecken Sie Reinr\u00e4ume, die ganz auf Ihre spezifischen Anforderungen zugeschnitten sind. Bei Kadans liefern wir mehr als nur ein Geb\u00e4ude. Wir wissen, dass Sie einen Reinraum ben\u00f6tigen, der sofort als produktive und sichere Arbeitsumgebung eingerichtet werden kann.<\/p>\n<p>Kadans hat Reinr\u00e4ume f\u00fcr Unternehmen realisiert, die unter anderem in den Bereichen Halbleiter, Medizintechnik, Biotechnologie und anderen Forschungsbereichen t\u00e4tig sind. Wir haben Erfahrung in der Entwicklung von Reinr\u00e4umen der ISO-Klassen 9 bis 5. Dar\u00fcber hinaus verf\u00fcgen wir \u00fcber umfassende Fachkenntnisse in der Lieferung von Reinr\u00e4umen, die den GMP-Normen entsprechen.<\/p>\n<p>Unsere internen technischen Teams bieten einen kompletten Entwurfs- und Realisierungsprozess, sodass Sie sich auf das Wachstum Ihres Unternehmens konzentrieren k\u00f6nnen.<\/p>\n<p>Kadans liefert Reinr\u00e4ume nach den h\u00f6chsten Qualit\u00e4ts- und Sicherheitsanforderungen. Dazu geh\u00f6ren auch alle unterst\u00fctzenden Einrichtungen wie Lagerr\u00e4ume, Umkleider\u00e4ume, Warenannahme und -ausgabe, Abfallentsorgung und Versandm\u00f6glichkeiten.<\/p>\n\t\t\t\t\r\n\t\t\t\t\r\n\t\t\t\t\t\t\t\t\t<div class=\"image_outer mobile\">\r\n\t\t\t\t\t\t<div class=\"image_wrap\">\t\r\n\t\t\t\t\t\t\t<img loading=\"lazy\" decoding=\"async\" class=\"object_fit\" \t\t\t\t\t\t\t  \r\n\t\t\t\t\t\t\t  srcset=\"https:\/\/www.kadans.com\/wp-content\/uploads\/Cleanroom-Sencio-650x434.jpg 650w, https:\/\/www.kadans.com\/wp-content\/uploads\/Cleanroom-Sencio-1200x801.jpg 1024w, https:\/\/www.kadans.com\/wp-content\/uploads\/Cleanroom-Sencio-1600x1068.jpg 1800w\" \t\t\t\t\t\t\t\t\t  \r\n\t\t\t\t\t\t\t  sizes=\"auto, (max-width: 700px) 650px, (max-width: 1200px) 1024px, 1800px\"  \t  \r\n\t\t\t\t\t\t\t  src=\"https:\/\/www.kadans.com\/wp-content\/uploads\/Cleanroom-Sencio-1600x1068.jpg\" \r\n\t\t\t\t\t\t\t  width=\"1024\"\r\n\t\t\t\t\t\t\t  height=\"684\"\t\t\t\t\t\t\t  \r\n\t\t\t\t\t\t\t  alt=\"Cleanroom Sencio\" \r\n\t\t\t\t\t\t\t\/>\r\n\t\t\t\t\t\t<\/div>\r\n\t\t\t\t\t<\/div>\t\t\t\t\t\r\n\t\t\t\t\t\t\t\t\r\n\t\t\t\t\r\n\t\t\t\t\r\n\t\t\t<\/div>\t\t\t\r\n\t\t<\/div>\r\n\t<\/div>\r\n<\/section>\n\n\r\n<section class=\"whitespace desktop_yes mobile_yes big bg_white\">\r\n<\/section>\n\n<section class=\"text desktop_yes mobile_yes bg_ \">\r\n\t<div class=\"container\">\r\n\t\t<div class=\"row\">\r\n\t\t\t<div class=\"col-sm-12 col-md-12 col-lg-12\">\r\n\t\t\t\t<div class=\"subheading\">\r\n\t\t\t\t\t\t\t\t<\/div>\r\n\t\t\t\t<h2>Arbeiten in einem innovativen \u00d6kosystem<\/h2>\t\t\t\t<div class=\"intro_text\">\r\n\t\t\t\t\t<p>Cleanrooms von Kadans sind oft Teil eines gr\u00f6\u00dferen Innovations\u00f6kosystems, das sich in f\u00fchrenden Wissenschaftsparks und auf Campusgel\u00e4nden im In- und Ausland befindet. Das bedeutet unmittelbare N\u00e4he zu anderen Wissensinstitutionen, Hightech-Unternehmen und unterst\u00fctzenden Dienstleistungen. Ob Sie nun ein Start-up sind oder ein etabliertes F&amp;E-Team haben: Sie profitieren von Synergien, gemeinsamen Einrichtungen und einem Umfeld, das die Zusammenarbeit f\u00f6rdert. Dies beschleunigt nicht nur Ihre eigene Entwicklung, sondern erh\u00f6ht auch Ihre Sichtbarkeit innerhalb Ihrer Branche.<\/p>\n\t\t\t\t<\/div>\r\n\t\t\t\t\t\t\t\t\r\n\t\t\t\t\t\t\t\t\r\n\t\t\t<\/div>\r\n\r\n\t\t<\/div>\r\n\t<\/div>\r\n<\/section>\n\n\r\n<section class=\"whitespace desktop_yes mobile_yes big bg_white\">\r\n<\/section>\n\n\r\n<section class=\"whitespace desktop_yes mobile_yes big bg_white\">\r\n<\/section>\n\n\t\r\n\r\n<section class=\"text_foto desktop_yes mobile_yes elm_primary_400 \">\r\n\t<div class=\"container\">\r\n\t\t<div class=\"row sm_reverse_order\">\t\t\r\n\t\t\t\t<div class=\"col-sm-12 col-md-5 col-lg-5 photo photo_col left\">\r\n\t\t<div class=\"inner\">\r\n\t\t\t<img loading=\"lazy\" decoding=\"async\" class=\"object_fit\" \t\t\t\t\t\t\t  \r\n\t\t\t\t  srcset=\"https:\/\/www.kadans.com\/wp-content\/uploads\/Cleanroom-Sencio-650x434.jpg 650w, https:\/\/www.kadans.com\/wp-content\/uploads\/Cleanroom-Sencio-1200x801.jpg 1024w, https:\/\/www.kadans.com\/wp-content\/uploads\/Cleanroom-Sencio-1600x1068.jpg 1800w\" \t\t\t\t\t\t\t\t\t  \r\n\t\t\t\t  sizes=\"auto, (max-width: 700px) 650px, (max-width: 1200px) 1024px, 1800px\"  \t  \r\n\t\t\t\t  src=\"https:\/\/www.kadans.com\/wp-content\/uploads\/Cleanroom-Sencio-1600x1068.jpg\" \r\n\t\t\t\t  width=\"1024\"\r\n\t\t\t\t  height=\"684\"\t\t\t\t\t\t\t  \r\n\t\t\t\t  alt=\"Cleanroom Sencio\" \r\n\t\t\t\t\/>\r\n\t\t<\/div>\t\r\n\t<\/div>\r\n\t\r\n\t\t\r\n\t<div class=\"col-sm-12 col-md-1 col-lg-1 middle_col\">\r\n\t<\/div>\r\n\t\r\n\t<div class=\"col-sm-12 col-md-5 col-lg-5 text_col\">\r\n\t\t<div class=\"inner\">\r\n\t\t\t<h2>Sind Sie bereit f\u00fcr Ihren eigenen Reinraum?<\/h2>\t\t\t\r\n\t\t\t<p>Sind Sie auf der Suche nach einem Partner, der versteht, wie kritisch Ihre Arbeitsumgebung ist? Kadans entwickelt und realisiert Reinr\u00e4ume, die genau auf Ihre Prozesse, Vorschriften und Zukunftspl\u00e4ne abgestimmt sind. Von der ersten Idee bis zum funktionsf\u00e4higen Raum k\u00fcmmern wir uns um alles.<\/p>\n\t\t\t\r\n\t\t\t\t\t\t\r\n\t\t\t\t\t\t\t\t\t\r\n\t\t<\/div>\r\n\t<\/div>\r\n\r\n\t<div class=\"col-sm-12 col-md-1 col-lg-1 vert_line\">\r\n\t<\/div>\r\n\r\n\t\t<\/div>\r\n\t<\/div>\r\n<\/section>\n\n\r\n<section class=\"whitespace desktop_yes mobile_yes big bg_white\">\r\n<\/section>\n\n\t\r\n\r\n<section id=\"cta_banner\" class=\"cta_banner_2 desktop_yes mobile_yes  bg_primary_50\">\r\n\t<div class=\"container\">\r\n\t\t<div class=\"row\">\r\n\t\t\t\t<div class=\"col-sm-12 col-md-5 col-lg-6\">\r\n\t\t\t\t\t\t<img loading=\"lazy\" decoding=\"async\" class=\"object_fit\" \t\t\t\t\t\t\t  \r\n\t\t\t\t\t  srcset=\"https:\/\/www.kadans.com\/wp-content\/uploads\/Scientist-in-uniform-and-mask-holding-test-tubes-at-laboratory.-Medicine-and-research-in-650x433.jpg 650w, https:\/\/www.kadans.com\/wp-content\/uploads\/Scientist-in-uniform-and-mask-holding-test-tubes-at-laboratory.-Medicine-and-research-in-1200x800.jpg 1024w, https:\/\/www.kadans.com\/wp-content\/uploads\/Scientist-in-uniform-and-mask-holding-test-tubes-at-laboratory.-Medicine-and-research-in-1600x1067.jpg 1800w\" \t\t\t\t\t\t\t\t\t  \r\n\t\t\t\t\t  sizes=\"auto, (max-width: 700px) 650px, (max-width: 1200px) 1024px, 1800px\"  \t  \r\n\t\t\t\t\t  src=\"https:\/\/www.kadans.com\/wp-content\/uploads\/Scientist-in-uniform-and-mask-holding-test-tubes-at-laboratory.-Medicine-and-research-in-1600x1067.jpg\" \r\n\t\t\t\t\t  width=\"1024\"\r\n\t\t\t\t\t  height=\"683\"\t\t\t\t\t\t\t  \r\n\t\t\t\t\t  alt=\"\" \r\n\t\t\t\t\t\/>\r\n\t\t\t\t\t<img loading=\"lazy\" decoding=\"async\" class=\"image_2 object_fit\" \t\t\t\t\t\t\t  \r\n\t\t\t\t\t  srcset=\"https:\/\/www.kadans.com\/wp-content\/uploads\/James-Sheppard-2021-534x356-1.jpg 650w, https:\/\/www.kadans.com\/wp-content\/uploads\/James-Sheppard-2021-534x356-1.jpg 1024w, https:\/\/www.kadans.com\/wp-content\/uploads\/James-Sheppard-2021-534x356-1.jpg 1800w\" \t\t\t\t\t\t\t\t\t  \r\n\t\t\t\t\t  sizes=\"auto, (max-width: 700px) 650px, (max-width: 1200px) 1024px, 1800px\"  \t  \r\n\t\t\t\t\t  src=\"https:\/\/www.kadans.com\/wp-content\/uploads\/James-Sheppard-2021-534x356-1.jpg\" \r\n\t\t\t\t\t  width=\"534\"\r\n\t\t\t\t\t  height=\"356\"\t\t\t\t\t\t\t  \r\n\t\t\t\t\t  alt=\"James Sheppard is the International Head of Asset Management of Kadans Science Partner\" \r\n\t\t\t\t\t\/>\r\n\t\t\t\t<\/div>\r\n\t\t\t\t<div class=\"col-sm-12 col-md-1 col-lg-1 empty\">\r\n\t\t\t\t<\/div>\r\n\t\t\t\t<div class=\"col-sm-12 col-md-6 col-lg-5\">\r\n\t\t\t\t<h2>Lass uns wissen, was deine spezifischen Bed\u00fcrfnisse sind<\/h2>\t\t\r\n\r\n\t\t\t\t\t\t\t\t\t\t\t<p>Ein Reinraum, der zu Ihrem Prozess passt?<br \/>\nWir denken vom ersten Tag an mit Ihnen mit.<\/p>\n\t\t\t\t\t\r\n\t\t\t\t\t\t\t\t\t\t<div class=\"cta outline dark_blue\"><a href=\"https:\/\/www.kadans.com\/de\/kontakt\/\">Kontaktieren Sie uns<\/a>\n<\/div>\t\t\r\n\t\t\t\t<\/div>\r\n\t\t\t\t\r\n\t\t<\/div>\t\t\t\r\n\t<\/div>\r\n<\/section>\n\n\r\n<section id=\"full_width_image\" class=\"image_full desktop_yes mobile_yes \">\r\n\t\r\n\r\n<div class=\"col-sm-12 col-md-12 col-lg-12 parallax_banner\" \r\nstyle=\"background-image:url(https:\/\/www.kadans.com\/wp-content\/uploads\/Rectangle-550_2.png);\">\r\n<\/div>\r\n\r\n<\/section>","protected":false},"excerpt":{"rendered":"","protected":false},"author":8,"featured_media":4657,"parent":9264,"menu_order":0,"comment_status":"closed","ping_status":"closed","template":"","meta":{"_acf_changed":false,"inline_featured_image":false,"footnotes":""},"class_list":["post-10947","page","type-page","status-publish","has-post-thumbnail","hentry"],"acf":[],"yoast_head":"<!-- This site is optimized with the Yoast SEO plugin v27.3 - https:\/\/yoast.com\/product\/yoast-seo-wordpress\/ -->\n<title>Fortschrittliche Reinraum-Einrichtungen | Kadans DE<\/title>\n<meta name=\"description\" content=\"M\u00f6chten Sie professionelle Reinraum-Einrichtungen mieten? Kadans bietet fortschrittliche L\u00f6sungen f\u00fcr Wissenschaft und Hightech-Produktion.\" \/>\n<meta name=\"robots\" content=\"index, follow, max-snippet:-1, max-image-preview:large, max-video-preview:-1\" \/>\n<link rel=\"canonical\" href=\"https:\/\/www.kadans.com\/de\/specialised-assets\/cleanroom\/\" \/>\n<meta property=\"og:locale\" content=\"de_DE\" \/>\n<meta property=\"og:type\" content=\"article\" \/>\n<meta property=\"og:title\" content=\"Fortschrittliche Reinraum-Einrichtungen | Kadans DE\" \/>\n<meta property=\"og:description\" content=\"M\u00f6chten Sie professionelle Reinraum-Einrichtungen mieten? Kadans bietet fortschrittliche L\u00f6sungen f\u00fcr Wissenschaft und Hightech-Produktion.\" \/>\n<meta property=\"og:url\" content=\"https:\/\/www.kadans.com\/de\/specialised-assets\/cleanroom\/\" \/>\n<meta property=\"og:site_name\" content=\"Kadans Science Partner\" \/>\n<meta property=\"article:modified_time\" content=\"2025-09-30T12:41:15+00:00\" \/>\n<meta property=\"og:image\" content=\"https:\/\/www.kadans.com\/wp-content\/uploads\/Rectangle-550_2.png\" \/>\n\t<meta property=\"og:image:width\" content=\"1800\" \/>\n\t<meta property=\"og:image:height\" content=\"1000\" \/>\n\t<meta property=\"og:image:type\" content=\"image\/png\" \/>\n<meta name=\"twitter:card\" content=\"summary_large_image\" \/>\n<meta name=\"twitter:label1\" content=\"Gesch\u00e4tzte Lesezeit\" \/>\n\t<meta name=\"twitter:data1\" content=\"2\u00a0Minuten\" \/>\n<script type=\"application\/ld+json\" class=\"yoast-schema-graph\">{\"@context\":\"https:\\\/\\\/schema.org\",\"@graph\":[{\"@type\":\"WebPage\",\"@id\":\"https:\\\/\\\/www.kadans.com\\\/de\\\/specialised-assets\\\/cleanroom\\\/\",\"url\":\"https:\\\/\\\/www.kadans.com\\\/de\\\/specialised-assets\\\/cleanroom\\\/\",\"name\":\"Fortschrittliche Reinraum-Einrichtungen | Kadans DE\",\"isPartOf\":{\"@id\":\"https:\\\/\\\/www.kadans.com\\\/de\\\/#website\"},\"primaryImageOfPage\":{\"@id\":\"https:\\\/\\\/www.kadans.com\\\/de\\\/specialised-assets\\\/cleanroom\\\/#primaryimage\"},\"image\":{\"@id\":\"https:\\\/\\\/www.kadans.com\\\/de\\\/specialised-assets\\\/cleanroom\\\/#primaryimage\"},\"thumbnailUrl\":\"https:\\\/\\\/www.kadans.com\\\/wp-content\\\/uploads\\\/Rectangle-550_2.png\",\"datePublished\":\"2025-01-21T08:48:48+00:00\",\"dateModified\":\"2025-09-30T12:41:15+00:00\",\"description\":\"M\u00f6chten Sie professionelle Reinraum-Einrichtungen mieten? Kadans bietet fortschrittliche L\u00f6sungen f\u00fcr Wissenschaft und Hightech-Produktion.\",\"breadcrumb\":{\"@id\":\"https:\\\/\\\/www.kadans.com\\\/de\\\/specialised-assets\\\/cleanroom\\\/#breadcrumb\"},\"inLanguage\":\"de\",\"potentialAction\":[{\"@type\":\"ReadAction\",\"target\":[\"https:\\\/\\\/www.kadans.com\\\/de\\\/specialised-assets\\\/cleanroom\\\/\"]}]},{\"@type\":\"ImageObject\",\"inLanguage\":\"de\",\"@id\":\"https:\\\/\\\/www.kadans.com\\\/de\\\/specialised-assets\\\/cleanroom\\\/#primaryimage\",\"url\":\"https:\\\/\\\/www.kadans.com\\\/wp-content\\\/uploads\\\/Rectangle-550_2.png\",\"contentUrl\":\"https:\\\/\\\/www.kadans.com\\\/wp-content\\\/uploads\\\/Rectangle-550_2.png\",\"width\":1800,\"height\":1000,\"caption\":\"Moleculen image for Science\"},{\"@type\":\"BreadcrumbList\",\"@id\":\"https:\\\/\\\/www.kadans.com\\\/de\\\/specialised-assets\\\/cleanroom\\\/#breadcrumb\",\"itemListElement\":[{\"@type\":\"ListItem\",\"position\":1,\"name\":\"Home\",\"item\":\"https:\\\/\\\/www.kadans.com\\\/de\\\/\"},{\"@type\":\"ListItem\",\"position\":2,\"name\":\"Spezialimmobilien\",\"item\":\"https:\\\/\\\/www.kadans.com\\\/de\\\/spezialisierte-einrichtungen\\\/\"},{\"@type\":\"ListItem\",\"position\":3,\"name\":\"Reinraum\"}]},{\"@type\":\"WebSite\",\"@id\":\"https:\\\/\\\/www.kadans.com\\\/de\\\/#website\",\"url\":\"https:\\\/\\\/www.kadans.com\\\/de\\\/\",\"name\":\"Kadans Science Partner\",\"description\":\"\",\"potentialAction\":[{\"@type\":\"SearchAction\",\"target\":{\"@type\":\"EntryPoint\",\"urlTemplate\":\"https:\\\/\\\/www.kadans.com\\\/de\\\/?s={search_term_string}\"},\"query-input\":{\"@type\":\"PropertyValueSpecification\",\"valueRequired\":true,\"valueName\":\"search_term_string\"}}],\"inLanguage\":\"de\"}]}<\/script>\n<!-- \/ Yoast SEO plugin. -->","yoast_head_json":{"title":"Fortschrittliche Reinraum-Einrichtungen | Kadans DE","description":"M\u00f6chten Sie professionelle Reinraum-Einrichtungen mieten? Kadans bietet fortschrittliche L\u00f6sungen f\u00fcr Wissenschaft und Hightech-Produktion.","robots":{"index":"index","follow":"follow","max-snippet":"max-snippet:-1","max-image-preview":"max-image-preview:large","max-video-preview":"max-video-preview:-1"},"canonical":"https:\/\/www.kadans.com\/de\/specialised-assets\/cleanroom\/","og_locale":"de_DE","og_type":"article","og_title":"Fortschrittliche Reinraum-Einrichtungen | Kadans DE","og_description":"M\u00f6chten Sie professionelle Reinraum-Einrichtungen mieten? Kadans bietet fortschrittliche L\u00f6sungen f\u00fcr Wissenschaft und Hightech-Produktion.","og_url":"https:\/\/www.kadans.com\/de\/specialised-assets\/cleanroom\/","og_site_name":"Kadans Science Partner","article_modified_time":"2025-09-30T12:41:15+00:00","og_image":[{"width":1800,"height":1000,"url":"https:\/\/www.kadans.com\/wp-content\/uploads\/Rectangle-550_2.png","type":"image\/png"}],"twitter_card":"summary_large_image","twitter_misc":{"Gesch\u00e4tzte Lesezeit":"2\u00a0Minuten"},"schema":{"@context":"https:\/\/schema.org","@graph":[{"@type":"WebPage","@id":"https:\/\/www.kadans.com\/de\/specialised-assets\/cleanroom\/","url":"https:\/\/www.kadans.com\/de\/specialised-assets\/cleanroom\/","name":"Fortschrittliche Reinraum-Einrichtungen | Kadans DE","isPartOf":{"@id":"https:\/\/www.kadans.com\/de\/#website"},"primaryImageOfPage":{"@id":"https:\/\/www.kadans.com\/de\/specialised-assets\/cleanroom\/#primaryimage"},"image":{"@id":"https:\/\/www.kadans.com\/de\/specialised-assets\/cleanroom\/#primaryimage"},"thumbnailUrl":"https:\/\/www.kadans.com\/wp-content\/uploads\/Rectangle-550_2.png","datePublished":"2025-01-21T08:48:48+00:00","dateModified":"2025-09-30T12:41:15+00:00","description":"M\u00f6chten Sie professionelle Reinraum-Einrichtungen mieten? Kadans bietet fortschrittliche L\u00f6sungen f\u00fcr Wissenschaft und Hightech-Produktion.","breadcrumb":{"@id":"https:\/\/www.kadans.com\/de\/specialised-assets\/cleanroom\/#breadcrumb"},"inLanguage":"de","potentialAction":[{"@type":"ReadAction","target":["https:\/\/www.kadans.com\/de\/specialised-assets\/cleanroom\/"]}]},{"@type":"ImageObject","inLanguage":"de","@id":"https:\/\/www.kadans.com\/de\/specialised-assets\/cleanroom\/#primaryimage","url":"https:\/\/www.kadans.com\/wp-content\/uploads\/Rectangle-550_2.png","contentUrl":"https:\/\/www.kadans.com\/wp-content\/uploads\/Rectangle-550_2.png","width":1800,"height":1000,"caption":"Moleculen image for Science"},{"@type":"BreadcrumbList","@id":"https:\/\/www.kadans.com\/de\/specialised-assets\/cleanroom\/#breadcrumb","itemListElement":[{"@type":"ListItem","position":1,"name":"Home","item":"https:\/\/www.kadans.com\/de\/"},{"@type":"ListItem","position":2,"name":"Spezialimmobilien","item":"https:\/\/www.kadans.com\/de\/spezialisierte-einrichtungen\/"},{"@type":"ListItem","position":3,"name":"Reinraum"}]},{"@type":"WebSite","@id":"https:\/\/www.kadans.com\/de\/#website","url":"https:\/\/www.kadans.com\/de\/","name":"Kadans Science Partner","description":"","potentialAction":[{"@type":"SearchAction","target":{"@type":"EntryPoint","urlTemplate":"https:\/\/www.kadans.com\/de\/?s={search_term_string}"},"query-input":{"@type":"PropertyValueSpecification","valueRequired":true,"valueName":"search_term_string"}}],"inLanguage":"de"}]}},"_links":{"self":[{"href":"https:\/\/www.kadans.com\/de\/wp-json\/wp\/v2\/pages\/10947","targetHints":{"allow":["GET"]}}],"collection":[{"href":"https:\/\/www.kadans.com\/de\/wp-json\/wp\/v2\/pages"}],"about":[{"href":"https:\/\/www.kadans.com\/de\/wp-json\/wp\/v2\/types\/page"}],"author":[{"embeddable":true,"href":"https:\/\/www.kadans.com\/de\/wp-json\/wp\/v2\/users\/8"}],"replies":[{"embeddable":true,"href":"https:\/\/www.kadans.com\/de\/wp-json\/wp\/v2\/comments?post=10947"}],"version-history":[{"count":2,"href":"https:\/\/www.kadans.com\/de\/wp-json\/wp\/v2\/pages\/10947\/revisions"}],"predecessor-version":[{"id":17548,"href":"https:\/\/www.kadans.com\/de\/wp-json\/wp\/v2\/pages\/10947\/revisions\/17548"}],"up":[{"embeddable":true,"href":"https:\/\/www.kadans.com\/de\/wp-json\/wp\/v2\/pages\/9264"}],"wp:featuredmedia":[{"embeddable":true,"href":"https:\/\/www.kadans.com\/de\/wp-json\/wp\/v2\/media\/4657"}],"wp:attachment":[{"href":"https:\/\/www.kadans.com\/de\/wp-json\/wp\/v2\/media?parent=10947"}],"curies":[{"name":"wp","href":"https:\/\/api.w.org\/{rel}","templated":true}]}}