{"id":10961,"date":"2025-01-21T10:55:37","date_gmt":"2025-01-21T08:55:37","guid":{"rendered":"https:\/\/kadans.onest-dev.nl\/?page_id=10961"},"modified":"2025-09-30T14:40:51","modified_gmt":"2025-09-30T12:40:51","slug":"pilot-plant","status":"publish","type":"page","link":"https:\/\/www.kadans.com\/de\/specialised-assets\/pilot-plant\/","title":{"rendered":"Pilotanlage"},"content":{"rendered":"<section id=\"hero_1\" class=\"desktop_yes mobile_yes size_small \">\t\r\n\t\r\n\t<div class=\"background_wrap\">\r\n\r\n\t\t\t<img loading=\"lazy\" decoding=\"async\" class=\"object_fit\" \t\t\t\t\t\t\t  \r\n\t\t\t  srcset=\"https:\/\/www.kadans.com\/wp-content\/uploads\/Rectangle-550_2-650x361.png 650w, https:\/\/www.kadans.com\/wp-content\/uploads\/Rectangle-550_2-1200x667.png 1024w, https:\/\/www.kadans.com\/wp-content\/uploads\/Rectangle-550_2-1600x889.png 1800w\" \t\t\t\t\t\t\t\t\t  \r\n\t\t\t  sizes=\"auto, (max-width: 700px) 650px, (max-width: 1200px) 1024px, 1800px\"  \t  \r\n\t\t\t  src=\"https:\/\/www.kadans.com\/wp-content\/uploads\/Rectangle-550_2-1600x889.png\" \r\n\t\t\t  width=\"1024\"\r\n\t\t\t  height=\"569\"\t\t\t\t\t\t\t  \r\n\t\t\t  alt=\"Moleculen image for Science\" \r\n\t\t\t\/>\r\n\t\t\r\n\t\t\r\n\t<\/div>\r\n\t\r\n\t\r\n\t<div class=\"container\">\r\n\t\t<div class=\"row\">\r\n\t\t\t<div class=\"col-sm-12 col-md-12 col-lg-8 left_column\">\t\t\t\r\n\t\t\t\t<div class=\"outer\">\r\n\t\t\t\t\t<div class=\"inner\">\r\n\t\t\t\t\t\t\r\n\t\t\t\t\t\t<h1 class=\"subtitle\">Ma\u00dfgeschneiderte L\u00f6sungen f\u00fcr Pilotanlagen<\/h1>\t\t\t\t\t\t\r\n\t\t\t\t\t\t<h2>Auf der Suche nach einer ma\u00dfgeschneiderten Pilotanlage?<\/h2>\t\t\t\t\t\t\r\n\t\t\t\t\t\t\r\n\t\t\t\t\t\t<p>Kadans entwickelt fortschrittliche Pilotanlagen f\u00fcr Unternehmen, die ihre Innovationen skalieren m\u00f6chten. Unsere Pilotanlagen unterst\u00fctzen die Prozessentwicklung in Branchen wie Biotechnologie, Lebensmittel, Agrartechnologie und Cleantech. Vom Labor zur Produktion mit den richtigen R\u00e4umlichkeiten, Sicherheit und Unterst\u00fctzung<\/p>\n\t\t\t\t\t\t\r\n\t\t\t\t\t\t\t\t\t\t\t<\/div>\r\n\t\t\t\t<\/div>\t\t\t\t\t\t\r\n\t\t\t<\/div>\r\n\t\t<\/div>\r\n\t<\/div>\r\n\t\r\n\t\r\n<\/section>\r\n\r\n<script>\r\n\tjQuery(document).ready(function($){ \r\n\t\t\r\n\t\t$('body').addClass('has_hero');\r\n\t\t\r\n\t\t$(window).scroll(function(){\r\n\r\n\t\t\tvar curHeight = $('#hero_1').outerHeight();\r\n\t\t\t\r\n\t\t\tif ($(window).scrollTop() > curHeight) {\r\n\t\t\t\t$('#hero_1 .background_wrap').fadeOut(100);\r\n\t\t\t}\t\t\r\n\t\t\telse \r\n\t\t\t{\r\n\t\t\t\t$('#hero_1 .background_wrap').fadeIn(100);\r\n\t\t\t}\r\n\t\t});\r\n\t\t\r\n\t\tif($('#hero_1').nextAll('section:first').hasClass('cta_banner_3')){\r\n\t\t\tvar target = $('#hero_1').nextAll('section:first');\r\n\t\t\t\t$(target).addClass('minus_40');\r\n\t\t}\r\n\t\t\r\n\t});\r\n<\/script>\n\n\r\n<section class=\"whitespace desktop_yes mobile_yes big bg_white\">\r\n<\/section>\n\n\t\r\n<section class=\"text_2 desktop_yes mobile_yes elm_primary_400 \">\r\n\t<div class=\"container\">\r\n\t\t<div class=\"row\">\r\n\t\t\t<div class=\"col-sm-12 col-md-12 col-lg-6\">\r\n\t\t\t\t<h2>Pilotanlagen, die auf Ihre Innovation zugeschnitten sind<\/h2>\t\t\t\r\n\t\t\t<\/div>\r\n\t\t\t<div class=\"col-sm-12 col-md-12 col-lg-1 vert_line\">\r\n\t\t\t<\/div>\r\n\t\t<\/div>\r\n\t\t\r\n\t\t\r\n\t\t<div class=\"row\">\r\n\t\t\t<div class=\"col-sm-12 col-md-12 col-lg-6 left_column\">\r\n\t\t\t\t\t\t\t\t\t<div class=\"image_outer desktop\">\r\n\t\t\t\t\t\t<div class=\"image_wrap\">\t\r\n\t\t\t\t\t\t\t<img loading=\"lazy\" decoding=\"async\" class=\"object_fit\" \t\t\t\t\t\t\t  \r\n\t\t\t\t\t\t\t  srcset=\"https:\/\/www.kadans.com\/wp-content\/uploads\/Rotterdam-Science-Tower-laboratoria-en-kantoorruimte-te-huur-fit-out-650x366.jpg 650w, https:\/\/www.kadans.com\/wp-content\/uploads\/Rotterdam-Science-Tower-laboratoria-en-kantoorruimte-te-huur-fit-out-1200x675.jpg 1024w, https:\/\/www.kadans.com\/wp-content\/uploads\/Rotterdam-Science-Tower-laboratoria-en-kantoorruimte-te-huur-fit-out-1600x900.jpg 1800w\" \t\t\t\t\t\t\t\t\t  \r\n\t\t\t\t\t\t\t  sizes=\"auto, (max-width: 700px) 650px, (max-width: 1200px) 1024px, 1800px\"  \t  \r\n\t\t\t\t\t\t\t  src=\"https:\/\/www.kadans.com\/wp-content\/uploads\/Rotterdam-Science-Tower-laboratoria-en-kantoorruimte-te-huur-fit-out-1600x900.jpg\" \r\n\t\t\t\t\t\t\t  width=\"1024\"\r\n\t\t\t\t\t\t\t  height=\"576\"\t\t\t\t\t\t\t  \r\n\t\t\t\t\t\t\t  alt=\"\" \r\n\t\t\t\t\t\t\t\/>\r\n\t\t\t\t\t\t<\/div>\r\n\t\t\t\t\t<\/div>\t\t\t\t\t\r\n\t\t\t\t\t\t\t\r\n\t\t\t<\/div>\r\n\t\t\t<div class=\"col-sm-12 col-md-12 col-lg-1 vert_line\">\r\n\t\t\t<\/div>\t\t\t\r\n\t\t\t<div class=\"col-sm-12 col-md-12 col-lg-5 right_column\">\r\n\t\t\t\t<h3>Entdecke Pilotanlagen, die speziell auf deine einzigartigen Bed\u00fcrfnisse zugeschnitten sind<\/h3>\r\n\t\t\t\t<p>Bei Kadans erhalten Sie mehr als nur ein Geb\u00e4ude. Wir wissen, dass die richtige Infrastruktur f\u00fcr die erfolgreiche Kommerzialisierung Ihres Unternehmens entscheidend ist. Eine Pilotanlage ist dabei ein wichtiger Zwischenschritt, und wir wissen, wie wichtig diese Phase ist.<\/p>\n<p>Wir haben bereits Pilotanlagen f\u00fcr Unternehmen aus verschiedenen Branchen entwickelt, darunter Zell- und Gentherapie, Agrartechnologie, Lebensmitteltechnologie und Cleantech. Unsere Anlagen erf\u00fcllen die h\u00f6chsten Anforderungen in Bezug auf Sicherheit, Effizienz und Flexibilit\u00e4t.<\/p>\n<p>Jede Pilotanlage wird durch Nebenr\u00e4ume wie Lagerr\u00e4ume, Umkleider\u00e4ume, Warenannahme und -ausgabe, Abfallentsorgung und Versandanlagen erg\u00e4nzt.<\/p>\n\t\t\t\t\r\n\t\t\t\t\r\n\t\t\t\t\t\t\t\t\t<div class=\"image_outer mobile\">\r\n\t\t\t\t\t\t<div class=\"image_wrap\">\t\r\n\t\t\t\t\t\t\t<img loading=\"lazy\" decoding=\"async\" class=\"object_fit\" \t\t\t\t\t\t\t  \r\n\t\t\t\t\t\t\t  srcset=\"https:\/\/www.kadans.com\/wp-content\/uploads\/Rotterdam-Science-Tower-laboratoria-en-kantoorruimte-te-huur-fit-out-650x366.jpg 650w, https:\/\/www.kadans.com\/wp-content\/uploads\/Rotterdam-Science-Tower-laboratoria-en-kantoorruimte-te-huur-fit-out-1200x675.jpg 1024w, https:\/\/www.kadans.com\/wp-content\/uploads\/Rotterdam-Science-Tower-laboratoria-en-kantoorruimte-te-huur-fit-out-1600x900.jpg 1800w\" \t\t\t\t\t\t\t\t\t  \r\n\t\t\t\t\t\t\t  sizes=\"auto, (max-width: 700px) 650px, (max-width: 1200px) 1024px, 1800px\"  \t  \r\n\t\t\t\t\t\t\t  src=\"https:\/\/www.kadans.com\/wp-content\/uploads\/Rotterdam-Science-Tower-laboratoria-en-kantoorruimte-te-huur-fit-out-1600x900.jpg\" \r\n\t\t\t\t\t\t\t  width=\"1024\"\r\n\t\t\t\t\t\t\t  height=\"576\"\t\t\t\t\t\t\t  \r\n\t\t\t\t\t\t\t  alt=\"\" \r\n\t\t\t\t\t\t\t\/>\r\n\t\t\t\t\t\t<\/div>\r\n\t\t\t\t\t<\/div>\t\t\t\t\t\r\n\t\t\t\t\t\t\t\t\r\n\t\t\t\t\r\n\t\t\t\t\r\n\t\t\t<\/div>\t\t\t\r\n\t\t<\/div>\r\n\t<\/div>\r\n<\/section>\n\n\r\n<section class=\"whitespace desktop_yes mobile_yes big bg_white\">\r\n<\/section>\n\n\t\r\n\r\n<section class=\"text_foto desktop_yes mobile_yes elm_primary_400 \">\r\n\t<div class=\"container\">\r\n\t\t<div class=\"row\">\t\t\r\n\t\t\t\t\r\n\t\t\r\n\t<div class=\"col-sm-12 col-md-1 col-lg-1 vert_line\">\r\n\t<\/div>\r\n\t\r\n\t<div class=\"col-sm-12 col-md-5 col-lg-5 text_col\">\r\n\t\t<div class=\"inner\">\r\n\t\t\t<h2>Vom Labor zur Praxis: Beschleunigung Ihrer Innovation<\/h2>\t\t\t\r\n\t\t\t<p>Eine Pilotanlage bietet Ihnen die M\u00f6glichkeit, Ihre Laborforschung auf eine realistischere Produktionsumgebung zu \u00fcbertragen. Hier k\u00f6nnen Sie Prozesse optimieren, unter Praxisbedingungen testen und Engp\u00e4sse rechtzeitig erkennen. Dies beschleunigt nicht nur die Entwicklung Ihrer Technologie, sondern erh\u00f6ht auch die Chancen f\u00fcr eine erfolgreiche Markteinf\u00fchrung.<\/p>\n<p>Dar\u00fcber hinaus ist die Arbeit in einer Pilotanlage oft attraktiv f\u00fcr Investoren: Sie zeigen, dass Ihre Innovation technisch realisierbar und bereit f\u00fcr die n\u00e4chste Phase ist.<\/p>\n\t\t\t\r\n\t\t\t\t\t\t\r\n\t\t\t\t\t\t\t\t\t\r\n\t\t<\/div>\r\n\t<\/div>\r\n\r\n\t<div class=\"col-sm-12 col-md-1 col-lg-1 middle_col\">\r\n\t<\/div>\r\n\r\n\t<div class=\"col-sm-12 col-md-5 col-lg-5 photo photo_col right\">\r\n\t\t<div class=\"inner\">\r\n\t\t\t<img loading=\"lazy\" decoding=\"async\" class=\"object_fit\" \t\t\t\t\t\t\t  \r\n\t\t\t\t  srcset=\"https:\/\/www.kadans.com\/wp-content\/uploads\/Man-with-machine-arm-1-650x420.jpg 650w, https:\/\/www.kadans.com\/wp-content\/uploads\/Man-with-machine-arm-1-1200x776.jpg 1024w, https:\/\/www.kadans.com\/wp-content\/uploads\/Man-with-machine-arm-1.jpg 1800w\" \t\t\t\t\t\t\t\t\t  \r\n\t\t\t\t  sizes=\"auto, (max-width: 700px) 650px, (max-width: 1200px) 1024px, 1800px\"  \t  \r\n\t\t\t\t  src=\"https:\/\/www.kadans.com\/wp-content\/uploads\/Man-with-machine-arm-1.jpg\" \r\n\t\t\t\t  width=\"1024\"\r\n\t\t\t\t  height=\"662\"\t\t\t\t\t\t\t  \r\n\t\t\t\t  alt=\"\" \r\n\t\t\t\t\/>\r\n\t\t<\/div>\t\r\n\t<\/div>\r\n\t\t<\/div>\r\n\t<\/div>\r\n<\/section>\n\n\r\n<section class=\"whitespace desktop_yes mobile_yes big bg_white\">\r\n<\/section>\n\n\t\r\n\r\n<section id=\"cta_banner\" class=\"cta_banner_2 desktop_yes mobile_yes  bg_primary_50\">\r\n\t<div class=\"container\">\r\n\t\t<div class=\"row\">\r\n\t\t\t\t<div class=\"col-sm-12 col-md-5 col-lg-6\">\r\n\t\t\t\t\t\t<img loading=\"lazy\" decoding=\"async\" class=\"object_fit\" \t\t\t\t\t\t\t  \r\n\t\t\t\t\t  srcset=\"https:\/\/www.kadans.com\/wp-content\/uploads\/Scientist-in-uniform-and-mask-holding-test-tubes-at-laboratory.-Medicine-and-research-in-650x433.jpg 650w, https:\/\/www.kadans.com\/wp-content\/uploads\/Scientist-in-uniform-and-mask-holding-test-tubes-at-laboratory.-Medicine-and-research-in-1200x800.jpg 1024w, https:\/\/www.kadans.com\/wp-content\/uploads\/Scientist-in-uniform-and-mask-holding-test-tubes-at-laboratory.-Medicine-and-research-in-1600x1067.jpg 1800w\" \t\t\t\t\t\t\t\t\t  \r\n\t\t\t\t\t  sizes=\"auto, (max-width: 700px) 650px, (max-width: 1200px) 1024px, 1800px\"  \t  \r\n\t\t\t\t\t  src=\"https:\/\/www.kadans.com\/wp-content\/uploads\/Scientist-in-uniform-and-mask-holding-test-tubes-at-laboratory.-Medicine-and-research-in-1600x1067.jpg\" \r\n\t\t\t\t\t  width=\"1024\"\r\n\t\t\t\t\t  height=\"683\"\t\t\t\t\t\t\t  \r\n\t\t\t\t\t  alt=\"\" \r\n\t\t\t\t\t\/>\r\n\t\t\t\t\t<img loading=\"lazy\" decoding=\"async\" class=\"image_2 object_fit\" \t\t\t\t\t\t\t  \r\n\t\t\t\t\t  srcset=\"https:\/\/www.kadans.com\/wp-content\/uploads\/James-Sheppard-2021-534x356-1.jpg 650w, https:\/\/www.kadans.com\/wp-content\/uploads\/James-Sheppard-2021-534x356-1.jpg 1024w, https:\/\/www.kadans.com\/wp-content\/uploads\/James-Sheppard-2021-534x356-1.jpg 1800w\" \t\t\t\t\t\t\t\t\t  \r\n\t\t\t\t\t  sizes=\"auto, (max-width: 700px) 650px, (max-width: 1200px) 1024px, 1800px\"  \t  \r\n\t\t\t\t\t  src=\"https:\/\/www.kadans.com\/wp-content\/uploads\/James-Sheppard-2021-534x356-1.jpg\" \r\n\t\t\t\t\t  width=\"534\"\r\n\t\t\t\t\t  height=\"356\"\t\t\t\t\t\t\t  \r\n\t\t\t\t\t  alt=\"James Sheppard is the International Head of Asset Management of Kadans Science Partner\" \r\n\t\t\t\t\t\/>\r\n\t\t\t\t<\/div>\r\n\t\t\t\t<div class=\"col-sm-12 col-md-1 col-lg-1 empty\">\r\n\t\t\t\t<\/div>\r\n\t\t\t\t<div class=\"col-sm-12 col-md-6 col-lg-5\">\r\n\t\t\t\t<h2>Lass uns wissen, was deine spezifischen Bed\u00fcrfnisse sind<\/h2>\t\t\r\n\r\n\t\t\t\t\t\t\t\t\t\t\t<p>Bist du bereit, deine ideale Forschungsumgebung zu finden?<\/p>\n\t\t\t\t\t\r\n\t\t\t\t\t\t\t\t\t\t<div class=\"cta outline dark_blue\"><a href=\"https:\/\/www.kadans.com\/de\/kontakt\/\">Kontaktieren Sie uns<\/a>\n<\/div>\t\t\r\n\t\t\t\t<\/div>\r\n\t\t\t\t\r\n\t\t<\/div>\t\t\t\r\n\t<\/div>\r\n<\/section>\n\n\r\n<section id=\"full_width_image\" class=\"image_full desktop_yes mobile_yes \">\r\n\t\r\n\r\n<div class=\"col-sm-12 col-md-12 col-lg-12 parallax_banner\" \r\nstyle=\"background-image:url(https:\/\/www.kadans.com\/wp-content\/uploads\/Rectangle-550_2.png);\">\r\n<\/div>\r\n\r\n<\/section>","protected":false},"excerpt":{"rendered":"","protected":false},"author":8,"featured_media":4657,"parent":9264,"menu_order":0,"comment_status":"closed","ping_status":"closed","template":"","meta":{"_acf_changed":false,"inline_featured_image":false,"footnotes":""},"class_list":["post-10961","page","type-page","status-publish","has-post-thumbnail","hentry"],"acf":[],"yoast_head":"<!-- This site is optimized with the Yoast SEO plugin v27.3 - https:\/\/yoast.com\/product\/yoast-seo-wordpress\/ -->\n<title>Pilotanlagen f\u00fcr Wissenschaft &amp; Scale-up | Kadans DE<\/title>\n<meta name=\"description\" content=\"Pilotanlagen bei Kadans: perfekte Umgebung f\u00fcr Prototyping, Tests und die fr\u00fche Phase der Produktionsentwicklung.\" \/>\n<meta name=\"robots\" content=\"index, follow, max-snippet:-1, max-image-preview:large, max-video-preview:-1\" \/>\n<link rel=\"canonical\" href=\"https:\/\/www.kadans.com\/de\/specialised-assets\/pilot-plant\/\" \/>\n<meta property=\"og:locale\" content=\"de_DE\" \/>\n<meta property=\"og:type\" content=\"article\" \/>\n<meta property=\"og:title\" content=\"Pilotanlagen f\u00fcr Wissenschaft &amp; Scale-up | Kadans DE\" \/>\n<meta property=\"og:description\" content=\"Pilotanlagen bei Kadans: perfekte Umgebung f\u00fcr Prototyping, Tests und die fr\u00fche Phase der Produktionsentwicklung.\" \/>\n<meta property=\"og:url\" content=\"https:\/\/www.kadans.com\/de\/specialised-assets\/pilot-plant\/\" \/>\n<meta property=\"og:site_name\" content=\"Kadans Science Partner\" \/>\n<meta property=\"article:modified_time\" content=\"2025-09-30T12:40:51+00:00\" \/>\n<meta property=\"og:image\" content=\"https:\/\/www.kadans.com\/wp-content\/uploads\/Rectangle-550_2.png\" \/>\n\t<meta property=\"og:image:width\" content=\"1800\" \/>\n\t<meta property=\"og:image:height\" content=\"1000\" \/>\n\t<meta property=\"og:image:type\" content=\"image\/png\" \/>\n<meta name=\"twitter:card\" content=\"summary_large_image\" \/>\n<meta name=\"twitter:label1\" content=\"Gesch\u00e4tzte Lesezeit\" \/>\n\t<meta name=\"twitter:data1\" content=\"2\u00a0Minuten\" \/>\n<script type=\"application\/ld+json\" class=\"yoast-schema-graph\">{\"@context\":\"https:\\\/\\\/schema.org\",\"@graph\":[{\"@type\":\"WebPage\",\"@id\":\"https:\\\/\\\/www.kadans.com\\\/de\\\/specialised-assets\\\/pilot-plant\\\/\",\"url\":\"https:\\\/\\\/www.kadans.com\\\/de\\\/specialised-assets\\\/pilot-plant\\\/\",\"name\":\"Pilotanlagen f\u00fcr Wissenschaft & Scale-up | Kadans DE\",\"isPartOf\":{\"@id\":\"https:\\\/\\\/www.kadans.com\\\/de\\\/#website\"},\"primaryImageOfPage\":{\"@id\":\"https:\\\/\\\/www.kadans.com\\\/de\\\/specialised-assets\\\/pilot-plant\\\/#primaryimage\"},\"image\":{\"@id\":\"https:\\\/\\\/www.kadans.com\\\/de\\\/specialised-assets\\\/pilot-plant\\\/#primaryimage\"},\"thumbnailUrl\":\"https:\\\/\\\/www.kadans.com\\\/wp-content\\\/uploads\\\/Rectangle-550_2.png\",\"datePublished\":\"2025-01-21T08:55:37+00:00\",\"dateModified\":\"2025-09-30T12:40:51+00:00\",\"description\":\"Pilotanlagen bei Kadans: perfekte Umgebung f\u00fcr Prototyping, Tests und die fr\u00fche Phase der Produktionsentwicklung.\",\"breadcrumb\":{\"@id\":\"https:\\\/\\\/www.kadans.com\\\/de\\\/specialised-assets\\\/pilot-plant\\\/#breadcrumb\"},\"inLanguage\":\"de\",\"potentialAction\":[{\"@type\":\"ReadAction\",\"target\":[\"https:\\\/\\\/www.kadans.com\\\/de\\\/specialised-assets\\\/pilot-plant\\\/\"]}]},{\"@type\":\"ImageObject\",\"inLanguage\":\"de\",\"@id\":\"https:\\\/\\\/www.kadans.com\\\/de\\\/specialised-assets\\\/pilot-plant\\\/#primaryimage\",\"url\":\"https:\\\/\\\/www.kadans.com\\\/wp-content\\\/uploads\\\/Rectangle-550_2.png\",\"contentUrl\":\"https:\\\/\\\/www.kadans.com\\\/wp-content\\\/uploads\\\/Rectangle-550_2.png\",\"width\":1800,\"height\":1000,\"caption\":\"Moleculen image for Science\"},{\"@type\":\"BreadcrumbList\",\"@id\":\"https:\\\/\\\/www.kadans.com\\\/de\\\/specialised-assets\\\/pilot-plant\\\/#breadcrumb\",\"itemListElement\":[{\"@type\":\"ListItem\",\"position\":1,\"name\":\"Home\",\"item\":\"https:\\\/\\\/www.kadans.com\\\/de\\\/\"},{\"@type\":\"ListItem\",\"position\":2,\"name\":\"Spezialimmobilien\",\"item\":\"https:\\\/\\\/www.kadans.com\\\/de\\\/spezialisierte-einrichtungen\\\/\"},{\"@type\":\"ListItem\",\"position\":3,\"name\":\"Pilotanlage\"}]},{\"@type\":\"WebSite\",\"@id\":\"https:\\\/\\\/www.kadans.com\\\/de\\\/#website\",\"url\":\"https:\\\/\\\/www.kadans.com\\\/de\\\/\",\"name\":\"Kadans Science Partner\",\"description\":\"\",\"potentialAction\":[{\"@type\":\"SearchAction\",\"target\":{\"@type\":\"EntryPoint\",\"urlTemplate\":\"https:\\\/\\\/www.kadans.com\\\/de\\\/?s={search_term_string}\"},\"query-input\":{\"@type\":\"PropertyValueSpecification\",\"valueRequired\":true,\"valueName\":\"search_term_string\"}}],\"inLanguage\":\"de\"}]}<\/script>\n<!-- \/ Yoast SEO plugin. -->","yoast_head_json":{"title":"Pilotanlagen f\u00fcr Wissenschaft & Scale-up | Kadans DE","description":"Pilotanlagen bei Kadans: perfekte Umgebung f\u00fcr Prototyping, Tests und die fr\u00fche Phase der Produktionsentwicklung.","robots":{"index":"index","follow":"follow","max-snippet":"max-snippet:-1","max-image-preview":"max-image-preview:large","max-video-preview":"max-video-preview:-1"},"canonical":"https:\/\/www.kadans.com\/de\/specialised-assets\/pilot-plant\/","og_locale":"de_DE","og_type":"article","og_title":"Pilotanlagen f\u00fcr Wissenschaft & Scale-up | Kadans DE","og_description":"Pilotanlagen bei Kadans: perfekte Umgebung f\u00fcr Prototyping, Tests und die fr\u00fche Phase der Produktionsentwicklung.","og_url":"https:\/\/www.kadans.com\/de\/specialised-assets\/pilot-plant\/","og_site_name":"Kadans Science Partner","article_modified_time":"2025-09-30T12:40:51+00:00","og_image":[{"width":1800,"height":1000,"url":"https:\/\/www.kadans.com\/wp-content\/uploads\/Rectangle-550_2.png","type":"image\/png"}],"twitter_card":"summary_large_image","twitter_misc":{"Gesch\u00e4tzte Lesezeit":"2\u00a0Minuten"},"schema":{"@context":"https:\/\/schema.org","@graph":[{"@type":"WebPage","@id":"https:\/\/www.kadans.com\/de\/specialised-assets\/pilot-plant\/","url":"https:\/\/www.kadans.com\/de\/specialised-assets\/pilot-plant\/","name":"Pilotanlagen f\u00fcr Wissenschaft & Scale-up | Kadans DE","isPartOf":{"@id":"https:\/\/www.kadans.com\/de\/#website"},"primaryImageOfPage":{"@id":"https:\/\/www.kadans.com\/de\/specialised-assets\/pilot-plant\/#primaryimage"},"image":{"@id":"https:\/\/www.kadans.com\/de\/specialised-assets\/pilot-plant\/#primaryimage"},"thumbnailUrl":"https:\/\/www.kadans.com\/wp-content\/uploads\/Rectangle-550_2.png","datePublished":"2025-01-21T08:55:37+00:00","dateModified":"2025-09-30T12:40:51+00:00","description":"Pilotanlagen bei Kadans: perfekte Umgebung f\u00fcr Prototyping, Tests und die fr\u00fche Phase der Produktionsentwicklung.","breadcrumb":{"@id":"https:\/\/www.kadans.com\/de\/specialised-assets\/pilot-plant\/#breadcrumb"},"inLanguage":"de","potentialAction":[{"@type":"ReadAction","target":["https:\/\/www.kadans.com\/de\/specialised-assets\/pilot-plant\/"]}]},{"@type":"ImageObject","inLanguage":"de","@id":"https:\/\/www.kadans.com\/de\/specialised-assets\/pilot-plant\/#primaryimage","url":"https:\/\/www.kadans.com\/wp-content\/uploads\/Rectangle-550_2.png","contentUrl":"https:\/\/www.kadans.com\/wp-content\/uploads\/Rectangle-550_2.png","width":1800,"height":1000,"caption":"Moleculen image for Science"},{"@type":"BreadcrumbList","@id":"https:\/\/www.kadans.com\/de\/specialised-assets\/pilot-plant\/#breadcrumb","itemListElement":[{"@type":"ListItem","position":1,"name":"Home","item":"https:\/\/www.kadans.com\/de\/"},{"@type":"ListItem","position":2,"name":"Spezialimmobilien","item":"https:\/\/www.kadans.com\/de\/spezialisierte-einrichtungen\/"},{"@type":"ListItem","position":3,"name":"Pilotanlage"}]},{"@type":"WebSite","@id":"https:\/\/www.kadans.com\/de\/#website","url":"https:\/\/www.kadans.com\/de\/","name":"Kadans Science Partner","description":"","potentialAction":[{"@type":"SearchAction","target":{"@type":"EntryPoint","urlTemplate":"https:\/\/www.kadans.com\/de\/?s={search_term_string}"},"query-input":{"@type":"PropertyValueSpecification","valueRequired":true,"valueName":"search_term_string"}}],"inLanguage":"de"}]}},"_links":{"self":[{"href":"https:\/\/www.kadans.com\/de\/wp-json\/wp\/v2\/pages\/10961","targetHints":{"allow":["GET"]}}],"collection":[{"href":"https:\/\/www.kadans.com\/de\/wp-json\/wp\/v2\/pages"}],"about":[{"href":"https:\/\/www.kadans.com\/de\/wp-json\/wp\/v2\/types\/page"}],"author":[{"embeddable":true,"href":"https:\/\/www.kadans.com\/de\/wp-json\/wp\/v2\/users\/8"}],"replies":[{"embeddable":true,"href":"https:\/\/www.kadans.com\/de\/wp-json\/wp\/v2\/comments?post=10961"}],"version-history":[{"count":2,"href":"https:\/\/www.kadans.com\/de\/wp-json\/wp\/v2\/pages\/10961\/revisions"}],"predecessor-version":[{"id":17513,"href":"https:\/\/www.kadans.com\/de\/wp-json\/wp\/v2\/pages\/10961\/revisions\/17513"}],"up":[{"embeddable":true,"href":"https:\/\/www.kadans.com\/de\/wp-json\/wp\/v2\/pages\/9264"}],"wp:featuredmedia":[{"embeddable":true,"href":"https:\/\/www.kadans.com\/de\/wp-json\/wp\/v2\/media\/4657"}],"wp:attachment":[{"href":"https:\/\/www.kadans.com\/de\/wp-json\/wp\/v2\/media?parent=10961"}],"curies":[{"name":"wp","href":"https:\/\/api.w.org\/{rel}","templated":true}]}}