{"id":9235,"date":"2024-12-06T11:34:39","date_gmt":"2024-12-06T09:34:39","guid":{"rendered":"https:\/\/kadans.onest-dev.nl\/about-kadans\/"},"modified":"2026-03-10T17:07:20","modified_gmt":"2026-03-10T15:07:20","slug":"uber-kadans","status":"publish","type":"page","link":"https:\/\/www.kadans.com\/de\/uber-kadans\/","title":{"rendered":"Uber Kadans"},"content":{"rendered":"<section id=\"hero_1\" class=\"desktop_yes mobile_yes size_big \">\t\r\n\t\r\n\t<div class=\"background_wrap\">\r\n\r\n\t\t\r\n\t\t\t\t\t<video muted autoplay loop poster=\"https:\/\/www.kadans.com\/wp-content\/uploads\/Molecules-scaled.jpg\" preload=\"auto\" src=\"https:\/\/www.kadans.com\/wp-content\/uploads\/BANNER-KADANS-2025-h264.mov\" playsinline=\"\"><\/video>\t\t\t\r\n\t\t\t\r\n\t\t\r\n\t<\/div>\r\n\t\r\n\t\r\n\t<div class=\"container\">\r\n\t\t<div class=\"row\">\r\n\t\t\t<div class=\"col-sm-12 col-md-12 col-lg-8 left_column\">\t\t\t\r\n\t\t\t\t<div class=\"outer\">\r\n\t\t\t\t\t<div class=\"inner\">\r\n\t\t\t\t\t\t\r\n\t\t\t\t\t\t<h1 class=\"subtitle\">\u00dcber Kadans Science Partner<\/h1>\t\t\t\t\t\t\r\n\t\t\t\t\t\t<h2>\u00dcber 20 Jahre Erfahrung in der Unterst\u00fctzung der Wissenschaft<\/h2>\t\t\t\t\t\t\r\n\t\t\t\t\t\t\r\n\t\t\t\t\t\t\t\t\t\t\t\t\r\n\t\t\t\t\t\t\t\t\t\t\t<\/div>\r\n\t\t\t\t<\/div>\t\t\t\t\t\t\r\n\t\t\t<\/div>\r\n\t\t<\/div>\r\n\t<\/div>\r\n\t\r\n\t\r\n<\/section>\r\n\r\n<script>\r\n\tjQuery(document).ready(function($){ \r\n\t\t\r\n\t\t$('body').addClass('has_hero');\r\n\t\t\r\n\t\t$(window).scroll(function(){\r\n\r\n\t\t\tvar curHeight = $('#hero_1').outerHeight();\r\n\t\t\t\r\n\t\t\tif ($(window).scrollTop() > curHeight) {\r\n\t\t\t\t$('#hero_1 .background_wrap').fadeOut(100);\r\n\t\t\t}\t\t\r\n\t\t\telse \r\n\t\t\t{\r\n\t\t\t\t$('#hero_1 .background_wrap').fadeIn(100);\r\n\t\t\t}\r\n\t\t});\r\n\t\t\r\n\t\tif($('#hero_1').nextAll('section:first').hasClass('cta_banner_3')){\r\n\t\t\tvar target = $('#hero_1').nextAll('section:first');\r\n\t\t\t\t$(target).addClass('minus_40');\r\n\t\t}\r\n\t\t\r\n\t});\r\n<\/script>\n\n\r\n<section class=\"whitespace desktop_yes mobile_yes middle bg_white\">\r\n<\/section>\n\n\t\r\n\r\n<section class=\"text_foto desktop_yes mobile_yes elm_primary_400 \">\r\n\t<div class=\"container\">\r\n\t\t<div class=\"row\">\t\t\r\n\t\t\t\t\r\n\t\t\r\n\t<div class=\"col-sm-12 col-md-1 col-lg-1 vert_line\">\r\n\t<\/div>\r\n\t\r\n\t<div class=\"col-sm-12 col-md-5 col-lg-5 text_col\">\r\n\t\t<div class=\"inner\">\r\n\t\t\t<h2>Als Partner in der Wissenschaft konzentrieren wir uns darauf, Menschen zusammenzubringen, um globale Herausforderungen zu bew\u00e4ltigen<\/h2>\t\t\t\r\n\t\t\t<p>Kadans Science Partner konzentriert sich darauf, Menschen zusammenzubringen, um globale Herausforderungen zu bew\u00e4ltigen. In ganz Europa haben wir ein Netzwerk f\u00fchrender Forscher, Unternehmer, Partner und Innovatoren aufgebaut, die in den Bereichen Life Sciences &amp; Health, Agri &amp; Food, Energie &amp; Chemie und High Tech Systeme &amp; Materialien t\u00e4tig sind. Alle sind entschlossen, L\u00f6sungen f\u00fcr die globalen Herausforderungen zu finden, denen wir heute gegen\u00fcberstehen. Alle sind entschlossen, einen Unterschied zu machen.<\/p>\n<p>Daher investieren, entwickeln und betreiben wir spezialisierte Einrichtungen, um Wissenschaftscluster in ganz Europa zu erg\u00e4nzen. Dies sind keine Standardarbeitspl\u00e4tze. Wir schaffen Umgebungen, in denen wissenschaftliche Organisationen gedeihen k\u00f6nnen. Ma\u00dfgeschneiderte Forschungseinrichtungen, die auf Ihre Bed\u00fcrfnisse zugeschnitten sind und zuk\u00fcnftiges Wachstum unterst\u00fctzen.<\/p>\n<p>In jedem Geb\u00e4ude und im weiteren Wissenschaftscluster finden Sie Organisationen aller Gr\u00f6\u00dfen, die Ihnen helfen k\u00f6nnen, zu skalieren oder Sie nach Bedarf zu unterst\u00fctzen. Ob Sie Zugang zu Talenten, Forschung oder Kapital ben\u00f6tigen, Sie werden Verbindungen zu den richtigen Personen in der richtigen Organisation finden.<\/p>\n\t\t\t\r\n\t\t\t\t\t\t\r\n\t\t\t\t\t\t\t\t\t\r\n\t\t<\/div>\r\n\t<\/div>\r\n\r\n\t<div class=\"col-sm-12 col-md-1 col-lg-1 middle_col\">\r\n\t<\/div>\r\n\r\n\t<div class=\"col-sm-12 col-md-5 col-lg-5 photo photo_col right\">\r\n\t\t<div class=\"inner\">\r\n\t\t\t<img loading=\"lazy\" decoding=\"async\" class=\"object_fit\" \t\t\t\t\t\t\t  \r\n\t\t\t\t  srcset=\"https:\/\/www.kadans.com\/wp-content\/uploads\/Schermafbeelding-2024-12-17-om-14.54.53-e1734443770393.png 650w, https:\/\/www.kadans.com\/wp-content\/uploads\/Schermafbeelding-2024-12-17-om-14.54.53-e1734443770393.png 1024w, https:\/\/www.kadans.com\/wp-content\/uploads\/Schermafbeelding-2024-12-17-om-14.54.53-e1734443770393.png 1800w\" \t\t\t\t\t\t\t\t\t  \r\n\t\t\t\t  sizes=\"auto, (max-width: 700px) 650px, (max-width: 1200px) 1024px, 1800px\"  \t  \r\n\t\t\t\t  src=\"https:\/\/www.kadans.com\/wp-content\/uploads\/Schermafbeelding-2024-12-17-om-14.54.53-e1734443770393.png\" \r\n\t\t\t\t  width=\"645\"\r\n\t\t\t\t  height=\"330\"\t\t\t\t\t\t\t  \r\n\t\t\t\t  alt=\"\" \r\n\t\t\t\t\/>\r\n\t\t<\/div>\t\r\n\t<\/div>\r\n\t\t<\/div>\r\n\t<\/div>\r\n<\/section>\n\n\r\n<section class=\"whitespace desktop_yes mobile_yes big bg_white\">\r\n<\/section>\n\n<section id=\"video_block\" class=\"text_video\">\r\n\t<div class=\"container\">\t\t\r\n\t\t<div class=\"row\">\t\r\n\t\t\t<div class=\"col-sm-12 col-md-12 col-lg-1 empty\">\r\n\t\t\t<\/div>\r\n\t\t\t<div class=\"col-sm-12 col-md-12 col-lg-10\">\r\n\t\t\t\t<div class=\"subheading\">\r\n\t\t\t\t\t\t\t\t<\/div>\r\n\t\t\t\t\t\t\t\t\t\t\r\n\t\t\t\r\n\t\t\t\t\t\r\n\t\t\t\t\t\t\t\t\r\n\t\t\t<\/div>\r\n\t\t\t<div class=\"col-sm-12 col-md-12 col-lg-1 empty\">\r\n\t\t\t<\/div>\r\n\t\t<\/div>\r\n\t\t<div class=\"row\">\t\r\n\t\t\t<div class=\"col-sm-12 col-md-12 col-lg-12\">\r\n\r\n\t\t\t\t<div class=\"video\">\r\n\t\t\t\t\t<iframe loading=\"lazy\" width=\"1120\" height=\"630\" src=\"https:\/\/www.youtube.com\/embed\/zsxI4dtIv7k?si=hcpYtfc8QKfmfLfG\" title=\"YouTube video player\" frameborder=\"0\" allow=\"accelerometer; autoplay; clipboard-write; encrypted-media; gyroscope; picture-in-picture; web-share\" referrerpolicy=\"strict-origin-when-cross-origin\" allowfullscreen><\/iframe>\t\t\t\t<\/div>\r\n\t\t\t\r\n\t\t\t<\/div>\r\n\r\n\t\t<\/div>\r\n\t<\/div>\r\n<\/section>\t\n\n\r\n<section class=\"whitespace desktop_yes mobile_yes big bg_white\">\r\n<\/section>\n\n\t\r\n<section id=\"text_foto_2\" class=\"text_foto text_foto_2 desktop_yes mobile_yes \">\r\n\t<div class=\"container\">\r\n\t\t<div class=\"row no-gutters\">\t\t\r\n\t\t\t\r\n\t\t\t<div class=\"col-sm-12 col-md-5 col-lg-5 photo photo_col left\">\r\n\t\t\t\t<div class=\"inner\">\r\n\t\t\t\t\t\r\n\t\t\t\t\t<img loading=\"lazy\" decoding=\"async\" class=\"object_fit\" \t\t\t\t\t\t\t  \r\n\t\t\t\t\t\t  srcset=\"https:\/\/www.kadans.com\/wp-content\/uploads\/One-North-Quay-lab-650x366.png 650w, https:\/\/www.kadans.com\/wp-content\/uploads\/One-North-Quay-lab-1200x675.png 1024w, https:\/\/www.kadans.com\/wp-content\/uploads\/One-North-Quay-lab-1600x900.png 1800w\" \t\t\t\t\t\t\t\t\t  \r\n\t\t\t\t\t\t  sizes=\"auto, (max-width: 700px) 650px, (max-width: 1200px) 1024px, 1800px\"  \t  \r\n\t\t\t\t\t\t  src=\"https:\/\/www.kadans.com\/wp-content\/uploads\/One-North-Quay-lab-1600x900.png\" \r\n\t\t\t\t\t\t  width=\"1024\"\r\n\t\t\t\t\t\t  height=\"576\"\t\t\t\t\t\t\t  \r\n\t\t\t\t\t\t  alt=\"One North Quay lab\" \r\n\t\t\t\t\t\t\/>\r\n\t\t\t\t\t\t\r\n\t\t\t\t<\/div>\t\r\n\t\t\t<\/div>\r\n\r\n\t\t\t<div class=\"col-sm-12 col-md-7 col-lg-7 text_col\">\r\n\t\t\t\t<div class=\"inner\">\r\n\t\t\t\t\t\r\n\t\t\t\t\t\r\n\t\t\t\t\t\t\t\t\t\t\r\n\t\t\t\t\t\r\n\t\t\t\t\t\r\n\t\t\t\t\t\r\n\t\t\t\t\t<h2>\u00dcber 20 Jahre Erfahrung in modernen Labor- und Arbeitsr\u00e4umen<\/h2>\t\t\t\t\t\r\n\t\t\t\t\t<p>Gegr\u00fcndet in den 1990er Jahren, hat sich Kadans der Bereitstellung ma\u00dfgeschneiderter Arbeitsr\u00e4ume verschrieben. Unsere Reise begann 2009 mit der \u00dcbernahme des BioPartner Center Wageningen, einer Initiative, die 2000 gegr\u00fcndet wurde, um die Grundlagenforschung auf dem Campus der Wageningen University &amp; Research zu f\u00f6rdern. Diese \u00dcbernahme markierte unser erstes Mehrmietergeb\u00e4ude f\u00fcr Start-ups, Scale-ups und F&amp;E-Teams von Unternehmen.<\/p>\n<p>Seitdem hat sich Kadans erheblich erweitert und bietet eine viel breitere Palette an wissensintensiven Immobilienl\u00f6sungen an. Im Jahr 2010 wurde der Name Kadans Science Partner offiziell eingef\u00fchrt, um unseren weiterentwickelten Fokus auf die F\u00f6rderung von Innovationen durch Immobilieninvestitionen in den Niederlanden zu verk\u00f6rpern. Heute agiert Kadans als internationaler Marktf\u00fchrer im Bereich wissenschafts- und innovationsorientierter Immobilien mit einer Pr\u00e4senz im Vereinigten K\u00f6nigreich, Deutschland, Belgien, Frankreich und Spanien. Wir betreuen stolz \u00fcber 500 Kunden in mehr als 30 Wissenschaftsclustern in sechs L\u00e4ndern.<\/p>\n<p>Unterst\u00fctzt von AXA IM \u2013 Real Assets seit 2020 w\u00e4chst unser Netzwerk weiter, da wir mehr Standorte entwickeln und mehr Wissenschaftscluster in ganz Europa unterst\u00fctzen. Unser marktf\u00fchrender Ansatz spiegelt das Ziel von Kadans wider, in Zukunft das europ\u00e4ische HUB f\u00fcr alle Akteure im Life Sciences-Sektor zu werden.<\/p>\n\t\t\t\t\t\r\n\t\t\t\t\t\t\t\t\t\t\r\n\t\t\t\t\t\t\t\t\t\t\t\r\n\t\t\t\t<\/div>\t\t\t\t\r\n\t\t\t<\/div>\r\n\r\n\t\t\t\t<div id=\"circle_container\">\t\t\t\t\t\r\n\t\t\t\t\t<div id=\"circle_wrap\">\t\t\t\t\t\t\r\n\t\t\t\t\t\t<div class=\"above\">\r\n\t\t\t\t\t\t\t\t\t\t\t\t\t\r\n\t\t\t\t\t\t\t<div class=\"circle\" id=\"circle_1\">\r\n\t\t\t\t\t\t\t\t<div class=\"inner_circle\">\r\n\t\t\t\t\t\t\t\t\t\t\t\t\t\t\t\t\t\t\t<div class=\"circle_title\">\r\n\t\t\t\t\t\t\t\t\t\t\t30+ Clusters\t\t\t\t\t\t\t\t\t\t<\/div>\r\n\t\t\t\t\t\t\t\t\t\t\t\t\t\t\t\t\t\t\t\t\t\t\t\t\t\t\t\t<div class=\"circle_text\">\r\n\t\t\t\t\t\t\t\t\t\t\tUnterst\u00fctzung von Wissenschaftsclustern in ganz Europa\t\t\t\t\t\t\t\t\t\t<\/div>\r\n\t\t\t\t\t\t\t\t\t\t\t\t\t\t\t\t\t\r\n\t\t\t\t\t\t\t\t\r\n\t\t\t\t\t\t\t\t<\/div>\r\n\t\t\t\t\t\t\t<\/div>\t\t\t\t\t\t\r\n\t\t\t\t\t\t\t\t\t\t\t\t\t\t\r\n\t\t\t\t\t\t\t\t\t\t\t\t\t\r\n\t\t\t\t\t\t\t<div class=\"circle\" id=\"circle_3\">\r\n\t\t\t\t\t\t\t\t<div class=\"inner_circle\">\r\n\t\t\t\t\t\t\t\t\t\t\t\t\t\t\t\t\t\t\t<div class=\"circle_title\">\r\n\t\t\t\t\t\t\t\t\t\t\t500+ Kunden\t\t\t\t\t\t\t\t\t\t<\/div>\r\n\t\t\t\t\t\t\t\t\t\t\t\t\t\t\t\t\t\t\t\t\t\t\t\t\t\t\t\t<div class=\"circle_text\">\r\n\t\t\t\t\t\t\t\t\t\t\tMenschen verbinden, um gemeinsame Ziele zu erreichen\t\t\t\t\t\t\t\t\t\t<\/div>\r\n\t\t\t\t\t\t\t\t\t\t\t\t\t\t\t\t\t\r\n\t\t\t\t\t\t\t\t\r\n\t\t\t\t\t\t\t\t<\/div>\r\n\t\t\t\t\t\t\t<\/div>\t\t\t\t\t\t\r\n\t\t\t\t\t\t\t\t\t\t\t\t\t\t\r\n\t\t\t\t\t\t<\/div>\r\n\t\t\t\t\t\t<div class=\"below\">\r\n\t\t\t\t\t\t\t\t\t\t\t\t\t\r\n\t\t\t\t\t\t\t<div class=\"circle\" id=\"circle_2\">\r\n\t\t\t\t\t\t\t\t<div class=\"inner_circle\">\r\n\t\t\t\t\t\t\t\t\t\t\t\t\t\t\t\t\t\t\t<div class=\"circle_title\">\r\n\t\t\t\t\t\t\t\t\t\t\t70+ Geb\u00e4ude\t\t\t\t\t\t\t\t\t\t<\/div>\r\n\t\t\t\t\t\t\t\t\t\t\t\t\t\t\t\t\t\t\t\t\t\t\t\t\t\t\t\t<div class=\"circle_text\">\r\n\t\t\t\t\t\t\t\t\t\t\tAngebot ma\u00dfgeschneiderter Forschungseinrichtungen und flexibler B\u00fcro-L\u00f6sungen\t\t\t\t\t\t\t\t\t\t<\/div>\r\n\t\t\t\t\t\t\t\t\t\t\t\t\t\t\t\t\t\r\n\t\t\t\t\t\t\t\t\r\n\t\t\t\t\t\t\t\t<\/div>\r\n\t\t\t\t\t\t\t<\/div>\t\t\t\t\t\t\r\n\t\t\t\t\t\t\t\t\t\t\t\t\t<\/div>\r\n\t\t\t\t\t<\/div>\r\n\t\t\t\t<\/div>\r\n\r\n\t\t\t\r\n\t\t\r\n\t\t<\/div>\r\n\t<\/div>\r\n<\/section>\r\n\r\n<script>\r\n\tjQuery(document).ready(function($){\r\n\t\t$('#circle_1').on('click', function(){\r\n\t\t\tif(!$(this).hasClass('active')){\r\n\t\t\t\t$('#circle_2, #circle_3').removeClass('active');\r\n\t\t\t\t$('#circle_wrap').addClass('active');\r\n\t\t\t\t\r\n\t\t\t\t$(this).addClass('active');\r\n\t\t\t\t\r\n\t\t\t}\r\n\t\t\telse \r\n\t\t\t{\r\n\t\t\t\t$(this).removeClass('active');\r\n\t\t\t\t$('#circle_wrap').removeClass('active');\r\n\t\t\t}\r\n\t\t});\r\n\t\t\r\n\t\t$('#circle_2').on('click', function(){\r\n\t\t\tif(!$(this).hasClass('active')){\r\n\t\t\t\t$('#circle_1, #circle_3').removeClass('active');\r\n\t\t\t\t$('#circle_wrap').addClass('active');\t\t\t\t\r\n\t\t\t\t$(this).addClass('active');\r\n\t\t\t}\r\n\t\t\telse \r\n\t\t\t{\r\n\t\t\t\t$(this).removeClass('active');\r\n\t\t\t\t$('#circle_wrap').removeClass('active');\r\n\t\t\t}\r\n\t\t});\r\n\r\n\t\t$('#circle_3').on('click', function(){\r\n\t\t\tif(!$(this).hasClass('active')){\r\n\t\t\t\t$('#circle_1, #circle_2').removeClass('active');\r\n\t\t\t\t$('#circle_wrap').addClass('active');\t\t\t\t\r\n\t\t\t\t$(this).addClass('active');\r\n\t\t\t}\r\n\t\t\telse \r\n\t\t\t{\r\n\t\t\t\t$(this).removeClass('active');\r\n\t\t\t\t$('#circle_wrap').removeClass('active');\r\n\t\t\t}\r\n\t\t});\r\n\t\t\r\n\t\t$(document).mouseup(function(e) {\r\n\t\t\tvar container = $('#circle_1, #circle_2, #circle_3');\r\n\r\n\t\t\t\/\/ if the target of the click isn't the container nor a descendant of the container\r\n\t\t\tif (!container.is(e.target) && container.has(e.target).length === 0) \r\n\t\t\t{\r\n\t\t\t\t$('#circle_1, #circle_2, #circle_3, #circle_wrap').removeClass('active');\r\n\t\t\t}\r\n\t\t});\r\n\t\t\r\n\t});\r\n<\/script>\n\n\r\n<section class=\"whitespace desktop_yes mobile_yes big bg_white\">\r\n<\/section>\n\n\r\n<section class=\"whitespace desktop_yes mobile_yes big bg_white\">\r\n<\/section>\n\n<section id=\"cta_banner_1\" class=\"text cta_banner_1 desktop_yes mobile_yes \">\r\n\t<div class=\"container\">\r\n\t\t<div class=\"row\">\r\n\t\t\t<div class=\"col-sm-12 col-md-1 col-lg-2 empty\">\r\n\t\t\t<\/div>\r\n\t\t\t<div class=\"col-sm-12 col-md-10 col-lg-8\">\r\n\r\n\t\t\t\t<div class=\"subheading\">\r\n\t\t\t\t<h3>Handlungsaufforderung zur Kontaktaufnahme<\/h3>\t\t\t\t<\/div>\r\n\t\t\t\t<h2>Science Clusters offer access to countless of opportunities. <\/h2>\t\t\t\t<p>Kontaktieren us, um mehr zu erfahren<\/p>\n\t\t\t\t\r\n\t\t\t\t<div class=\"cta outline dark_blue\"><a href=\"https:\/\/www.kadans.com\/de\/kontakt\/\">Kontaktieren Sie uns jetzt<\/a>\n<\/div>\t\t\t\t\r\n\t\t\t<\/div>\r\n\t\t\t<div class=\"col-sm-12 col-md-1 col-lg-2 empty\">\r\n\t\t\t\t<\/div>\r\n\t\t<\/div>\r\n\t<\/div>\r\n<\/section>\n\n\r\n<section class=\"whitespace desktop_yes mobile_yes big bg_white\">\r\n<\/section>\n\n\r\n<section id=\"full_width_image\" class=\"image_full desktop_yes mobile_yes \">\r\n\t\r\n\r\n<div class=\"col-sm-12 col-md-12 col-lg-12 parallax_banner\" \r\nstyle=\"background-image:url(https:\/\/www.kadans.com\/wp-content\/uploads\/Rectangle-550_2.png);\">\r\n<\/div>\r\n\r\n<\/section>","protected":false},"excerpt":{"rendered":"","protected":false},"author":3,"featured_media":11002,"parent":0,"menu_order":0,"comment_status":"closed","ping_status":"closed","template":"","meta":{"_acf_changed":false,"inline_featured_image":false,"footnotes":""},"class_list":["post-9235","page","type-page","status-publish","has-post-thumbnail","hentry"],"acf":[],"yoast_head":"<!-- This site is optimized with the Yoast SEO plugin v27.3 - https:\/\/yoast.com\/product\/yoast-seo-wordpress\/ -->\n<title>\u00dcber Kadans: R\u00e4ume f\u00fcr Wissenschaft &amp; Innovation<\/title>\n<meta name=\"description\" content=\"Kadans schafft ma\u00dfgeschneiderte Arbeitsr\u00e4ume und vernetzt Innovatoren in den Bereichen Life Sciences, Agrar- und Ern\u00e4hrungswirtschaft sowie Hightech.\" \/>\n<meta name=\"robots\" content=\"index, follow, max-snippet:-1, max-image-preview:large, max-video-preview:-1\" \/>\n<link rel=\"canonical\" href=\"https:\/\/www.kadans.com\/de\/uber-kadans\/\" \/>\n<meta property=\"og:locale\" content=\"de_DE\" \/>\n<meta property=\"og:type\" content=\"article\" \/>\n<meta property=\"og:title\" content=\"\u00dcber Kadans: R\u00e4ume f\u00fcr Wissenschaft &amp; Innovation\" \/>\n<meta property=\"og:description\" content=\"Kadans schafft ma\u00dfgeschneiderte Arbeitsr\u00e4ume und vernetzt Innovatoren in den Bereichen Life Sciences, Agrar- und Ern\u00e4hrungswirtschaft sowie Hightech.\" \/>\n<meta property=\"og:url\" content=\"https:\/\/www.kadans.com\/de\/uber-kadans\/\" \/>\n<meta property=\"og:site_name\" content=\"Kadans Science Partner\" \/>\n<meta property=\"article:modified_time\" content=\"2026-03-10T15:07:20+00:00\" \/>\n<meta property=\"og:image\" content=\"https:\/\/www.kadans.com\/wp-content\/uploads\/Molecules-scaled.jpg\" \/>\n\t<meta property=\"og:image:width\" content=\"2560\" \/>\n\t<meta property=\"og:image:height\" content=\"2560\" \/>\n\t<meta property=\"og:image:type\" content=\"image\/jpeg\" \/>\n<meta name=\"twitter:card\" content=\"summary_large_image\" \/>\n<meta name=\"twitter:label1\" content=\"Gesch\u00e4tzte Lesezeit\" \/>\n\t<meta name=\"twitter:data1\" content=\"3\u00a0Minuten\" \/>\n<script type=\"application\/ld+json\" class=\"yoast-schema-graph\">{\"@context\":\"https:\\\/\\\/schema.org\",\"@graph\":[{\"@type\":[\"WebPage\",\"AboutPage\"],\"@id\":\"https:\\\/\\\/www.kadans.com\\\/de\\\/uber-kadans\\\/\",\"url\":\"https:\\\/\\\/www.kadans.com\\\/de\\\/uber-kadans\\\/\",\"name\":\"\u00dcber Kadans: R\u00e4ume f\u00fcr Wissenschaft & Innovation\",\"isPartOf\":{\"@id\":\"https:\\\/\\\/www.kadans.com\\\/de\\\/#website\"},\"primaryImageOfPage\":{\"@id\":\"https:\\\/\\\/www.kadans.com\\\/de\\\/uber-kadans\\\/#primaryimage\"},\"image\":{\"@id\":\"https:\\\/\\\/www.kadans.com\\\/de\\\/uber-kadans\\\/#primaryimage\"},\"thumbnailUrl\":\"https:\\\/\\\/www.kadans.com\\\/wp-content\\\/uploads\\\/Molecules-scaled.jpg\",\"datePublished\":\"2024-12-06T09:34:39+00:00\",\"dateModified\":\"2026-03-10T15:07:20+00:00\",\"description\":\"Kadans schafft ma\u00dfgeschneiderte Arbeitsr\u00e4ume und vernetzt Innovatoren in den Bereichen Life Sciences, Agrar- und Ern\u00e4hrungswirtschaft sowie Hightech.\",\"breadcrumb\":{\"@id\":\"https:\\\/\\\/www.kadans.com\\\/de\\\/uber-kadans\\\/#breadcrumb\"},\"inLanguage\":\"de\",\"potentialAction\":[{\"@type\":\"ReadAction\",\"target\":[\"https:\\\/\\\/www.kadans.com\\\/de\\\/uber-kadans\\\/\"]}]},{\"@type\":\"ImageObject\",\"inLanguage\":\"de\",\"@id\":\"https:\\\/\\\/www.kadans.com\\\/de\\\/uber-kadans\\\/#primaryimage\",\"url\":\"https:\\\/\\\/www.kadans.com\\\/wp-content\\\/uploads\\\/Molecules-scaled.jpg\",\"contentUrl\":\"https:\\\/\\\/www.kadans.com\\\/wp-content\\\/uploads\\\/Molecules-scaled.jpg\",\"width\":2560,\"height\":2560},{\"@type\":\"BreadcrumbList\",\"@id\":\"https:\\\/\\\/www.kadans.com\\\/de\\\/uber-kadans\\\/#breadcrumb\",\"itemListElement\":[{\"@type\":\"ListItem\",\"position\":1,\"name\":\"Home\",\"item\":\"https:\\\/\\\/www.kadans.com\\\/de\\\/\"},{\"@type\":\"ListItem\",\"position\":2,\"name\":\"Uber Kadans\"}]},{\"@type\":\"WebSite\",\"@id\":\"https:\\\/\\\/www.kadans.com\\\/de\\\/#website\",\"url\":\"https:\\\/\\\/www.kadans.com\\\/de\\\/\",\"name\":\"Kadans Science Partner\",\"description\":\"\",\"potentialAction\":[{\"@type\":\"SearchAction\",\"target\":{\"@type\":\"EntryPoint\",\"urlTemplate\":\"https:\\\/\\\/www.kadans.com\\\/de\\\/?s={search_term_string}\"},\"query-input\":{\"@type\":\"PropertyValueSpecification\",\"valueRequired\":true,\"valueName\":\"search_term_string\"}}],\"inLanguage\":\"de\"}]}<\/script>\n<!-- \/ Yoast SEO plugin. -->","yoast_head_json":{"title":"\u00dcber Kadans: R\u00e4ume f\u00fcr Wissenschaft & Innovation","description":"Kadans schafft ma\u00dfgeschneiderte Arbeitsr\u00e4ume und vernetzt Innovatoren in den Bereichen Life Sciences, Agrar- und Ern\u00e4hrungswirtschaft sowie Hightech.","robots":{"index":"index","follow":"follow","max-snippet":"max-snippet:-1","max-image-preview":"max-image-preview:large","max-video-preview":"max-video-preview:-1"},"canonical":"https:\/\/www.kadans.com\/de\/uber-kadans\/","og_locale":"de_DE","og_type":"article","og_title":"\u00dcber Kadans: R\u00e4ume f\u00fcr Wissenschaft & Innovation","og_description":"Kadans schafft ma\u00dfgeschneiderte Arbeitsr\u00e4ume und vernetzt Innovatoren in den Bereichen Life Sciences, Agrar- und Ern\u00e4hrungswirtschaft sowie Hightech.","og_url":"https:\/\/www.kadans.com\/de\/uber-kadans\/","og_site_name":"Kadans Science Partner","article_modified_time":"2026-03-10T15:07:20+00:00","og_image":[{"width":2560,"height":2560,"url":"https:\/\/www.kadans.com\/wp-content\/uploads\/Molecules-scaled.jpg","type":"image\/jpeg"}],"twitter_card":"summary_large_image","twitter_misc":{"Gesch\u00e4tzte Lesezeit":"3\u00a0Minuten"},"schema":{"@context":"https:\/\/schema.org","@graph":[{"@type":["WebPage","AboutPage"],"@id":"https:\/\/www.kadans.com\/de\/uber-kadans\/","url":"https:\/\/www.kadans.com\/de\/uber-kadans\/","name":"\u00dcber Kadans: R\u00e4ume f\u00fcr Wissenschaft & Innovation","isPartOf":{"@id":"https:\/\/www.kadans.com\/de\/#website"},"primaryImageOfPage":{"@id":"https:\/\/www.kadans.com\/de\/uber-kadans\/#primaryimage"},"image":{"@id":"https:\/\/www.kadans.com\/de\/uber-kadans\/#primaryimage"},"thumbnailUrl":"https:\/\/www.kadans.com\/wp-content\/uploads\/Molecules-scaled.jpg","datePublished":"2024-12-06T09:34:39+00:00","dateModified":"2026-03-10T15:07:20+00:00","description":"Kadans schafft ma\u00dfgeschneiderte Arbeitsr\u00e4ume und vernetzt Innovatoren in den Bereichen Life Sciences, Agrar- und Ern\u00e4hrungswirtschaft sowie Hightech.","breadcrumb":{"@id":"https:\/\/www.kadans.com\/de\/uber-kadans\/#breadcrumb"},"inLanguage":"de","potentialAction":[{"@type":"ReadAction","target":["https:\/\/www.kadans.com\/de\/uber-kadans\/"]}]},{"@type":"ImageObject","inLanguage":"de","@id":"https:\/\/www.kadans.com\/de\/uber-kadans\/#primaryimage","url":"https:\/\/www.kadans.com\/wp-content\/uploads\/Molecules-scaled.jpg","contentUrl":"https:\/\/www.kadans.com\/wp-content\/uploads\/Molecules-scaled.jpg","width":2560,"height":2560},{"@type":"BreadcrumbList","@id":"https:\/\/www.kadans.com\/de\/uber-kadans\/#breadcrumb","itemListElement":[{"@type":"ListItem","position":1,"name":"Home","item":"https:\/\/www.kadans.com\/de\/"},{"@type":"ListItem","position":2,"name":"Uber Kadans"}]},{"@type":"WebSite","@id":"https:\/\/www.kadans.com\/de\/#website","url":"https:\/\/www.kadans.com\/de\/","name":"Kadans Science Partner","description":"","potentialAction":[{"@type":"SearchAction","target":{"@type":"EntryPoint","urlTemplate":"https:\/\/www.kadans.com\/de\/?s={search_term_string}"},"query-input":{"@type":"PropertyValueSpecification","valueRequired":true,"valueName":"search_term_string"}}],"inLanguage":"de"}]}},"_links":{"self":[{"href":"https:\/\/www.kadans.com\/de\/wp-json\/wp\/v2\/pages\/9235","targetHints":{"allow":["GET"]}}],"collection":[{"href":"https:\/\/www.kadans.com\/de\/wp-json\/wp\/v2\/pages"}],"about":[{"href":"https:\/\/www.kadans.com\/de\/wp-json\/wp\/v2\/types\/page"}],"author":[{"embeddable":true,"href":"https:\/\/www.kadans.com\/de\/wp-json\/wp\/v2\/users\/3"}],"replies":[{"embeddable":true,"href":"https:\/\/www.kadans.com\/de\/wp-json\/wp\/v2\/comments?post=9235"}],"version-history":[{"count":6,"href":"https:\/\/www.kadans.com\/de\/wp-json\/wp\/v2\/pages\/9235\/revisions"}],"predecessor-version":[{"id":22432,"href":"https:\/\/www.kadans.com\/de\/wp-json\/wp\/v2\/pages\/9235\/revisions\/22432"}],"wp:featuredmedia":[{"embeddable":true,"href":"https:\/\/www.kadans.com\/de\/wp-json\/wp\/v2\/media\/11002"}],"wp:attachment":[{"href":"https:\/\/www.kadans.com\/de\/wp-json\/wp\/v2\/media?parent=9235"}],"curies":[{"name":"wp","href":"https:\/\/api.w.org\/{rel}","templated":true}]}}