{"id":10948,"date":"2025-01-21T10:48:48","date_gmt":"2025-01-21T08:48:48","guid":{"rendered":"https:\/\/kadans.onest-dev.nl\/?page_id=10948"},"modified":"2026-02-10T19:34:20","modified_gmt":"2026-02-10T17:34:20","slug":"cleanroom","status":"publish","type":"page","link":"https:\/\/www.kadans.com\/es\/instalaciones-especializadas\/cleanroom\/","title":{"rendered":"Sala limpia"},"content":{"rendered":"<section id=\"hero_1\" class=\"desktop_yes mobile_yes size_small \">\t\r\n\t\r\n\t<div class=\"background_wrap\">\r\n\r\n\t\t\t<img loading=\"lazy\" decoding=\"async\" class=\"object_fit\" \t\t\t\t\t\t\t  \r\n\t\t\t  srcset=\"https:\/\/www.kadans.com\/wp-content\/uploads\/Rectangle-550_2-650x361.png 650w, https:\/\/www.kadans.com\/wp-content\/uploads\/Rectangle-550_2-1200x667.png 1024w, https:\/\/www.kadans.com\/wp-content\/uploads\/Rectangle-550_2-1600x889.png 1800w\" \t\t\t\t\t\t\t\t\t  \r\n\t\t\t  sizes=\"auto, (max-width: 700px) 650px, (max-width: 1200px) 1024px, 1800px\"  \t  \r\n\t\t\t  src=\"https:\/\/www.kadans.com\/wp-content\/uploads\/Rectangle-550_2-1600x889.png\" \r\n\t\t\t  width=\"1024\"\r\n\t\t\t  height=\"569\"\t\t\t\t\t\t\t  \r\n\t\t\t  alt=\"Moleculen image for Science\" \r\n\t\t\t\/>\r\n\t\t\r\n\t\t\r\n\t<\/div>\r\n\t\r\n\t\r\n\t<div class=\"container\">\r\n\t\t<div class=\"row\">\r\n\t\t\t<div class=\"col-sm-12 col-md-12 col-lg-8 left_column\">\t\t\t\r\n\t\t\t\t<div class=\"outer\">\r\n\t\t\t\t\t<div class=\"inner\">\r\n\t\t\t\t\t\t\r\n\t\t\t\t\t\t<h1 class=\"subtitle\">Instalaciones de sala limpia a medida<\/h1>\t\t\t\t\t\t\r\n\t\t\t\t\t\t<h2>Espacios de trabajo adaptados a tus necesidades<\/h2>\t\t\t\t\t\t\r\n\t\t\t\t\t\t\r\n\t\t\t\t\t\t<p>Para las empresas e investigadores de sectores como el farmac\u00e9utico, el biotecnol\u00f3gico, el microelectr\u00f3nico y el de la seguridad alimentaria, una sala blanca suele ser indispensable. Sin embargo, la creaci\u00f3n de un espacio de este tipo dista mucho de ser algo est\u00e1ndar. Cada aplicaci\u00f3n plantea requisitos diferentes en cuanto a la calidad del aire, la temperatura, la elecci\u00f3n de los materiales y la distribuci\u00f3n. Por ello, Kadans desarrolla salas blancas que se adaptan completamente a las necesidades del usuario, desde el concepto inicial hasta la entrega llave en mano.<\/p>\n\t\t\t\t\t\t\r\n\t\t\t\t\t\t\t\t\t\t\t<\/div>\r\n\t\t\t\t<\/div>\t\t\t\t\t\t\r\n\t\t\t<\/div>\r\n\t\t<\/div>\r\n\t<\/div>\r\n\t\r\n\t\r\n<\/section>\r\n\r\n<script>\r\n\tjQuery(document).ready(function($){ \r\n\t\t\r\n\t\t$('body').addClass('has_hero');\r\n\t\t\r\n\t\t$(window).scroll(function(){\r\n\r\n\t\t\tvar curHeight = $('#hero_1').outerHeight();\r\n\t\t\t\r\n\t\t\tif ($(window).scrollTop() > curHeight) {\r\n\t\t\t\t$('#hero_1 .background_wrap').fadeOut(100);\r\n\t\t\t}\t\t\r\n\t\t\telse \r\n\t\t\t{\r\n\t\t\t\t$('#hero_1 .background_wrap').fadeIn(100);\r\n\t\t\t}\r\n\t\t});\r\n\t\t\r\n\t\tif($('#hero_1').nextAll('section:first').hasClass('cta_banner_3')){\r\n\t\t\tvar target = $('#hero_1').nextAll('section:first');\r\n\t\t\t\t$(target).addClass('minus_40');\r\n\t\t}\r\n\t\t\r\n\t});\r\n<\/script>\n\n\r\n<section class=\"whitespace desktop_yes mobile_yes big bg_white\">\r\n<\/section>\n\n\t\r\n<section class=\"text_2 desktop_yes mobile_yes elm_primary_400 \">\r\n\t<div class=\"container\">\r\n\t\t<div class=\"row\">\r\n\t\t\t<div class=\"col-sm-12 col-md-12 col-lg-6\">\r\n\t\t\t\t<h2>Espacios de trabajo adaptados a tus necesidades<\/h2>\t\t\t\r\n\t\t\t<\/div>\r\n\t\t\t<div class=\"col-sm-12 col-md-12 col-lg-1 vert_line\">\r\n\t\t\t<\/div>\r\n\t\t<\/div>\r\n\t\t\r\n\t\t\r\n\t\t<div class=\"row\">\r\n\t\t\t<div class=\"col-sm-12 col-md-12 col-lg-6 left_column\">\r\n\t\t\t\t\t\t\t\t\t<div class=\"image_outer desktop\">\r\n\t\t\t\t\t\t<div class=\"image_wrap\">\t\r\n\t\t\t\t\t\t\t<img loading=\"lazy\" decoding=\"async\" class=\"object_fit\" \t\t\t\t\t\t\t  \r\n\t\t\t\t\t\t\t  srcset=\"https:\/\/www.kadans.com\/wp-content\/uploads\/Clean-energy-storage-solution-1-650x975.jpg 650w, https:\/\/www.kadans.com\/wp-content\/uploads\/Clean-energy-storage-solution-1-e1734442487766.jpg 1024w, https:\/\/www.kadans.com\/wp-content\/uploads\/Clean-energy-storage-solution-1-e1734442487766.jpg 1800w\" \t\t\t\t\t\t\t\t\t  \r\n\t\t\t\t\t\t\t  sizes=\"auto, (max-width: 700px) 650px, (max-width: 1200px) 1024px, 1800px\"  \t  \r\n\t\t\t\t\t\t\t  src=\"https:\/\/www.kadans.com\/wp-content\/uploads\/Clean-energy-storage-solution-1-e1734442487766.jpg\" \r\n\t\t\t\t\t\t\t  width=\"683\"\r\n\t\t\t\t\t\t\t  height=\"1024\"\t\t\t\t\t\t\t  \r\n\t\t\t\t\t\t\t  alt=\"Clean energy storage solution\" \r\n\t\t\t\t\t\t\t\/>\r\n\t\t\t\t\t\t<\/div>\r\n\t\t\t\t\t<\/div>\t\t\t\t\t\r\n\t\t\t\t\t\t\t\r\n\t\t\t<\/div>\r\n\t\t\t<div class=\"col-sm-12 col-md-12 col-lg-1 vert_line\">\r\n\t\t\t<\/div>\t\t\t\r\n\t\t\t<div class=\"col-sm-12 col-md-12 col-lg-5 right_column\">\r\n\t\t\t\t<h3>Una sala limpia adaptada a tus necesidades<\/h3>\r\n\t\t\t\t<p>Descubra salas blancas totalmente adaptadas a sus necesidades espec\u00edficas. En Kadans ofrecemos mucho m\u00e1s que un simple edificio. Entendemos que necesita una sala blanca que sea inmediatamente apta para convertirse en un entorno de trabajo productivo y seguro.<\/p>\n<p>Kadans ha construido salas blancas para empresas que operan en sectores como los semiconductores, la tecnolog\u00eda m\u00e9dica, la biotecnolog\u00eda y otras \u00e1reas de investigaci\u00f3n. Tenemos experiencia en el desarrollo de salas blancas de clase ISO 9 a clase ISO 5. Adem\u00e1s, contamos con una amplia experiencia en la entrega de salas blancas que cumplen con las normas GMP.<\/p>\n<p>Nuestros equipos t\u00e9cnicos internos ofrecen un proceso completo de dise\u00f1o y realizaci\u00f3n, para que usted pueda centrarse en el crecimiento de su organizaci\u00f3n.<\/p>\n<p>Kadans suministra salas blancas que cumplen con los m\u00e1s altos requisitos de calidad y seguridad. Esto incluye todas las instalaciones de apoyo, como almacenes, vestuarios, recepci\u00f3n y entrega de mercanc\u00edas, tratamiento de residuos e instalaciones de env\u00edo.<\/p>\n\t\t\t\t\r\n\t\t\t\t\r\n\t\t\t\t\t\t\t\t\t<div class=\"image_outer mobile\">\r\n\t\t\t\t\t\t<div class=\"image_wrap\">\t\r\n\t\t\t\t\t\t\t<img loading=\"lazy\" decoding=\"async\" class=\"object_fit\" \t\t\t\t\t\t\t  \r\n\t\t\t\t\t\t\t  srcset=\"https:\/\/www.kadans.com\/wp-content\/uploads\/Clean-energy-storage-solution-1-650x975.jpg 650w, https:\/\/www.kadans.com\/wp-content\/uploads\/Clean-energy-storage-solution-1-e1734442487766.jpg 1024w, https:\/\/www.kadans.com\/wp-content\/uploads\/Clean-energy-storage-solution-1-e1734442487766.jpg 1800w\" \t\t\t\t\t\t\t\t\t  \r\n\t\t\t\t\t\t\t  sizes=\"auto, (max-width: 700px) 650px, (max-width: 1200px) 1024px, 1800px\"  \t  \r\n\t\t\t\t\t\t\t  src=\"https:\/\/www.kadans.com\/wp-content\/uploads\/Clean-energy-storage-solution-1-e1734442487766.jpg\" \r\n\t\t\t\t\t\t\t  width=\"683\"\r\n\t\t\t\t\t\t\t  height=\"1024\"\t\t\t\t\t\t\t  \r\n\t\t\t\t\t\t\t  alt=\"Clean energy storage solution\" \r\n\t\t\t\t\t\t\t\/>\r\n\t\t\t\t\t\t<\/div>\r\n\t\t\t\t\t<\/div>\t\t\t\t\t\r\n\t\t\t\t\t\t\t\t\r\n\t\t\t\t\r\n\t\t\t\t\r\n\t\t\t<\/div>\t\t\t\r\n\t\t<\/div>\r\n\t<\/div>\r\n<\/section>\n\n\r\n<section class=\"whitespace desktop_yes mobile_yes big bg_white\">\r\n<\/section>\n\n<section class=\"text desktop_yes mobile_yes bg_ \">\r\n\t<div class=\"container\">\r\n\t\t<div class=\"row\">\r\n\t\t\t<div class=\"col-sm-12 col-md-12 col-lg-12\">\r\n\t\t\t\t<div class=\"subheading\">\r\n\t\t\t\t\t\t\t\t<\/div>\r\n\t\t\t\t<h2>Trabajar en un ecosistema innovador<\/h2>\t\t\t\t<div class=\"intro_text\">\r\n\t\t\t\t\t<p>Las salas limpias de Kadans suelen formar parte de un ecosistema de innovaci\u00f3n m\u00e1s amplio, ubicado en parques cient\u00edficos y campus l\u00edderes tanto a nivel nacional como internacional. Esto significa que se encuentran muy cerca de otras instituciones de conocimiento, empresas de alta tecnolog\u00eda y servicios de apoyo. Tanto si es una start-up como si cuenta con un equipo de I+D consolidado, se beneficiar\u00e1 de la sinergia, las instalaciones compartidas y un entorno que fomenta la colaboraci\u00f3n. Esto no solo acelerar\u00e1 su propio desarrollo, sino que tambi\u00e9n aumentar\u00e1 su visibilidad dentro de su sector.<\/p>\n\t\t\t\t<\/div>\r\n\t\t\t\t\t\t\t\t\r\n\t\t\t\t\t\t\t\t\r\n\t\t\t<\/div>\r\n\r\n\t\t<\/div>\r\n\t<\/div>\r\n<\/section>\n\n\r\n<section class=\"whitespace desktop_yes mobile_yes big bg_white\">\r\n<\/section>\n\n\r\n<section class=\"whitespace desktop_yes mobile_yes big bg_white\">\r\n<\/section>\n\n\t\r\n\r\n<section class=\"text_foto desktop_yes mobile_yes elm_primary_400 \">\r\n\t<div class=\"container\">\r\n\t\t<div class=\"row sm_reverse_order\">\t\t\r\n\t\t\t\t<div class=\"col-sm-12 col-md-5 col-lg-5 photo photo_col left\">\r\n\t\t<div class=\"inner\">\r\n\t\t\t<img loading=\"lazy\" decoding=\"async\" class=\"object_fit\" \t\t\t\t\t\t\t  \r\n\t\t\t\t  srcset=\"https:\/\/www.kadans.com\/wp-content\/uploads\/Cleanroom-Sencio-650x434.jpg 650w, https:\/\/www.kadans.com\/wp-content\/uploads\/Cleanroom-Sencio-1200x801.jpg 1024w, https:\/\/www.kadans.com\/wp-content\/uploads\/Cleanroom-Sencio-1600x1068.jpg 1800w\" \t\t\t\t\t\t\t\t\t  \r\n\t\t\t\t  sizes=\"auto, (max-width: 700px) 650px, (max-width: 1200px) 1024px, 1800px\"  \t  \r\n\t\t\t\t  src=\"https:\/\/www.kadans.com\/wp-content\/uploads\/Cleanroom-Sencio-1600x1068.jpg\" \r\n\t\t\t\t  width=\"1024\"\r\n\t\t\t\t  height=\"684\"\t\t\t\t\t\t\t  \r\n\t\t\t\t  alt=\"Cleanroom Sencio\" \r\n\t\t\t\t\/>\r\n\t\t<\/div>\t\r\n\t<\/div>\r\n\t\r\n\t\t\r\n\t<div class=\"col-sm-12 col-md-1 col-lg-1 middle_col\">\r\n\t<\/div>\r\n\t\r\n\t<div class=\"col-sm-12 col-md-5 col-lg-5 text_col\">\r\n\t\t<div class=\"inner\">\r\n\t\t\t<h2>\u00bfListo para tu propia sala limpia?<\/h2>\t\t\t\r\n\t\t\t<p>\u00bfBusca un socio que comprenda lo importante que es su entorno de trabajo? Kadans desarrolla y construye salas blancas que se adaptan perfectamente a su proceso, normativa y planes de futuro. Nos encargamos de todo, desde la idea inicial hasta el espacio operativo.<\/p>\n\t\t\t\r\n\t\t\t\t\t\t\r\n\t\t\t\t\t\t\t\t\t\r\n\t\t<\/div>\r\n\t<\/div>\r\n\r\n\t<div class=\"col-sm-12 col-md-1 col-lg-1 vert_line\">\r\n\t<\/div>\r\n\r\n\t\t<\/div>\r\n\t<\/div>\r\n<\/section>\n\n\r\n<section class=\"whitespace desktop_yes mobile_yes big bg_white\">\r\n<\/section>\n\n\t\r\n\r\n<section id=\"cta_banner\" class=\"cta_banner_2 desktop_yes mobile_yes  bg_primary_50\">\r\n\t<div class=\"container\">\r\n\t\t<div class=\"row\">\r\n\t\t\t\t<div class=\"col-sm-12 col-md-5 col-lg-6\">\r\n\t\t\t\t\t\t<img loading=\"lazy\" decoding=\"async\" class=\"object_fit\" \t\t\t\t\t\t\t  \r\n\t\t\t\t\t  srcset=\"https:\/\/www.kadans.com\/wp-content\/uploads\/Scientist-in-uniform-and-mask-holding-test-tubes-at-laboratory.-Medicine-and-research-in-650x433.jpg 650w, https:\/\/www.kadans.com\/wp-content\/uploads\/Scientist-in-uniform-and-mask-holding-test-tubes-at-laboratory.-Medicine-and-research-in-1200x800.jpg 1024w, https:\/\/www.kadans.com\/wp-content\/uploads\/Scientist-in-uniform-and-mask-holding-test-tubes-at-laboratory.-Medicine-and-research-in-1600x1067.jpg 1800w\" \t\t\t\t\t\t\t\t\t  \r\n\t\t\t\t\t  sizes=\"auto, (max-width: 700px) 650px, (max-width: 1200px) 1024px, 1800px\"  \t  \r\n\t\t\t\t\t  src=\"https:\/\/www.kadans.com\/wp-content\/uploads\/Scientist-in-uniform-and-mask-holding-test-tubes-at-laboratory.-Medicine-and-research-in-1600x1067.jpg\" \r\n\t\t\t\t\t  width=\"1024\"\r\n\t\t\t\t\t  height=\"683\"\t\t\t\t\t\t\t  \r\n\t\t\t\t\t  alt=\"\" \r\n\t\t\t\t\t\/>\r\n\t\t\t\t\t<img loading=\"lazy\" decoding=\"async\" class=\"image_2 object_fit\" \t\t\t\t\t\t\t  \r\n\t\t\t\t\t  srcset=\"https:\/\/www.kadans.com\/wp-content\/uploads\/James-Sheppard-2021-534x356-1.jpg 650w, https:\/\/www.kadans.com\/wp-content\/uploads\/James-Sheppard-2021-534x356-1.jpg 1024w, https:\/\/www.kadans.com\/wp-content\/uploads\/James-Sheppard-2021-534x356-1.jpg 1800w\" \t\t\t\t\t\t\t\t\t  \r\n\t\t\t\t\t  sizes=\"auto, (max-width: 700px) 650px, (max-width: 1200px) 1024px, 1800px\"  \t  \r\n\t\t\t\t\t  src=\"https:\/\/www.kadans.com\/wp-content\/uploads\/James-Sheppard-2021-534x356-1.jpg\" \r\n\t\t\t\t\t  width=\"534\"\r\n\t\t\t\t\t  height=\"356\"\t\t\t\t\t\t\t  \r\n\t\t\t\t\t  alt=\"James Sheppard is the International Head of Asset Management of Kadans Science Partner\" \r\n\t\t\t\t\t\/>\r\n\t\t\t\t<\/div>\r\n\t\t\t\t<div class=\"col-sm-12 col-md-1 col-lg-1 empty\">\r\n\t\t\t\t<\/div>\r\n\t\t\t\t<div class=\"col-sm-12 col-md-6 col-lg-5\">\r\n\t\t\t\t<h2>Dinos cu\u00e1les son tus necesidades espec\u00edficas<\/h2>\t\t\r\n\r\n\t\t\t\t\t\t\t\t\t\t\t<p>\u00bfUna sala limpia que se adapta a su proceso?<br \/>\nPensamos con usted desde el primer d\u00eda.<\/p>\n\t\t\t\t\t\r\n\t\t\t\t\t\t\t\t\t\t<div class=\"cta outline dark_blue\"><a href=\"https:\/\/www.kadans.com\/es\/contactanos\/\">Cont\u00e1ctanos<\/a>\n<\/div>\t\t\r\n\t\t\t\t<\/div>\r\n\t\t\t\t\r\n\t\t<\/div>\t\t\t\r\n\t<\/div>\r\n<\/section>\n\n\r\n<section id=\"full_width_image\" class=\"image_full desktop_yes mobile_yes \">\r\n\t\r\n\r\n<div class=\"col-sm-12 col-md-12 col-lg-12 parallax_banner\" \r\nstyle=\"background-image:url(https:\/\/www.kadans.com\/wp-content\/uploads\/Rectangle-550_2.png);\">\r\n<\/div>\r\n\r\n<\/section>","protected":false},"excerpt":{"rendered":"","protected":false},"author":8,"featured_media":11003,"parent":9265,"menu_order":0,"comment_status":"closed","ping_status":"closed","template":"","meta":{"_acf_changed":false,"inline_featured_image":false,"footnotes":""},"class_list":["post-10948","page","type-page","status-publish","has-post-thumbnail","hentry"],"acf":[],"yoast_head":"<!-- This site is optimized with the Yoast SEO plugin v27.3 - https:\/\/yoast.com\/product\/yoast-seo-wordpress\/ -->\n<title>Salas limpias GMP e ISO\u00a05-9 | Instalaciones de laboratorio Kadans Espa\u00f1a<\/title>\n<meta name=\"description\" content=\"Kadans dise\u00f1a instalaciones de laboratorio y salas limpias a medida, cumpliendo ISO\u00a05\u20119 y est\u00e1ndares GMP, en cl\u00fasteres cient\u00edficos europeos adaptadas a tus proyectos.\" \/>\n<meta name=\"robots\" content=\"index, follow, max-snippet:-1, max-image-preview:large, max-video-preview:-1\" \/>\n<link rel=\"canonical\" href=\"https:\/\/www.kadans.com\/es\/instalaciones-especializadas\/cleanroom\/\" \/>\n<meta property=\"og:locale\" content=\"es_ES\" \/>\n<meta property=\"og:type\" content=\"article\" \/>\n<meta property=\"og:title\" content=\"Salas limpias GMP e ISO\u00a05-9 | Instalaciones de laboratorio Kadans Espa\u00f1a\" \/>\n<meta property=\"og:description\" content=\"Kadans dise\u00f1a instalaciones de laboratorio y salas limpias a medida, cumpliendo ISO\u00a05\u20119 y est\u00e1ndares GMP, en cl\u00fasteres cient\u00edficos europeos adaptadas a tus proyectos.\" \/>\n<meta property=\"og:url\" content=\"https:\/\/www.kadans.com\/es\/instalaciones-especializadas\/cleanroom\/\" \/>\n<meta property=\"og:site_name\" content=\"Kadans Science Partner\" \/>\n<meta property=\"article:modified_time\" content=\"2026-02-10T17:34:20+00:00\" \/>\n<meta property=\"og:image\" content=\"https:\/\/www.kadans.com\/wp-content\/uploads\/Molecules-scaled.jpg\" \/>\n\t<meta property=\"og:image:width\" content=\"2560\" \/>\n\t<meta property=\"og:image:height\" content=\"2560\" \/>\n\t<meta property=\"og:image:type\" content=\"image\/jpeg\" \/>\n<meta name=\"twitter:card\" content=\"summary_large_image\" \/>\n<meta name=\"twitter:label1\" content=\"Tiempo de lectura\" \/>\n\t<meta name=\"twitter:data1\" content=\"3 minutos\" \/>\n<script type=\"application\/ld+json\" class=\"yoast-schema-graph\">{\"@context\":\"https:\\\/\\\/schema.org\",\"@graph\":[{\"@type\":\"WebPage\",\"@id\":\"https:\\\/\\\/www.kadans.com\\\/es\\\/instalaciones-especializadas\\\/cleanroom\\\/\",\"url\":\"https:\\\/\\\/www.kadans.com\\\/es\\\/instalaciones-especializadas\\\/cleanroom\\\/\",\"name\":\"Salas limpias GMP e ISO\u00a05-9 | Instalaciones de laboratorio Kadans Espa\u00f1a\",\"isPartOf\":{\"@id\":\"https:\\\/\\\/www.kadans.com\\\/es\\\/#website\"},\"primaryImageOfPage\":{\"@id\":\"https:\\\/\\\/www.kadans.com\\\/es\\\/instalaciones-especializadas\\\/cleanroom\\\/#primaryimage\"},\"image\":{\"@id\":\"https:\\\/\\\/www.kadans.com\\\/es\\\/instalaciones-especializadas\\\/cleanroom\\\/#primaryimage\"},\"thumbnailUrl\":\"https:\\\/\\\/www.kadans.com\\\/wp-content\\\/uploads\\\/Molecules-scaled.jpg\",\"datePublished\":\"2025-01-21T08:48:48+00:00\",\"dateModified\":\"2026-02-10T17:34:20+00:00\",\"description\":\"Kadans dise\u00f1a instalaciones de laboratorio y salas limpias a medida, cumpliendo ISO\u00a05\u20119 y est\u00e1ndares GMP, en cl\u00fasteres cient\u00edficos europeos adaptadas a tus proyectos.\",\"breadcrumb\":{\"@id\":\"https:\\\/\\\/www.kadans.com\\\/es\\\/instalaciones-especializadas\\\/cleanroom\\\/#breadcrumb\"},\"inLanguage\":\"es\",\"potentialAction\":[{\"@type\":\"ReadAction\",\"target\":[\"https:\\\/\\\/www.kadans.com\\\/es\\\/instalaciones-especializadas\\\/cleanroom\\\/\"]}]},{\"@type\":\"ImageObject\",\"inLanguage\":\"es\",\"@id\":\"https:\\\/\\\/www.kadans.com\\\/es\\\/instalaciones-especializadas\\\/cleanroom\\\/#primaryimage\",\"url\":\"https:\\\/\\\/www.kadans.com\\\/wp-content\\\/uploads\\\/Molecules-scaled.jpg\",\"contentUrl\":\"https:\\\/\\\/www.kadans.com\\\/wp-content\\\/uploads\\\/Molecules-scaled.jpg\",\"width\":2560,\"height\":2560},{\"@type\":\"BreadcrumbList\",\"@id\":\"https:\\\/\\\/www.kadans.com\\\/es\\\/instalaciones-especializadas\\\/cleanroom\\\/#breadcrumb\",\"itemListElement\":[{\"@type\":\"ListItem\",\"position\":1,\"name\":\"Home\",\"item\":\"https:\\\/\\\/www.kadans.com\\\/es\\\/\"},{\"@type\":\"ListItem\",\"position\":2,\"name\":\"Instalaciones especializadas\",\"item\":\"https:\\\/\\\/www.kadans.com\\\/es\\\/instalaciones-especializadas\\\/\"},{\"@type\":\"ListItem\",\"position\":3,\"name\":\"Sala limpia\"}]},{\"@type\":\"WebSite\",\"@id\":\"https:\\\/\\\/www.kadans.com\\\/es\\\/#website\",\"url\":\"https:\\\/\\\/www.kadans.com\\\/es\\\/\",\"name\":\"Kadans Science Partner\",\"description\":\"\",\"potentialAction\":[{\"@type\":\"SearchAction\",\"target\":{\"@type\":\"EntryPoint\",\"urlTemplate\":\"https:\\\/\\\/www.kadans.com\\\/es\\\/?s={search_term_string}\"},\"query-input\":{\"@type\":\"PropertyValueSpecification\",\"valueRequired\":true,\"valueName\":\"search_term_string\"}}],\"inLanguage\":\"es\"}]}<\/script>\n<!-- \/ Yoast SEO plugin. -->","yoast_head_json":{"title":"Salas limpias GMP e ISO\u00a05-9 | Instalaciones de laboratorio Kadans Espa\u00f1a","description":"Kadans dise\u00f1a instalaciones de laboratorio y salas limpias a medida, cumpliendo ISO\u00a05\u20119 y est\u00e1ndares GMP, en cl\u00fasteres cient\u00edficos europeos adaptadas a tus proyectos.","robots":{"index":"index","follow":"follow","max-snippet":"max-snippet:-1","max-image-preview":"max-image-preview:large","max-video-preview":"max-video-preview:-1"},"canonical":"https:\/\/www.kadans.com\/es\/instalaciones-especializadas\/cleanroom\/","og_locale":"es_ES","og_type":"article","og_title":"Salas limpias GMP e ISO\u00a05-9 | Instalaciones de laboratorio Kadans Espa\u00f1a","og_description":"Kadans dise\u00f1a instalaciones de laboratorio y salas limpias a medida, cumpliendo ISO\u00a05\u20119 y est\u00e1ndares GMP, en cl\u00fasteres cient\u00edficos europeos adaptadas a tus proyectos.","og_url":"https:\/\/www.kadans.com\/es\/instalaciones-especializadas\/cleanroom\/","og_site_name":"Kadans Science Partner","article_modified_time":"2026-02-10T17:34:20+00:00","og_image":[{"width":2560,"height":2560,"url":"https:\/\/www.kadans.com\/wp-content\/uploads\/Molecules-scaled.jpg","type":"image\/jpeg"}],"twitter_card":"summary_large_image","twitter_misc":{"Tiempo de lectura":"3 minutos"},"schema":{"@context":"https:\/\/schema.org","@graph":[{"@type":"WebPage","@id":"https:\/\/www.kadans.com\/es\/instalaciones-especializadas\/cleanroom\/","url":"https:\/\/www.kadans.com\/es\/instalaciones-especializadas\/cleanroom\/","name":"Salas limpias GMP e ISO\u00a05-9 | Instalaciones de laboratorio Kadans Espa\u00f1a","isPartOf":{"@id":"https:\/\/www.kadans.com\/es\/#website"},"primaryImageOfPage":{"@id":"https:\/\/www.kadans.com\/es\/instalaciones-especializadas\/cleanroom\/#primaryimage"},"image":{"@id":"https:\/\/www.kadans.com\/es\/instalaciones-especializadas\/cleanroom\/#primaryimage"},"thumbnailUrl":"https:\/\/www.kadans.com\/wp-content\/uploads\/Molecules-scaled.jpg","datePublished":"2025-01-21T08:48:48+00:00","dateModified":"2026-02-10T17:34:20+00:00","description":"Kadans dise\u00f1a instalaciones de laboratorio y salas limpias a medida, cumpliendo ISO\u00a05\u20119 y est\u00e1ndares GMP, en cl\u00fasteres cient\u00edficos europeos adaptadas a tus proyectos.","breadcrumb":{"@id":"https:\/\/www.kadans.com\/es\/instalaciones-especializadas\/cleanroom\/#breadcrumb"},"inLanguage":"es","potentialAction":[{"@type":"ReadAction","target":["https:\/\/www.kadans.com\/es\/instalaciones-especializadas\/cleanroom\/"]}]},{"@type":"ImageObject","inLanguage":"es","@id":"https:\/\/www.kadans.com\/es\/instalaciones-especializadas\/cleanroom\/#primaryimage","url":"https:\/\/www.kadans.com\/wp-content\/uploads\/Molecules-scaled.jpg","contentUrl":"https:\/\/www.kadans.com\/wp-content\/uploads\/Molecules-scaled.jpg","width":2560,"height":2560},{"@type":"BreadcrumbList","@id":"https:\/\/www.kadans.com\/es\/instalaciones-especializadas\/cleanroom\/#breadcrumb","itemListElement":[{"@type":"ListItem","position":1,"name":"Home","item":"https:\/\/www.kadans.com\/es\/"},{"@type":"ListItem","position":2,"name":"Instalaciones especializadas","item":"https:\/\/www.kadans.com\/es\/instalaciones-especializadas\/"},{"@type":"ListItem","position":3,"name":"Sala limpia"}]},{"@type":"WebSite","@id":"https:\/\/www.kadans.com\/es\/#website","url":"https:\/\/www.kadans.com\/es\/","name":"Kadans Science Partner","description":"","potentialAction":[{"@type":"SearchAction","target":{"@type":"EntryPoint","urlTemplate":"https:\/\/www.kadans.com\/es\/?s={search_term_string}"},"query-input":{"@type":"PropertyValueSpecification","valueRequired":true,"valueName":"search_term_string"}}],"inLanguage":"es"}]}},"_links":{"self":[{"href":"https:\/\/www.kadans.com\/es\/wp-json\/wp\/v2\/pages\/10948","targetHints":{"allow":["GET"]}}],"collection":[{"href":"https:\/\/www.kadans.com\/es\/wp-json\/wp\/v2\/pages"}],"about":[{"href":"https:\/\/www.kadans.com\/es\/wp-json\/wp\/v2\/types\/page"}],"author":[{"embeddable":true,"href":"https:\/\/www.kadans.com\/es\/wp-json\/wp\/v2\/users\/8"}],"replies":[{"embeddable":true,"href":"https:\/\/www.kadans.com\/es\/wp-json\/wp\/v2\/comments?post=10948"}],"version-history":[{"count":2,"href":"https:\/\/www.kadans.com\/es\/wp-json\/wp\/v2\/pages\/10948\/revisions"}],"predecessor-version":[{"id":17550,"href":"https:\/\/www.kadans.com\/es\/wp-json\/wp\/v2\/pages\/10948\/revisions\/17550"}],"up":[{"embeddable":true,"href":"https:\/\/www.kadans.com\/es\/wp-json\/wp\/v2\/pages\/9265"}],"wp:featuredmedia":[{"embeddable":true,"href":"https:\/\/www.kadans.com\/es\/wp-json\/wp\/v2\/media\/11003"}],"wp:attachment":[{"href":"https:\/\/www.kadans.com\/es\/wp-json\/wp\/v2\/media?parent=10948"}],"curies":[{"name":"wp","href":"https:\/\/api.w.org\/{rel}","templated":true}]}}