{"id":10962,"date":"2025-01-21T10:55:37","date_gmt":"2025-01-21T08:55:37","guid":{"rendered":"https:\/\/kadans.onest-dev.nl\/?page_id=10962"},"modified":"2026-02-10T19:34:29","modified_gmt":"2026-02-10T17:34:29","slug":"pilot-plant","status":"publish","type":"page","link":"https:\/\/www.kadans.com\/es\/instalaciones-especializadas\/pilot-plant\/","title":{"rendered":"Planta piloto"},"content":{"rendered":"<section id=\"hero_1\" class=\"desktop_yes mobile_yes size_small \">\t\r\n\t\r\n\t<div class=\"background_wrap\">\r\n\r\n\t\t\t<img loading=\"lazy\" decoding=\"async\" class=\"object_fit\" \t\t\t\t\t\t\t  \r\n\t\t\t  srcset=\"https:\/\/www.kadans.com\/wp-content\/uploads\/Rectangle-550_2-650x361.png 650w, https:\/\/www.kadans.com\/wp-content\/uploads\/Rectangle-550_2-1200x667.png 1024w, https:\/\/www.kadans.com\/wp-content\/uploads\/Rectangle-550_2-1600x889.png 1800w\" \t\t\t\t\t\t\t\t\t  \r\n\t\t\t  sizes=\"auto, (max-width: 700px) 650px, (max-width: 1200px) 1024px, 1800px\"  \t  \r\n\t\t\t  src=\"https:\/\/www.kadans.com\/wp-content\/uploads\/Rectangle-550_2-1600x889.png\" \r\n\t\t\t  width=\"1024\"\r\n\t\t\t  height=\"569\"\t\t\t\t\t\t\t  \r\n\t\t\t  alt=\"Moleculen image for Science\" \r\n\t\t\t\/>\r\n\t\t\r\n\t\t\r\n\t<\/div>\r\n\t\r\n\t\r\n\t<div class=\"container\">\r\n\t\t<div class=\"row\">\r\n\t\t\t<div class=\"col-sm-12 col-md-12 col-lg-8 left_column\">\t\t\t\r\n\t\t\t\t<div class=\"outer\">\r\n\t\t\t\t\t<div class=\"inner\">\r\n\t\t\t\t\t\t\r\n\t\t\t\t\t\t<h1 class=\"subtitle\">Equipamiento a medida para planta piloto<\/h1>\t\t\t\t\t\t\r\n\t\t\t\t\t\t<h2>\u00bfBusca una planta piloto a medida?<\/h2>\t\t\t\t\t\t\r\n\t\t\t\t\t\t\r\n\t\t\t\t\t\t<p>Kadans desarrolla instalaciones piloto avanzadas para empresas que desean ampliar su innovaci\u00f3n. Nuestras plantas piloto apoyan el desarrollo de procesos en sectores como la biotecnolog\u00eda, la alimentaci\u00f3n, la tecnolog\u00eda agr\u00edcola y la tecnolog\u00eda limpia. Del laboratorio a la producci\u00f3n con el espacio, la seguridad y el apoyo adecuados.<\/p>\n\t\t\t\t\t\t\r\n\t\t\t\t\t\t\t\t\t\t\t<\/div>\r\n\t\t\t\t<\/div>\t\t\t\t\t\t\r\n\t\t\t<\/div>\r\n\t\t<\/div>\r\n\t<\/div>\r\n\t\r\n\t\r\n<\/section>\r\n\r\n<script>\r\n\tjQuery(document).ready(function($){ \r\n\t\t\r\n\t\t$('body').addClass('has_hero');\r\n\t\t\r\n\t\t$(window).scroll(function(){\r\n\r\n\t\t\tvar curHeight = $('#hero_1').outerHeight();\r\n\t\t\t\r\n\t\t\tif ($(window).scrollTop() > curHeight) {\r\n\t\t\t\t$('#hero_1 .background_wrap').fadeOut(100);\r\n\t\t\t}\t\t\r\n\t\t\telse \r\n\t\t\t{\r\n\t\t\t\t$('#hero_1 .background_wrap').fadeIn(100);\r\n\t\t\t}\r\n\t\t});\r\n\t\t\r\n\t\tif($('#hero_1').nextAll('section:first').hasClass('cta_banner_3')){\r\n\t\t\tvar target = $('#hero_1').nextAll('section:first');\r\n\t\t\t\t$(target).addClass('minus_40');\r\n\t\t}\r\n\t\t\r\n\t});\r\n<\/script>\n\n\r\n<section class=\"whitespace desktop_yes mobile_yes big bg_white\">\r\n<\/section>\n\n\t\r\n<section class=\"text_2 desktop_yes mobile_yes elm_primary_400 \">\r\n\t<div class=\"container\">\r\n\t\t<div class=\"row\">\r\n\t\t\t<div class=\"col-sm-12 col-md-12 col-lg-6\">\r\n\t\t\t\t<h2>Instalaciones piloto a medida para tu innovaci\u00f3n<\/h2>\t\t\t\r\n\t\t\t<\/div>\r\n\t\t\t<div class=\"col-sm-12 col-md-12 col-lg-1 vert_line\">\r\n\t\t\t<\/div>\r\n\t\t<\/div>\r\n\t\t\r\n\t\t\r\n\t\t<div class=\"row\">\r\n\t\t\t<div class=\"col-sm-12 col-md-12 col-lg-6 left_column\">\r\n\t\t\t\t\t\t\t\t\t<div class=\"image_outer desktop\">\r\n\t\t\t\t\t\t<div class=\"image_wrap\">\t\r\n\t\t\t\t\t\t\t<img loading=\"lazy\" decoding=\"async\" class=\"object_fit\" \t\t\t\t\t\t\t  \r\n\t\t\t\t\t\t\t  srcset=\"https:\/\/www.kadans.com\/wp-content\/uploads\/Rotterdam-Science-Tower-laboratoria-en-kantoorruimte-te-huur-fit-out-650x366.jpg 650w, https:\/\/www.kadans.com\/wp-content\/uploads\/Rotterdam-Science-Tower-laboratoria-en-kantoorruimte-te-huur-fit-out-1200x675.jpg 1024w, https:\/\/www.kadans.com\/wp-content\/uploads\/Rotterdam-Science-Tower-laboratoria-en-kantoorruimte-te-huur-fit-out-1600x900.jpg 1800w\" \t\t\t\t\t\t\t\t\t  \r\n\t\t\t\t\t\t\t  sizes=\"auto, (max-width: 700px) 650px, (max-width: 1200px) 1024px, 1800px\"  \t  \r\n\t\t\t\t\t\t\t  src=\"https:\/\/www.kadans.com\/wp-content\/uploads\/Rotterdam-Science-Tower-laboratoria-en-kantoorruimte-te-huur-fit-out-1600x900.jpg\" \r\n\t\t\t\t\t\t\t  width=\"1024\"\r\n\t\t\t\t\t\t\t  height=\"576\"\t\t\t\t\t\t\t  \r\n\t\t\t\t\t\t\t  alt=\"\" \r\n\t\t\t\t\t\t\t\/>\r\n\t\t\t\t\t\t<\/div>\r\n\t\t\t\t\t<\/div>\t\t\t\t\t\r\n\t\t\t\t\t\t\t\r\n\t\t\t<\/div>\r\n\t\t\t<div class=\"col-sm-12 col-md-12 col-lg-1 vert_line\">\r\n\t\t\t<\/div>\t\t\t\r\n\t\t\t<div class=\"col-sm-12 col-md-12 col-lg-5 right_column\">\r\n\t\t\t\t<h3>Descubre instalaciones de planta piloto adaptadas a tus necesidades \u00fanicas<\/h3>\r\n\t\t\t\t<p>En Kadans, usted obtiene m\u00e1s que solo un edificio. Entendemos que, a medida que su empresa crece, contar con la infraestructura adecuada es esencial para una comercializaci\u00f3n exitosa. Una planta piloto constituye un paso intermedio cr\u00edtico en este proceso, y sabemos lo importante que es esta fase.<\/p>\n<p>Ya hemos desarrollado plantas piloto para organizaciones de diversos sectores, como la terapia celular y g\u00e9nica, la tecnolog\u00eda agr\u00edcola, la tecnolog\u00eda alimentaria y la tecnolog\u00eda limpia. Nuestras instalaciones cumplen con los m\u00e1s altos requisitos en materia de seguridad, eficiencia y flexibilidad.<\/p>\n<p>Cada planta piloto se complementa con espacios de apoyo, como almacenes, vestuarios, recepci\u00f3n y entrega de mercanc\u00edas, gesti\u00f3n de residuos e instalaciones de env\u00edo.<\/p>\n\t\t\t\t\r\n\t\t\t\t\r\n\t\t\t\t\t\t\t\t\t<div class=\"image_outer mobile\">\r\n\t\t\t\t\t\t<div class=\"image_wrap\">\t\r\n\t\t\t\t\t\t\t<img loading=\"lazy\" decoding=\"async\" class=\"object_fit\" \t\t\t\t\t\t\t  \r\n\t\t\t\t\t\t\t  srcset=\"https:\/\/www.kadans.com\/wp-content\/uploads\/Rotterdam-Science-Tower-laboratoria-en-kantoorruimte-te-huur-fit-out-650x366.jpg 650w, https:\/\/www.kadans.com\/wp-content\/uploads\/Rotterdam-Science-Tower-laboratoria-en-kantoorruimte-te-huur-fit-out-1200x675.jpg 1024w, https:\/\/www.kadans.com\/wp-content\/uploads\/Rotterdam-Science-Tower-laboratoria-en-kantoorruimte-te-huur-fit-out-1600x900.jpg 1800w\" \t\t\t\t\t\t\t\t\t  \r\n\t\t\t\t\t\t\t  sizes=\"auto, (max-width: 700px) 650px, (max-width: 1200px) 1024px, 1800px\"  \t  \r\n\t\t\t\t\t\t\t  src=\"https:\/\/www.kadans.com\/wp-content\/uploads\/Rotterdam-Science-Tower-laboratoria-en-kantoorruimte-te-huur-fit-out-1600x900.jpg\" \r\n\t\t\t\t\t\t\t  width=\"1024\"\r\n\t\t\t\t\t\t\t  height=\"576\"\t\t\t\t\t\t\t  \r\n\t\t\t\t\t\t\t  alt=\"\" \r\n\t\t\t\t\t\t\t\/>\r\n\t\t\t\t\t\t<\/div>\r\n\t\t\t\t\t<\/div>\t\t\t\t\t\r\n\t\t\t\t\t\t\t\t\r\n\t\t\t\t\r\n\t\t\t\t\r\n\t\t\t<\/div>\t\t\t\r\n\t\t<\/div>\r\n\t<\/div>\r\n<\/section>\n\n\r\n<section class=\"whitespace desktop_yes mobile_yes big bg_white\">\r\n<\/section>\n\n\t\r\n\r\n<section class=\"text_foto desktop_yes mobile_yes elm_primary_400 \">\r\n\t<div class=\"container\">\r\n\t\t<div class=\"row\">\t\t\r\n\t\t\t\t\r\n\t\t\r\n\t<div class=\"col-sm-12 col-md-1 col-lg-1 vert_line\">\r\n\t<\/div>\r\n\t\r\n\t<div class=\"col-sm-12 col-md-5 col-lg-5 text_col\">\r\n\t\t<div class=\"inner\">\r\n\t\t\t<h2>Del laboratorio a la pr\u00e1ctica: aceleraci\u00f3n de su innovaci\u00f3n<\/h2>\t\t\t\r\n\t\t\t<p>Una planta piloto ofrece la posibilidad de ampliar la investigaci\u00f3n de laboratorio a un entorno de producci\u00f3n m\u00e1s realista. Aqu\u00ed se pueden optimizar los procesos, realizar pruebas en condiciones pr\u00e1cticas e identificar a tiempo los puntos d\u00e9biles. Esto no solo acelera el desarrollo de la tecnolog\u00eda, sino que tambi\u00e9n aumenta las posibilidades de \u00e9xito en la introducci\u00f3n al mercado.<\/p>\n<p>Adem\u00e1s, trabajar en una planta piloto suele resultar atractivo para los inversores: demuestra que su innovaci\u00f3n es t\u00e9cnicamente viable y est\u00e1 lista para la siguiente fase.<\/p>\n\t\t\t\r\n\t\t\t\t\t\t\r\n\t\t\t\t\t\t\t\t\t\r\n\t\t<\/div>\r\n\t<\/div>\r\n\r\n\t<div class=\"col-sm-12 col-md-1 col-lg-1 middle_col\">\r\n\t<\/div>\r\n\r\n\t<div class=\"col-sm-12 col-md-5 col-lg-5 photo photo_col right\">\r\n\t\t<div class=\"inner\">\r\n\t\t\t<img loading=\"lazy\" decoding=\"async\" class=\"object_fit\" \t\t\t\t\t\t\t  \r\n\t\t\t\t  srcset=\"https:\/\/www.kadans.com\/wp-content\/uploads\/Man-with-machine-arm-1-650x420.jpg 650w, https:\/\/www.kadans.com\/wp-content\/uploads\/Man-with-machine-arm-1-1200x776.jpg 1024w, https:\/\/www.kadans.com\/wp-content\/uploads\/Man-with-machine-arm-1.jpg 1800w\" \t\t\t\t\t\t\t\t\t  \r\n\t\t\t\t  sizes=\"auto, (max-width: 700px) 650px, (max-width: 1200px) 1024px, 1800px\"  \t  \r\n\t\t\t\t  src=\"https:\/\/www.kadans.com\/wp-content\/uploads\/Man-with-machine-arm-1.jpg\" \r\n\t\t\t\t  width=\"1024\"\r\n\t\t\t\t  height=\"662\"\t\t\t\t\t\t\t  \r\n\t\t\t\t  alt=\"\" \r\n\t\t\t\t\/>\r\n\t\t<\/div>\t\r\n\t<\/div>\r\n\t\t<\/div>\r\n\t<\/div>\r\n<\/section>\n\n\r\n<section class=\"whitespace desktop_yes mobile_yes big bg_white\">\r\n<\/section>\n\n\t\r\n\r\n<section id=\"cta_banner\" class=\"cta_banner_2 desktop_yes mobile_yes  bg_primary_50\">\r\n\t<div class=\"container\">\r\n\t\t<div class=\"row\">\r\n\t\t\t\t<div class=\"col-sm-12 col-md-5 col-lg-6\">\r\n\t\t\t\t\t\t<img loading=\"lazy\" decoding=\"async\" class=\"object_fit\" \t\t\t\t\t\t\t  \r\n\t\t\t\t\t  srcset=\"https:\/\/www.kadans.com\/wp-content\/uploads\/Scientist-in-uniform-and-mask-holding-test-tubes-at-laboratory.-Medicine-and-research-in-650x433.jpg 650w, https:\/\/www.kadans.com\/wp-content\/uploads\/Scientist-in-uniform-and-mask-holding-test-tubes-at-laboratory.-Medicine-and-research-in-1200x800.jpg 1024w, https:\/\/www.kadans.com\/wp-content\/uploads\/Scientist-in-uniform-and-mask-holding-test-tubes-at-laboratory.-Medicine-and-research-in-1600x1067.jpg 1800w\" \t\t\t\t\t\t\t\t\t  \r\n\t\t\t\t\t  sizes=\"auto, (max-width: 700px) 650px, (max-width: 1200px) 1024px, 1800px\"  \t  \r\n\t\t\t\t\t  src=\"https:\/\/www.kadans.com\/wp-content\/uploads\/Scientist-in-uniform-and-mask-holding-test-tubes-at-laboratory.-Medicine-and-research-in-1600x1067.jpg\" \r\n\t\t\t\t\t  width=\"1024\"\r\n\t\t\t\t\t  height=\"683\"\t\t\t\t\t\t\t  \r\n\t\t\t\t\t  alt=\"\" \r\n\t\t\t\t\t\/>\r\n\t\t\t\t\t<img loading=\"lazy\" decoding=\"async\" class=\"image_2 object_fit\" \t\t\t\t\t\t\t  \r\n\t\t\t\t\t  srcset=\"https:\/\/www.kadans.com\/wp-content\/uploads\/James-Sheppard-2021-534x356-1.jpg 650w, https:\/\/www.kadans.com\/wp-content\/uploads\/James-Sheppard-2021-534x356-1.jpg 1024w, https:\/\/www.kadans.com\/wp-content\/uploads\/James-Sheppard-2021-534x356-1.jpg 1800w\" \t\t\t\t\t\t\t\t\t  \r\n\t\t\t\t\t  sizes=\"auto, (max-width: 700px) 650px, (max-width: 1200px) 1024px, 1800px\"  \t  \r\n\t\t\t\t\t  src=\"https:\/\/www.kadans.com\/wp-content\/uploads\/James-Sheppard-2021-534x356-1.jpg\" \r\n\t\t\t\t\t  width=\"534\"\r\n\t\t\t\t\t  height=\"356\"\t\t\t\t\t\t\t  \r\n\t\t\t\t\t  alt=\"James Sheppard is the International Head of Asset Management of Kadans Science Partner\" \r\n\t\t\t\t\t\/>\r\n\t\t\t\t<\/div>\r\n\t\t\t\t<div class=\"col-sm-12 col-md-1 col-lg-1 empty\">\r\n\t\t\t\t<\/div>\r\n\t\t\t\t<div class=\"col-sm-12 col-md-6 col-lg-5\">\r\n\t\t\t\t<h2>Dinos cu\u00e1les son tus necesidades espec\u00edficas<\/h2>\t\t\r\n\r\n\t\t\t\t\t\t\t\t\t\t\t<p>\u00bfBuscas \u00a0el entorno ideal para tu investigaci\u00f3n?<\/p>\n\t\t\t\t\t\r\n\t\t\t\t\t\t\t\t\t\t<div class=\"cta outline dark_blue\"><a href=\"https:\/\/www.kadans.com\/es\/contactanos\/\">Cont\u00e1ctanos<\/a>\n<\/div>\t\t\r\n\t\t\t\t<\/div>\r\n\t\t\t\t\r\n\t\t<\/div>\t\t\t\r\n\t<\/div>\r\n<\/section>\n\n\r\n<section id=\"full_width_image\" class=\"image_full desktop_yes mobile_yes \">\r\n\t\r\n\r\n<div class=\"col-sm-12 col-md-12 col-lg-12 parallax_banner\" \r\nstyle=\"background-image:url(https:\/\/www.kadans.com\/wp-content\/uploads\/Rectangle-550_2.png);\">\r\n<\/div>\r\n\r\n<\/section>","protected":false},"excerpt":{"rendered":"","protected":false},"author":8,"featured_media":11003,"parent":9265,"menu_order":0,"comment_status":"closed","ping_status":"closed","template":"","meta":{"_acf_changed":false,"inline_featured_image":false,"footnotes":""},"class_list":["post-10962","page","type-page","status-publish","has-post-thumbnail","hentry"],"acf":[],"yoast_head":"<!-- This site is optimized with the Yoast SEO plugin v27.3 - https:\/\/yoast.com\/product\/yoast-seo-wordpress\/ -->\n<title>Salas limpias GMP | Instalaciones de laboratorio Kadans Espa\u00f1a<\/title>\n<meta name=\"description\" content=\"Kadans ofrece plantas piloto personalizadas en cl\u00fasteres cient\u00edficos de Europa, junto con laboratorios y salas limpias, para impulsar tu investigaci\u00f3n y desarrollo.\" \/>\n<meta name=\"robots\" content=\"index, follow, max-snippet:-1, max-image-preview:large, max-video-preview:-1\" \/>\n<link rel=\"canonical\" href=\"https:\/\/www.kadans.com\/es\/instalaciones-especializadas\/pilot-plant\/\" \/>\n<meta property=\"og:locale\" content=\"es_ES\" \/>\n<meta property=\"og:type\" content=\"article\" \/>\n<meta property=\"og:title\" content=\"Salas limpias GMP | Instalaciones de laboratorio Kadans Espa\u00f1a\" \/>\n<meta property=\"og:description\" content=\"Kadans ofrece plantas piloto personalizadas en cl\u00fasteres cient\u00edficos de Europa, junto con laboratorios y salas limpias, para impulsar tu investigaci\u00f3n y desarrollo.\" \/>\n<meta property=\"og:url\" content=\"https:\/\/www.kadans.com\/es\/instalaciones-especializadas\/pilot-plant\/\" \/>\n<meta property=\"og:site_name\" content=\"Kadans Science Partner\" \/>\n<meta property=\"article:modified_time\" content=\"2026-02-10T17:34:29+00:00\" \/>\n<meta property=\"og:image\" content=\"https:\/\/www.kadans.com\/wp-content\/uploads\/Molecules-scaled.jpg\" \/>\n\t<meta property=\"og:image:width\" content=\"2560\" \/>\n\t<meta property=\"og:image:height\" content=\"2560\" \/>\n\t<meta property=\"og:image:type\" content=\"image\/jpeg\" \/>\n<meta name=\"twitter:card\" content=\"summary_large_image\" \/>\n<meta name=\"twitter:label1\" content=\"Tiempo de lectura\" \/>\n\t<meta name=\"twitter:data1\" content=\"2 minutos\" \/>\n<script type=\"application\/ld+json\" class=\"yoast-schema-graph\">{\"@context\":\"https:\\\/\\\/schema.org\",\"@graph\":[{\"@type\":\"WebPage\",\"@id\":\"https:\\\/\\\/www.kadans.com\\\/es\\\/instalaciones-especializadas\\\/pilot-plant\\\/\",\"url\":\"https:\\\/\\\/www.kadans.com\\\/es\\\/instalaciones-especializadas\\\/pilot-plant\\\/\",\"name\":\"Salas limpias GMP | Instalaciones de laboratorio Kadans Espa\u00f1a\",\"isPartOf\":{\"@id\":\"https:\\\/\\\/www.kadans.com\\\/es\\\/#website\"},\"primaryImageOfPage\":{\"@id\":\"https:\\\/\\\/www.kadans.com\\\/es\\\/instalaciones-especializadas\\\/pilot-plant\\\/#primaryimage\"},\"image\":{\"@id\":\"https:\\\/\\\/www.kadans.com\\\/es\\\/instalaciones-especializadas\\\/pilot-plant\\\/#primaryimage\"},\"thumbnailUrl\":\"https:\\\/\\\/www.kadans.com\\\/wp-content\\\/uploads\\\/Molecules-scaled.jpg\",\"datePublished\":\"2025-01-21T08:55:37+00:00\",\"dateModified\":\"2026-02-10T17:34:29+00:00\",\"description\":\"Kadans ofrece plantas piloto personalizadas en cl\u00fasteres cient\u00edficos de Europa, junto con laboratorios y salas limpias, para impulsar tu investigaci\u00f3n y desarrollo.\",\"breadcrumb\":{\"@id\":\"https:\\\/\\\/www.kadans.com\\\/es\\\/instalaciones-especializadas\\\/pilot-plant\\\/#breadcrumb\"},\"inLanguage\":\"es\",\"potentialAction\":[{\"@type\":\"ReadAction\",\"target\":[\"https:\\\/\\\/www.kadans.com\\\/es\\\/instalaciones-especializadas\\\/pilot-plant\\\/\"]}]},{\"@type\":\"ImageObject\",\"inLanguage\":\"es\",\"@id\":\"https:\\\/\\\/www.kadans.com\\\/es\\\/instalaciones-especializadas\\\/pilot-plant\\\/#primaryimage\",\"url\":\"https:\\\/\\\/www.kadans.com\\\/wp-content\\\/uploads\\\/Molecules-scaled.jpg\",\"contentUrl\":\"https:\\\/\\\/www.kadans.com\\\/wp-content\\\/uploads\\\/Molecules-scaled.jpg\",\"width\":2560,\"height\":2560},{\"@type\":\"BreadcrumbList\",\"@id\":\"https:\\\/\\\/www.kadans.com\\\/es\\\/instalaciones-especializadas\\\/pilot-plant\\\/#breadcrumb\",\"itemListElement\":[{\"@type\":\"ListItem\",\"position\":1,\"name\":\"Home\",\"item\":\"https:\\\/\\\/www.kadans.com\\\/es\\\/\"},{\"@type\":\"ListItem\",\"position\":2,\"name\":\"Instalaciones especializadas\",\"item\":\"https:\\\/\\\/www.kadans.com\\\/es\\\/instalaciones-especializadas\\\/\"},{\"@type\":\"ListItem\",\"position\":3,\"name\":\"Planta piloto\"}]},{\"@type\":\"WebSite\",\"@id\":\"https:\\\/\\\/www.kadans.com\\\/es\\\/#website\",\"url\":\"https:\\\/\\\/www.kadans.com\\\/es\\\/\",\"name\":\"Kadans Science Partner\",\"description\":\"\",\"potentialAction\":[{\"@type\":\"SearchAction\",\"target\":{\"@type\":\"EntryPoint\",\"urlTemplate\":\"https:\\\/\\\/www.kadans.com\\\/es\\\/?s={search_term_string}\"},\"query-input\":{\"@type\":\"PropertyValueSpecification\",\"valueRequired\":true,\"valueName\":\"search_term_string\"}}],\"inLanguage\":\"es\"}]}<\/script>\n<!-- \/ Yoast SEO plugin. -->","yoast_head_json":{"title":"Salas limpias GMP | Instalaciones de laboratorio Kadans Espa\u00f1a","description":"Kadans ofrece plantas piloto personalizadas en cl\u00fasteres cient\u00edficos de Europa, junto con laboratorios y salas limpias, para impulsar tu investigaci\u00f3n y desarrollo.","robots":{"index":"index","follow":"follow","max-snippet":"max-snippet:-1","max-image-preview":"max-image-preview:large","max-video-preview":"max-video-preview:-1"},"canonical":"https:\/\/www.kadans.com\/es\/instalaciones-especializadas\/pilot-plant\/","og_locale":"es_ES","og_type":"article","og_title":"Salas limpias GMP | Instalaciones de laboratorio Kadans Espa\u00f1a","og_description":"Kadans ofrece plantas piloto personalizadas en cl\u00fasteres cient\u00edficos de Europa, junto con laboratorios y salas limpias, para impulsar tu investigaci\u00f3n y desarrollo.","og_url":"https:\/\/www.kadans.com\/es\/instalaciones-especializadas\/pilot-plant\/","og_site_name":"Kadans Science Partner","article_modified_time":"2026-02-10T17:34:29+00:00","og_image":[{"width":2560,"height":2560,"url":"https:\/\/www.kadans.com\/wp-content\/uploads\/Molecules-scaled.jpg","type":"image\/jpeg"}],"twitter_card":"summary_large_image","twitter_misc":{"Tiempo de lectura":"2 minutos"},"schema":{"@context":"https:\/\/schema.org","@graph":[{"@type":"WebPage","@id":"https:\/\/www.kadans.com\/es\/instalaciones-especializadas\/pilot-plant\/","url":"https:\/\/www.kadans.com\/es\/instalaciones-especializadas\/pilot-plant\/","name":"Salas limpias GMP | Instalaciones de laboratorio Kadans Espa\u00f1a","isPartOf":{"@id":"https:\/\/www.kadans.com\/es\/#website"},"primaryImageOfPage":{"@id":"https:\/\/www.kadans.com\/es\/instalaciones-especializadas\/pilot-plant\/#primaryimage"},"image":{"@id":"https:\/\/www.kadans.com\/es\/instalaciones-especializadas\/pilot-plant\/#primaryimage"},"thumbnailUrl":"https:\/\/www.kadans.com\/wp-content\/uploads\/Molecules-scaled.jpg","datePublished":"2025-01-21T08:55:37+00:00","dateModified":"2026-02-10T17:34:29+00:00","description":"Kadans ofrece plantas piloto personalizadas en cl\u00fasteres cient\u00edficos de Europa, junto con laboratorios y salas limpias, para impulsar tu investigaci\u00f3n y desarrollo.","breadcrumb":{"@id":"https:\/\/www.kadans.com\/es\/instalaciones-especializadas\/pilot-plant\/#breadcrumb"},"inLanguage":"es","potentialAction":[{"@type":"ReadAction","target":["https:\/\/www.kadans.com\/es\/instalaciones-especializadas\/pilot-plant\/"]}]},{"@type":"ImageObject","inLanguage":"es","@id":"https:\/\/www.kadans.com\/es\/instalaciones-especializadas\/pilot-plant\/#primaryimage","url":"https:\/\/www.kadans.com\/wp-content\/uploads\/Molecules-scaled.jpg","contentUrl":"https:\/\/www.kadans.com\/wp-content\/uploads\/Molecules-scaled.jpg","width":2560,"height":2560},{"@type":"BreadcrumbList","@id":"https:\/\/www.kadans.com\/es\/instalaciones-especializadas\/pilot-plant\/#breadcrumb","itemListElement":[{"@type":"ListItem","position":1,"name":"Home","item":"https:\/\/www.kadans.com\/es\/"},{"@type":"ListItem","position":2,"name":"Instalaciones especializadas","item":"https:\/\/www.kadans.com\/es\/instalaciones-especializadas\/"},{"@type":"ListItem","position":3,"name":"Planta piloto"}]},{"@type":"WebSite","@id":"https:\/\/www.kadans.com\/es\/#website","url":"https:\/\/www.kadans.com\/es\/","name":"Kadans Science Partner","description":"","potentialAction":[{"@type":"SearchAction","target":{"@type":"EntryPoint","urlTemplate":"https:\/\/www.kadans.com\/es\/?s={search_term_string}"},"query-input":{"@type":"PropertyValueSpecification","valueRequired":true,"valueName":"search_term_string"}}],"inLanguage":"es"}]}},"_links":{"self":[{"href":"https:\/\/www.kadans.com\/es\/wp-json\/wp\/v2\/pages\/10962","targetHints":{"allow":["GET"]}}],"collection":[{"href":"https:\/\/www.kadans.com\/es\/wp-json\/wp\/v2\/pages"}],"about":[{"href":"https:\/\/www.kadans.com\/es\/wp-json\/wp\/v2\/types\/page"}],"author":[{"embeddable":true,"href":"https:\/\/www.kadans.com\/es\/wp-json\/wp\/v2\/users\/8"}],"replies":[{"embeddable":true,"href":"https:\/\/www.kadans.com\/es\/wp-json\/wp\/v2\/comments?post=10962"}],"version-history":[{"count":2,"href":"https:\/\/www.kadans.com\/es\/wp-json\/wp\/v2\/pages\/10962\/revisions"}],"predecessor-version":[{"id":17515,"href":"https:\/\/www.kadans.com\/es\/wp-json\/wp\/v2\/pages\/10962\/revisions\/17515"}],"up":[{"embeddable":true,"href":"https:\/\/www.kadans.com\/es\/wp-json\/wp\/v2\/pages\/9265"}],"wp:featuredmedia":[{"embeddable":true,"href":"https:\/\/www.kadans.com\/es\/wp-json\/wp\/v2\/media\/11003"}],"wp:attachment":[{"href":"https:\/\/www.kadans.com\/es\/wp-json\/wp\/v2\/media?parent=10962"}],"curies":[{"name":"wp","href":"https:\/\/api.w.org\/{rel}","templated":true}]}}