{"id":9055,"date":"2024-11-18T09:35:12","date_gmt":"2024-11-18T07:35:12","guid":{"rendered":"https:\/\/kadans.onest-dev.nl\/contact\/"},"modified":"2025-12-03T15:36:15","modified_gmt":"2025-12-03T13:36:15","slug":"contact","status":"publish","type":"page","link":"https:\/\/www.kadans.com\/es\/contactanos\/","title":{"rendered":"Cont\u00e1ctanos"},"content":{"rendered":"<section id=\"hero_1\" class=\"desktop_yes mobile_yes size_small \">\t\r\n\t\r\n\t<div class=\"background_wrap\">\r\n\r\n\t\t\t<img loading=\"lazy\" decoding=\"async\" class=\"object_fit\" \t\t\t\t\t\t\t  \r\n\t\t\t  srcset=\"https:\/\/www.kadans.com\/wp-content\/uploads\/Rectangle-550_2-650x361.png 650w, https:\/\/www.kadans.com\/wp-content\/uploads\/Rectangle-550_2-1200x667.png 1024w, https:\/\/www.kadans.com\/wp-content\/uploads\/Rectangle-550_2-1600x889.png 1800w\" \t\t\t\t\t\t\t\t\t  \r\n\t\t\t  sizes=\"auto, (max-width: 700px) 650px, (max-width: 1200px) 1024px, 1800px\"  \t  \r\n\t\t\t  src=\"https:\/\/www.kadans.com\/wp-content\/uploads\/Rectangle-550_2-1600x889.png\" \r\n\t\t\t  width=\"1024\"\r\n\t\t\t  height=\"569\"\t\t\t\t\t\t\t  \r\n\t\t\t  alt=\"Moleculen image for Science\" \r\n\t\t\t\/>\r\n\t\t\r\n\t\t\r\n\t<\/div>\r\n\t\r\n\t\r\n\t<div class=\"container\">\r\n\t\t<div class=\"row\">\r\n\t\t\t<div class=\"col-sm-12 col-md-12 col-lg-8 left_column\">\t\t\t\r\n\t\t\t\t<div class=\"outer\">\r\n\t\t\t\t\t<div class=\"inner\">\r\n\t\t\t\t\t\t\r\n\t\t\t\t\t\t<h1 class=\"subtitle\">Built for innovation<\/h1>\t\t\t\t\t\t\r\n\t\t\t\t\t\t<h2>Cont\u00e1ctanos<\/h2>\t\t\t\t\t\t\r\n\t\t\t\t\t\t\r\n\t\t\t\t\t\t\t\t\t\t\t\t\r\n\t\t\t\t\t\t\t\t\t\t\t<\/div>\r\n\t\t\t\t<\/div>\t\t\t\t\t\t\r\n\t\t\t<\/div>\r\n\t\t<\/div>\r\n\t<\/div>\r\n\t\r\n\t\r\n<\/section>\r\n\r\n<script>\r\n\tjQuery(document).ready(function($){ \r\n\t\t\r\n\t\t$('body').addClass('has_hero');\r\n\t\t\r\n\t\t$(window).scroll(function(){\r\n\r\n\t\t\tvar curHeight = $('#hero_1').outerHeight();\r\n\t\t\t\r\n\t\t\tif ($(window).scrollTop() > curHeight) {\r\n\t\t\t\t$('#hero_1 .background_wrap').fadeOut(100);\r\n\t\t\t}\t\t\r\n\t\t\telse \r\n\t\t\t{\r\n\t\t\t\t$('#hero_1 .background_wrap').fadeIn(100);\r\n\t\t\t}\r\n\t\t});\r\n\t\t\r\n\t\tif($('#hero_1').nextAll('section:first').hasClass('cta_banner_3')){\r\n\t\t\tvar target = $('#hero_1').nextAll('section:first');\r\n\t\t\t\t$(target).addClass('minus_40');\r\n\t\t}\r\n\t\t\r\n\t});\r\n<\/script>\n\n\r\n<section class=\"whitespace desktop_yes mobile_yes big bg_white\">\r\n<\/section>\n\n<section class=\"contact_blok desktop_yes mobile_yes \">\r\n\t<div class=\"container\">\r\n\t\t<div class=\"row\">\r\n\t\t\r\n\t\t\t<div class=\"col-sm-12 col-md-12 col-lg-4 left_column\">\r\n\t\t\t\t<h3>HQ<\/h3>\n<p>Koningsweg 101, quinta planta<br \/>\n5211 BH &#8216;s-Hertogenbosch<br \/>\nPa\u00edses Bajos<\/p>\n<p>Disponemos de dos puntos de carga para tu coche el\u00e9ctrico o h\u00edbrido.<\/p>\n<p><strong>Tel\u00e9fono<\/strong><br \/>\n<a href=\"tel:0880500777\">+31 (0)88 0500 777<\/a><\/p>\n<p><strong>Email<\/strong><br \/>\n<a href=\"mailto:info@kadans.com\">info@kadans.com<\/a><\/p>\n<p><strong>Horario laboral<\/strong><br \/>\nLun. \u2013 Vie. 8:30 \u2013 17:00<\/p>\n<p><strong>Soporte 24\/7 para inquilinos<\/strong><br \/>\nVisita la <a href=\"https:\/\/community.kadans.com\/\" target=\"_blank\" rel=\"noopener\">plataforma comunitaria<\/a><\/p>\n\t\t\t<\/div>\r\n\r\n\t\t\t<div class=\"col-sm-12 col-md-12 col-lg-8 right_column\">\r\n\t\t\t\t<div class=\"inner\">\r\n\t\t\t\t\t\r\n\t\t\t\t\t<h2>\u00bfQuieres saber m\u00e1s sobre lo que Kadans Science Partner puede ofrecerte?<\/h2><p>Rellena el formulario de contacto a continuaci\u00f3n y haz clic en enviar, estaremos encantados de ponernos en contacto contigo.<\/p>\n\t\t\t\t\t\r\n\t\t\t\t\t\t\t\t\t\t\r\n\t\t\t\t\t\r\n\t\t\t\t\t\t\t\t\t\t\t\t\t\t<div class=\"insight_forms_container\">\r\n\t\t\t\t\t\t\t\t\r\n\t\t\t\t\t\t\t\t\t<script>\t\t\t\t\r\n\t\t\t\t\t\t\t\t\t\t\r\n\t\t\t\t\t\t\t\t\t\tdocument.addEventListener(\"d365mkt-afterformload\", function() {\r\n\t\t\t\t\t\t\t\t\t\t\t\r\n\t\t\t\t\t\t\t\t\t\t\t\/\/ Function to find input element based on label text\r\n\t\t\t\t\t\t\t\t\t\t\tfunction findInputByLabelText(labelText) {\r\n\t\t\t\t\t\t\t\t\t\t\t  var labels = document.querySelectorAll('label[title=\"' + labelText + '\"]');\r\n\t\t\t\t\t\t\t\t\t\t\t  for (var i = 0; i < labels.length; i++) {\r\n\t\t\t\t\t\t\t\t\t\t\t\tvar label = labels[i];\r\n\t\t\t\t\t\t\t\t\t\t\t\tvar inputId = label.getAttribute(\"for\");\r\n\t\t\t\t\t\t\t\t\t\t\t\tif (inputId) {\r\n\t\t\t\t\t\t\t\t\t\t\t\t  var inputElement = document.getElementById(inputId);\r\n\t\t\t\t\t\t\t\t\t\t\t\t  if (inputElement) {\r\n\t\t\t\t\t\t\t\t\t\t\t\t\treturn inputElement;\r\n\t\t\t\t\t\t\t\t\t\t\t\t  }\r\n\t\t\t\t\t\t\t\t\t\t\t\t}\r\n\t\t\t\t\t\t\t\t\t\t\t  }\r\n\t\t\t\t\t\t\t\t\t\t\t  return null;\r\n\t\t\t\t\t\t\t\t\t\t\t}\r\n\r\n\t\t\t\t\t\t\t\t\t\t\tfunction populateFormFields() {\r\n\t\t\t\t\t\t\t\t\t\t\t\t\r\n\t\t\t\t\t\t\t\t\t\t\t\tlet params = new URLSearchParams(document.location.search);\t\t\t\t\t\t\r\n\t\t\t\t\t\t\t\t\t\t\t\tlet referrerUrlField = findInputByLabelText(\"Entry URL\");\r\n\t\t\t\t\t\t\t\t\t\t\t\tlet pageUrlField = findInputByLabelText(\"Page URL\");\r\n\t\t\t\t\t\t\t\t\t\t\t\tlet utmSourceField = findInputByLabelText(\"UTM Source\");\r\n\t\t\t\t\t\t\t\t\t\t\t\tlet utmCampaignField = findInputByLabelText(\"UTM Campaign\");\r\n\t\t\t\t\t\t\t\t\t\t\t\tlet utmMediumField = findInputByLabelText(\"UTM Medium\");\r\n\t\t\t\t\t\t\t\t\t\t\t\tlet utmContentField = findInputByLabelText(\"UTM Content\");\r\n\t\t\t\t\t\t\t\t\t\t\t\tlet utmTermField = findInputByLabelText(\"UTM Term\");\r\n\t\t\t\t\t\t\t\t\t\t\t\tlet campagneIdField = findInputByLabelText(\"Source Campaign\");\r\n\t\t\t\t\t\t\t\t\t\t\t\t\r\n\t\t\t\t\t\t\t\t\t\t\t\tif(pageUrlField){\t\r\n\t\t\t\t\t\t\t\t\t\t\t\t\tpageUrlField.value = window.location.href;\r\n\t\t\t\t\t\t\t\t\t\t\t\t}\r\n\t\t\t\t\t\t\t\t\t\t\t\t\r\n\t\t\t\t\t\t\t\t\t\t\t\tif(campagneIdField){\r\n\t\t\t\t\t\t\t\t\t\t\t\t\tcampagneIdField.value = 'N\/A';\r\n\t\t\t\t\t\t\t\t\t\t\t\t}\t\t\t\t\t\t\t\t\t\t\t\t\r\n\t\t\t\t\t\t\t\t\t\t\t\t\r\n\t\t\t\t\t\t\t\t\t\t\t\t\t\t\t\t\t\t\t\t\t\t\t\t\t\t\t\t\t\t\t\r\n\t\t\t\t\t\t\t\t\t\t\t\t\tlet cookie = Cookies.get('lead');\r\n\t\t\t\t\t\t\t\t\t\t\t\t\t\r\n\t\t\t\t\t\t\t\t\t\t\t\t\tif(cookie){\r\n\t\t\t\t\t\t\t\t\t\t\t\t\t\t\r\n\t\t\t\t\t\t\t\t\t\t\t\t\t\tconst lead = JSON.parse(Cookies.get('lead'));\r\n\t\t\t\t\t\t\t\t\t\t\t\t\t\t\t\r\n\t\t\t\t\t\t\t\t\t\t\t\t\t\tif(referrerUrlField){\r\n\t\t\t\t\t\t\t\t\t\t\t\t\t\t\treferrerUrlField.value = lead[0].ref_url;\t\t\t\t\t\t\t\r\n\t\t\t\t\t\t\t\t\t\t\t\t\t\t}\r\n\t\t\t\t\t\t\t\t\t\t\t\t\t\t\r\n\t\t\t\t\t\t\t\t\t\t\t\t\t\tif(utmSourceField){\r\n\t\t\t\t\t\t\t\t\t\t\t\t\t\t\tutmSourceField.value = lead[0].utm_source;\r\n\t\t\t\t\t\t\t\t\t\t\t\t\t\t}\r\n\t\t\t\t\t\t\t\t\t\t\t\t\t\t\r\n\t\t\t\t\t\t\t\t\t\t\t\t\t\tif(utmCampaignField){\r\n\t\t\t\t\t\t\t\t\t\t\t\t\t\t\tutmCampaignField.value = lead[0].utm_campaign;\r\n\t\t\t\t\t\t\t\t\t\t\t\t\t\t}\r\n\t\t\t\t\t\t\t\t\t\t\t\t\t\t\r\n\t\t\t\t\t\t\t\t\t\t\t\t\t\tif(utmMediumField){\r\n\t\t\t\t\t\t\t\t\t\t\t\t\t\t\tutmMediumField.value = lead[0].utm_medium;\r\n\t\t\t\t\t\t\t\t\t\t\t\t\t\t}\r\n\t\t\t\t\t\t\t\t\t\t\t\t\t\t\r\n\t\t\t\t\t\t\t\t\t\t\t\t\t\tif(utmContentField){\r\n\t\t\t\t\t\t\t\t\t\t\t\t\t\t\tutmContentField.value = lead[0].utm_content;\r\n\t\t\t\t\t\t\t\t\t\t\t\t\t\t}\r\n\r\n\t\t\t\t\t\t\t\t\t\t\t\t\t\tif(utmTermField){\r\n\t\t\t\t\t\t\t\t\t\t\t\t\t\t\tutmTermField.value = lead[0].utm_term;\r\n\t\t\t\t\t\t\t\t\t\t\t\t\t\t}\t\t\t\t\t\t\t\t\r\n\t\t\t\t\t\t\t\t\t\t\t\t\t}\r\n\t\t\t\t\t\t\t\t\t\t\t\t\telse\r\n\t\t\t\t\t\t\t\t\t\t\t\t\t{\r\n\t\t\t\t\t\t\t\t\t\t\t\t\t\tif(referrerUrlField){\r\n\t\t\t\t\t\t\t\t\t\t\t\t\t\t\treferrerUrlField.value = 'N\/A';\t\t\t\t\t\t\t\r\n\t\t\t\t\t\t\t\t\t\t\t\t\t\t}\r\n\t\t\t\t\t\t\t\t\t\t\t\t\t\t\r\n\t\t\t\t\t\t\t\t\t\t\t\t\t\tif(utmSourceField){\r\n\t\t\t\t\t\t\t\t\t\t\t\t\t\t\tutmSourceField.value = 'N\/A';\r\n\t\t\t\t\t\t\t\t\t\t\t\t\t\t}\r\n\r\n\t\t\t\t\t\t\t\t\t\t\t\t\t\tif(utmCampaignField){\r\n\t\t\t\t\t\t\t\t\t\t\t\t\t\t\tutmCampaignField.value = 'N\/A';\r\n\t\t\t\t\t\t\t\t\t\t\t\t\t\t}\r\n\t\t\t\t\t\t\t\t\t\t\t\t\t\t\r\n\t\t\t\t\t\t\t\t\t\t\t\t\t\tif(utmMediumField){\r\n\t\t\t\t\t\t\t\t\t\t\t\t\t\t\tutmMediumField.value = 'N\/A';\r\n\t\t\t\t\t\t\t\t\t\t\t\t\t\t}\r\n\t\t\t\t\t\t\t\t\t\t\t\t\t\t\r\n\t\t\t\t\t\t\t\t\t\t\t\t\t\tif(utmContentField){\r\n\t\t\t\t\t\t\t\t\t\t\t\t\t\t\tutmContentField.value = 'N\/A';\r\n\t\t\t\t\t\t\t\t\t\t\t\t\t\t}\r\n\r\n\t\t\t\t\t\t\t\t\t\t\t\t\t\tif(utmTermField){\r\n\t\t\t\t\t\t\t\t\t\t\t\t\t\t\tutmTermField.value = 'N\/A';\r\n\t\t\t\t\t\t\t\t\t\t\t\t\t\t}\t\t\t\t\t\t\t\t\r\n\t\t\t\t\t\t\t\t\t\t\t\t\t}\t\r\n\t\t\t\t\t\t\t\t\t\t\t\t\r\n\t\t\t\t\t\t\t\t\t\t\t\t\t\t\t\t\t\t\t\t\t\t\t}\r\n\r\n\t\t\t\t\t\t\t\t\t\t\tpopulateFormFields();\r\n\t\t\t\t\t\t\t\t\t\t\t\t\t\t\t\t\r\n\t\t\t\t\t\t\t\t\t\t\t\/* \r\n\t\t\t\t\t\t\t\t\t\t\tTest \r\n\t\t\t\t\t\t\t\t\t\t\t*\/\t\t\t\t\t\r\n\t\t\t\t\t\t\t\t\t\t\t\r\n\t\t\t\t\t\t\t\t\t\t\tconsole.log(\"d365mkt-afterformload\");\r\n\t\t\t\t\t\t\t\t\t\t\t\t\t\t\t\t\r\n\t\t\t\t\t\t\t\t\t\t\tlet referrerUrlField = findInputByLabelText(\"Entry URL\");\r\n\t\t\t\t\t\t\t\t\t\t\tlet utmSourceField = findInputByLabelText(\"UTM Source\");\r\n\t\t\t\t\t\t\t\t\t\t\tlet utmCampaignField = findInputByLabelText(\"UTM Campaign\");\r\n\t\t\t\t\t\t\t\t\t\t\tlet utmMediumField = findInputByLabelText(\"UTM Medium\");\r\n\t\t\t\t\t\t\t\t\t\t\tlet utmContentField = findInputByLabelText(\"UTM Content\");\r\n\t\t\t\t\t\t\t\t\t\t\tlet utmTermField = findInputByLabelText(\"UTM Term\");\r\n\t\t\t\t\t\t\t\t\t\t\tlet pageUrlField = findInputByLabelText(\"Page URL\");\r\n\t\t\t\t\t\t\t\t\t\t\tlet campagneIdField = findInputByLabelText(\"Source Campaign\");\t\t\t\t\t\t\t\t\t\t\t\r\n\t\t\t\t\t\t\t\t\t\t\t\t\t\t\t\t\r\n\t\t\t\t\t\t\t\t\t\t\tconsole.log('Page URL: '+pageUrlField.value);\r\n\t\t\t\t\t\t\t\t\t\t\tconsole.log('Entry URL: '+referrerUrlField.value);\r\n\t\t\t\t\t\t\t\t\t\t\t\r\n\t\t\t\t\t\t\t\t\t\t\tif(campagneIdField){\r\n\t\t\t\t\t\t\t\t\t\t\t\tconsole.log('Source Campaign: '+campagneIdField.value);\r\n\t\t\t\t\t\t\t\t\t\t\t}\r\n\t\t\t\t\t\t\t\t\t\t\t\r\n\t\t\t\t\t\t\t\t\t\t\tconsole.log('UTM Campaign: '+utmCampaignField.value);\r\n\t\t\t\t\t\t\t\t\t\t\tconsole.log('UTM Medium: '+utmMediumField.value);\t\t\t\t\t\r\n\t\t\t\t\t\t\t\t\t\t\tconsole.log('UTM Source: '+utmSourceField.value);\r\n\t\t\t\t\t\t\t\t\t\t\tconsole.log('UTM Term: '+utmTermField.value);\r\n\t\t\t\t\t\t\t\t\t\t\tconsole.log('UTM Content: '+utmContentField.value);\r\n\t\t\t\t\t\t\t\t\t\t\t\r\n\t\t\t\t\t\t\t\t\t\t});\r\n\r\n\t\t\t\t\t\t\t\t\t\tdocument.addEventListener(\"d365mkt-afterformsubmit\", function(event) {\r\n\t\t\t\t\t\t\t\t\t\t\t\r\n\t\t\t\t\t\t\t\t\t\t\tconsole.log(\"success - \" + event.detail.successful);\r\n\t\t\t\t\t\t\t\t\t\t\tconsole.log(\"payload - \" + JSON.stringify(event.detail.payload));\r\n\t\t\t\t\t\t\t\t\t\t  \r\n\t\t\t\t\t\t\t\t\t\t\tlet cookie = Cookies.get('lead');\r\n\t\t\t\t\t\t\t\t\t\t\t\r\n\t\t\t\t\t\t\t\t\t\t\tif(cookie) {\r\n\t\t\t\t\t\t\t\t\t\t\t\tCookies.remove('lead');\r\n\t\t\t\t\t\t\t\t\t\t\t}\r\n\t\t\t\t\t\t\t\t\t\t  \r\n\t\t\t\t\t\t\t\t\t\t});\r\n\r\n\t\t\t\t\t\t\t\t\t<\/script>\r\n\t\t\t\t\t\t\t\t\t\r\n\t\t\t\t\t\t\t\t\t<div\r\n\t\t\t\t\t\t\t\t\t\tdata-form-id='7b343685-9f51-f011-877b-7c1e52fba0e3'\r\n\t\t\t\t\t\t\t\t\t\tdata-form-api-url='https:\/\/public-eur.mkt.dynamics.com\/api\/v1.0\/orgs\/1b693ce0-f5e5-ee11-9048-000d3ab8d262\/landingpageforms'\r\n\t\t\t\t\t\t\t\t\t\tdata-cached-form-url='https:\/\/assets-eur.mkt.dynamics.com\/1b693ce0-f5e5-ee11-9048-000d3ab8d262\/digitalassets\/forms\/7b343685-9f51-f011-877b-7c1e52fba0e3'><\/div>\r\n\t\t\t\t\t\t\t\t\t\t<script src = 'https:\/\/cxppusa1formui01cdnsa01-endpoint.azureedge.net\/eur\/FormLoader\/FormLoader.bundle.js' ><\/script>\r\n\t\t\t\t\t\t\t\t\t\t<script>document.documentElement.lang = navigator.language;<\/script>\r\n\t\t\t\t\t\t\t\t<\/div>\r\n\t\t\t\t\t\t\t\t\r\n\t\t\t\t\t\t\t\t\t\t\t\r\n\t\t\t\t\t\r\n\t\t\t\t\t\r\n\t\t\t\t\t\r\n\t\t\t\t\t\r\n\t\t\t\t\t\r\n\t\t\t\t\t\r\n\t\t\t\t\t\r\n\t\t\t\t\t\r\n\t\t\t\t\t\t\t\t\t\t\r\n\t\t\t\t\t\r\n\t\t\t\t<\/div>\r\n\t\t\t<\/div>\t\t\t\r\n\t\r\n\t\t<\/div>\r\n\t<\/div>\r\n<\/section>\n\n\r\n<section id=\"locations\" class=\"whitespace desktop_yes mobile_yes big bg_white\">\r\n<\/section>\n\n<section id=\"solutions\" class=\"desktop_yes mobile_yes background_ contact_locations\">\n\t<div class=\"container\">\t\t\n\t\t<div class=\"row\">\t\t\t\t\t\t\n\t\t\t\n\t\t\t<div class=\"col-md-12 col-lg-10\">\n\t\t\t\t<h2>European offices<\/h2>\t\t\t<\/div>\n\t\t<\/div>\t\t\t\t\n\t\t\n\t\t\n\t\t<div class=\"row\">\t\t\t\t\t\t\n\t\t\n\t\t\t\t\t\t\t<div class=\"col-md-4 col-lg-3\">\n\t\t\t\t\t<div class=\"solution_block\">\n\t\t\t\t\t\n\t\t\t\t\t\t<p><strong>B\u00e9lgica<\/strong><\/p>\n<p>Rue Granbonpr\u00e9, 11<br \/>\n1435<br \/>\nMont\u2011Saint\u2011Guibert<\/p>\n<p><a href=\"tel:0031411625625\">+31(0)411 625 625<\/a><\/p>\n\t\t\t\t\t<\/div>\t\n\t\t\t\t<\/div>\t\t\t\n\t\t\t\t\t\t\t\t<div class=\"col-md-4 col-lg-3\">\n\t\t\t\t\t<div class=\"solution_block\">\n\t\t\t\t\t\n\t\t\t\t\t\t<p><strong>Alemania<\/strong><\/p>\n<div class=\"fusion-li-item-content\">\n<p>Graf\u2011Adolf\u2011Platz (GAP) 15<br \/>\n40213 D\u00fcsseldorf<\/p>\n<p><a href=\"mailto:+49%20(0)211%20%E2%80%93%2097632830\">+49 (0)211 \u2013 97632830<\/a><\/p>\n<\/div>\n\t\t\t\t\t<\/div>\t\n\t\t\t\t<\/div>\t\t\t\n\t\t\t\t\t\t\t\t<div class=\"col-md-4 col-lg-3\">\n\t\t\t\t\t<div class=\"solution_block\">\n\t\t\t\t\t\n\t\t\t\t\t\t<p><strong>Francia<\/strong><\/p>\n<div class=\"fusion-li-item-content\">\n<p>101 Rue Saint Lazare<br \/>\n75009 Paris<br \/>\nFrance<\/p>\n<\/div>\n<p><a href=\"tel:0031411625625\">+31(0)411 625 625<\/a><\/p>\n\t\t\t\t\t<\/div>\t\n\t\t\t\t<\/div>\t\t\t\n\t\t\t\t\t\t\t\t<div class=\"col-md-4 col-lg-3\">\n\t\t\t\t\t<div class=\"solution_block\">\n\t\t\t\t\t\n\t\t\t\t\t\t<p><strong>Reino Unido e Irlanda<\/strong><\/p>\n<p>London Innovation Centre<br \/>\n20 Water Street<br \/>\nCanary Wharf, London<br \/>\nE14 5GX, United Kingdom<\/p>\n<p><a href=\"tel:+447379633701\">+44(0)7379 633701<\/a><\/p>\n<p>&nbsp;<\/p>\n\t\t\t\t\t<\/div>\t\n\t\t\t\t<\/div>\t\t\t\n\t\t\t\t<\/div><div class=\"row\"><div class=\"col-md-12 col-lg-12\"><\/div>\t\t\t\t<div class=\"col-md-4 col-lg-3\">\n\t\t\t\t\t<div class=\"solution_block\">\n\t\t\t\t\t\n\t\t\t\t\t\t<p><strong>Espa\u00f1a<\/strong><\/p>\n<p>Centro de Negocios Inspiralia<br \/>\nCalle\u00a0Manuel\u00a0Tovar,\u00a049<br \/>\n28034\u00a0Madrid<\/p>\n<p><a href=\"tel:+34664678068\">+34 664 678 068<\/a><\/p>\n\t\t\t\t\t<\/div>\t\n\t\t\t\t<\/div>\t\t\t\n\t\t\t\t\t\t<\/div>\n\t<\/div>\n\t<\/section>\t\n\n\r\n<section class=\"whitespace desktop_yes mobile_yes big bg_white\">\r\n<\/section>\n\n\r\n<section id=\"full_width_image\" class=\"image_full desktop_yes mobile_yes \">\r\n\t\r\n\r\n<div class=\"col-sm-12 col-md-12 col-lg-12 parallax_banner\" \r\nstyle=\"background-image:url(https:\/\/www.kadans.com\/wp-content\/uploads\/Rectangle-550_2.png);\">\r\n<\/div>\r\n\r\n<\/section>","protected":false},"excerpt":{"rendered":"","protected":false},"author":3,"featured_media":11003,"parent":0,"menu_order":0,"comment_status":"closed","ping_status":"closed","template":"","meta":{"_acf_changed":false,"inline_featured_image":false,"footnotes":""},"class_list":["post-9055","page","type-page","status-publish","has-post-thumbnail","hentry"],"acf":[],"yoast_head":"<!-- This site is optimized with the Yoast SEO plugin v27.3 - https:\/\/yoast.com\/product\/yoast-seo-wordpress\/ -->\n<title>Kadans P\u00e1gina de Contacto para Sedes Europeas<\/title>\n<meta name=\"description\" content=\"Contacta con Kadans para consultas soporte o informaci\u00f3n de sedes. Con\u00e9ctate con nuestras oficinas europeas y descubre nuestras soluciones.\" \/>\n<meta name=\"robots\" content=\"index, follow, max-snippet:-1, max-image-preview:large, max-video-preview:-1\" \/>\n<link rel=\"canonical\" href=\"https:\/\/www.kadans.com\/es\/contactanos\/\" \/>\n<meta property=\"og:locale\" content=\"es_ES\" \/>\n<meta property=\"og:type\" content=\"article\" \/>\n<meta property=\"og:title\" content=\"Kadans P\u00e1gina de Contacto para Sedes Europeas\" \/>\n<meta property=\"og:description\" content=\"Contacta con Kadans para consultas soporte o informaci\u00f3n de sedes. Con\u00e9ctate con nuestras oficinas europeas y descubre nuestras soluciones.\" \/>\n<meta property=\"og:url\" content=\"https:\/\/www.kadans.com\/es\/contactanos\/\" \/>\n<meta property=\"og:site_name\" content=\"Kadans Science Partner\" \/>\n<meta property=\"article:modified_time\" content=\"2025-12-03T13:36:15+00:00\" \/>\n<meta property=\"og:image\" content=\"https:\/\/www.kadans.com\/wp-content\/uploads\/Molecules-scaled.jpg\" \/>\n\t<meta property=\"og:image:width\" content=\"2560\" \/>\n\t<meta property=\"og:image:height\" content=\"2560\" \/>\n\t<meta property=\"og:image:type\" content=\"image\/jpeg\" \/>\n<meta name=\"twitter:card\" content=\"summary_large_image\" \/>\n<meta name=\"twitter:label1\" content=\"Tiempo de lectura\" \/>\n\t<meta name=\"twitter:data1\" content=\"1 minuto\" \/>\n<script type=\"application\/ld+json\" class=\"yoast-schema-graph\">{\"@context\":\"https:\\\/\\\/schema.org\",\"@graph\":[{\"@type\":[\"WebPage\",\"ContactPage\"],\"@id\":\"https:\\\/\\\/www.kadans.com\\\/es\\\/contactanos\\\/\",\"url\":\"https:\\\/\\\/www.kadans.com\\\/es\\\/contactanos\\\/\",\"name\":\"Kadans P\u00e1gina de Contacto para Sedes Europeas\",\"isPartOf\":{\"@id\":\"https:\\\/\\\/www.kadans.com\\\/es\\\/#website\"},\"primaryImageOfPage\":{\"@id\":\"https:\\\/\\\/www.kadans.com\\\/es\\\/contactanos\\\/#primaryimage\"},\"image\":{\"@id\":\"https:\\\/\\\/www.kadans.com\\\/es\\\/contactanos\\\/#primaryimage\"},\"thumbnailUrl\":\"https:\\\/\\\/www.kadans.com\\\/wp-content\\\/uploads\\\/Molecules-scaled.jpg\",\"datePublished\":\"2024-11-18T07:35:12+00:00\",\"dateModified\":\"2025-12-03T13:36:15+00:00\",\"description\":\"Contacta con Kadans para consultas soporte o informaci\u00f3n de sedes. Con\u00e9ctate con nuestras oficinas europeas y descubre nuestras soluciones.\",\"breadcrumb\":{\"@id\":\"https:\\\/\\\/www.kadans.com\\\/es\\\/contactanos\\\/#breadcrumb\"},\"inLanguage\":\"es\",\"potentialAction\":[{\"@type\":\"ReadAction\",\"target\":[\"https:\\\/\\\/www.kadans.com\\\/es\\\/contactanos\\\/\"]}]},{\"@type\":\"ImageObject\",\"inLanguage\":\"es\",\"@id\":\"https:\\\/\\\/www.kadans.com\\\/es\\\/contactanos\\\/#primaryimage\",\"url\":\"https:\\\/\\\/www.kadans.com\\\/wp-content\\\/uploads\\\/Molecules-scaled.jpg\",\"contentUrl\":\"https:\\\/\\\/www.kadans.com\\\/wp-content\\\/uploads\\\/Molecules-scaled.jpg\",\"width\":2560,\"height\":2560},{\"@type\":\"BreadcrumbList\",\"@id\":\"https:\\\/\\\/www.kadans.com\\\/es\\\/contactanos\\\/#breadcrumb\",\"itemListElement\":[{\"@type\":\"ListItem\",\"position\":1,\"name\":\"Home\",\"item\":\"https:\\\/\\\/www.kadans.com\\\/es\\\/\"},{\"@type\":\"ListItem\",\"position\":2,\"name\":\"Cont\u00e1ctanos\"}]},{\"@type\":\"WebSite\",\"@id\":\"https:\\\/\\\/www.kadans.com\\\/es\\\/#website\",\"url\":\"https:\\\/\\\/www.kadans.com\\\/es\\\/\",\"name\":\"Kadans Science Partner\",\"description\":\"\",\"potentialAction\":[{\"@type\":\"SearchAction\",\"target\":{\"@type\":\"EntryPoint\",\"urlTemplate\":\"https:\\\/\\\/www.kadans.com\\\/es\\\/?s={search_term_string}\"},\"query-input\":{\"@type\":\"PropertyValueSpecification\",\"valueRequired\":true,\"valueName\":\"search_term_string\"}}],\"inLanguage\":\"es\"}]}<\/script>\n<!-- \/ Yoast SEO plugin. -->","yoast_head_json":{"title":"Kadans P\u00e1gina de Contacto para Sedes Europeas","description":"Contacta con Kadans para consultas soporte o informaci\u00f3n de sedes. Con\u00e9ctate con nuestras oficinas europeas y descubre nuestras soluciones.","robots":{"index":"index","follow":"follow","max-snippet":"max-snippet:-1","max-image-preview":"max-image-preview:large","max-video-preview":"max-video-preview:-1"},"canonical":"https:\/\/www.kadans.com\/es\/contactanos\/","og_locale":"es_ES","og_type":"article","og_title":"Kadans P\u00e1gina de Contacto para Sedes Europeas","og_description":"Contacta con Kadans para consultas soporte o informaci\u00f3n de sedes. Con\u00e9ctate con nuestras oficinas europeas y descubre nuestras soluciones.","og_url":"https:\/\/www.kadans.com\/es\/contactanos\/","og_site_name":"Kadans Science Partner","article_modified_time":"2025-12-03T13:36:15+00:00","og_image":[{"width":2560,"height":2560,"url":"https:\/\/www.kadans.com\/wp-content\/uploads\/Molecules-scaled.jpg","type":"image\/jpeg"}],"twitter_card":"summary_large_image","twitter_misc":{"Tiempo de lectura":"1 minuto"},"schema":{"@context":"https:\/\/schema.org","@graph":[{"@type":["WebPage","ContactPage"],"@id":"https:\/\/www.kadans.com\/es\/contactanos\/","url":"https:\/\/www.kadans.com\/es\/contactanos\/","name":"Kadans P\u00e1gina de Contacto para Sedes Europeas","isPartOf":{"@id":"https:\/\/www.kadans.com\/es\/#website"},"primaryImageOfPage":{"@id":"https:\/\/www.kadans.com\/es\/contactanos\/#primaryimage"},"image":{"@id":"https:\/\/www.kadans.com\/es\/contactanos\/#primaryimage"},"thumbnailUrl":"https:\/\/www.kadans.com\/wp-content\/uploads\/Molecules-scaled.jpg","datePublished":"2024-11-18T07:35:12+00:00","dateModified":"2025-12-03T13:36:15+00:00","description":"Contacta con Kadans para consultas soporte o informaci\u00f3n de sedes. Con\u00e9ctate con nuestras oficinas europeas y descubre nuestras soluciones.","breadcrumb":{"@id":"https:\/\/www.kadans.com\/es\/contactanos\/#breadcrumb"},"inLanguage":"es","potentialAction":[{"@type":"ReadAction","target":["https:\/\/www.kadans.com\/es\/contactanos\/"]}]},{"@type":"ImageObject","inLanguage":"es","@id":"https:\/\/www.kadans.com\/es\/contactanos\/#primaryimage","url":"https:\/\/www.kadans.com\/wp-content\/uploads\/Molecules-scaled.jpg","contentUrl":"https:\/\/www.kadans.com\/wp-content\/uploads\/Molecules-scaled.jpg","width":2560,"height":2560},{"@type":"BreadcrumbList","@id":"https:\/\/www.kadans.com\/es\/contactanos\/#breadcrumb","itemListElement":[{"@type":"ListItem","position":1,"name":"Home","item":"https:\/\/www.kadans.com\/es\/"},{"@type":"ListItem","position":2,"name":"Cont\u00e1ctanos"}]},{"@type":"WebSite","@id":"https:\/\/www.kadans.com\/es\/#website","url":"https:\/\/www.kadans.com\/es\/","name":"Kadans Science Partner","description":"","potentialAction":[{"@type":"SearchAction","target":{"@type":"EntryPoint","urlTemplate":"https:\/\/www.kadans.com\/es\/?s={search_term_string}"},"query-input":{"@type":"PropertyValueSpecification","valueRequired":true,"valueName":"search_term_string"}}],"inLanguage":"es"}]}},"_links":{"self":[{"href":"https:\/\/www.kadans.com\/es\/wp-json\/wp\/v2\/pages\/9055","targetHints":{"allow":["GET"]}}],"collection":[{"href":"https:\/\/www.kadans.com\/es\/wp-json\/wp\/v2\/pages"}],"about":[{"href":"https:\/\/www.kadans.com\/es\/wp-json\/wp\/v2\/types\/page"}],"author":[{"embeddable":true,"href":"https:\/\/www.kadans.com\/es\/wp-json\/wp\/v2\/users\/3"}],"replies":[{"embeddable":true,"href":"https:\/\/www.kadans.com\/es\/wp-json\/wp\/v2\/comments?post=9055"}],"version-history":[{"count":5,"href":"https:\/\/www.kadans.com\/es\/wp-json\/wp\/v2\/pages\/9055\/revisions"}],"predecessor-version":[{"id":16257,"href":"https:\/\/www.kadans.com\/es\/wp-json\/wp\/v2\/pages\/9055\/revisions\/16257"}],"wp:featuredmedia":[{"embeddable":true,"href":"https:\/\/www.kadans.com\/es\/wp-json\/wp\/v2\/media\/11003"}],"wp:attachment":[{"href":"https:\/\/www.kadans.com\/es\/wp-json\/wp\/v2\/media?parent=9055"}],"curies":[{"name":"wp","href":"https:\/\/api.w.org\/{rel}","templated":true}]}}