{"id":10946,"date":"2025-01-21T10:48:48","date_gmt":"2025-01-21T08:48:48","guid":{"rendered":"https:\/\/kadans.onest-dev.nl\/?page_id=10946"},"modified":"2025-09-30T13:39:49","modified_gmt":"2025-09-30T11:39:49","slug":"cleanroom","status":"publish","type":"page","link":"https:\/\/www.kadans.com\/fr\/installations-specialisees\/salle-blanche\/","title":{"rendered":"Salle blanche"},"content":{"rendered":"<section id=\"hero_1\" class=\"desktop_yes mobile_yes size_small \">\t\r\n\t\r\n\t<div class=\"background_wrap\">\r\n\r\n\t\t\t<img loading=\"lazy\" decoding=\"async\" class=\"object_fit\" \t\t\t\t\t\t\t  \r\n\t\t\t  srcset=\"https:\/\/www.kadans.com\/wp-content\/uploads\/Rectangle-550_2-650x361.png 650w, https:\/\/www.kadans.com\/wp-content\/uploads\/Rectangle-550_2-1200x667.png 1024w, https:\/\/www.kadans.com\/wp-content\/uploads\/Rectangle-550_2-1600x889.png 1800w\" \t\t\t\t\t\t\t\t\t  \r\n\t\t\t  sizes=\"auto, (max-width: 700px) 650px, (max-width: 1200px) 1024px, 1800px\"  \t  \r\n\t\t\t  src=\"https:\/\/www.kadans.com\/wp-content\/uploads\/Rectangle-550_2-1600x889.png\" \r\n\t\t\t  width=\"1024\"\r\n\t\t\t  height=\"569\"\t\t\t\t\t\t\t  \r\n\t\t\t  alt=\"Moleculen image for Science\" \r\n\t\t\t\/>\r\n\t\t\r\n\t\t\r\n\t<\/div>\r\n\t\r\n\t\r\n\t<div class=\"container\">\r\n\t\t<div class=\"row\">\r\n\t\t\t<div class=\"col-sm-12 col-md-12 col-lg-8 left_column\">\t\t\t\r\n\t\t\t\t<div class=\"outer\">\r\n\t\t\t\t\t<div class=\"inner\">\r\n\t\t\t\t\t\t\r\n\t\t\t\t\t\t<h1 class=\"subtitle\">Installations de salles blanches sur mesure<\/h1>\t\t\t\t\t\t\r\n\t\t\t\t\t\t<h2>Des espaces de travail adapt\u00e9s \u00e0 vos besoins<\/h2>\t\t\t\t\t\t\r\n\t\t\t\t\t\t\r\n\t\t\t\t\t\t<p>Pour les entreprises et les chercheurs dans des secteurs tels que l&rsquo;industrie pharmaceutique, la biotechnologie, la micro\u00e9lectronique et la s\u00e9curit\u00e9 alimentaire, une salle blanche est souvent indispensable. Cependant, la r\u00e9alisation d&rsquo;un tel espace est tout sauf standard. Chaque application impose des exigences diff\u00e9rentes en mati\u00e8re de qualit\u00e9 de l&rsquo;air, de temp\u00e9rature, de choix des mat\u00e9riaux et d&rsquo;am\u00e9nagement. C&rsquo;est pourquoi Kadans d\u00e9veloppe des salles blanches enti\u00e8rement adapt\u00e9es aux besoins de l&rsquo;utilisateur, de la conception initiale \u00e0 la livraison cl\u00e9 en main.<\/p>\n\t\t\t\t\t\t\r\n\t\t\t\t\t\t\t\t\t\t\t<\/div>\r\n\t\t\t\t<\/div>\t\t\t\t\t\t\r\n\t\t\t<\/div>\r\n\t\t<\/div>\r\n\t<\/div>\r\n\t\r\n\t\r\n<\/section>\r\n\r\n<script>\r\n\tjQuery(document).ready(function($){ \r\n\t\t\r\n\t\t$('body').addClass('has_hero');\r\n\t\t\r\n\t\t$(window).scroll(function(){\r\n\r\n\t\t\tvar curHeight = $('#hero_1').outerHeight();\r\n\t\t\t\r\n\t\t\tif ($(window).scrollTop() > curHeight) {\r\n\t\t\t\t$('#hero_1 .background_wrap').fadeOut(100);\r\n\t\t\t}\t\t\r\n\t\t\telse \r\n\t\t\t{\r\n\t\t\t\t$('#hero_1 .background_wrap').fadeIn(100);\r\n\t\t\t}\r\n\t\t});\r\n\t\t\r\n\t\tif($('#hero_1').nextAll('section:first').hasClass('cta_banner_3')){\r\n\t\t\tvar target = $('#hero_1').nextAll('section:first');\r\n\t\t\t\t$(target).addClass('minus_40');\r\n\t\t}\r\n\t\t\r\n\t});\r\n<\/script>\n\n\r\n<section class=\"whitespace desktop_yes mobile_yes big bg_white\">\r\n<\/section>\n\n\t\r\n<section class=\"text_2 desktop_yes mobile_yes elm_primary_400 \">\r\n\t<div class=\"container\">\r\n\t\t<div class=\"row\">\r\n\t\t\t<div class=\"col-sm-12 col-md-12 col-lg-6\">\r\n\t\t\t\t<h2>Une salle blanche adapt\u00e9e \u00e0 vos besoins<\/h2>\t\t\t\r\n\t\t\t<\/div>\r\n\t\t\t<div class=\"col-sm-12 col-md-12 col-lg-1 vert_line\">\r\n\t\t\t<\/div>\r\n\t\t<\/div>\r\n\t\t\r\n\t\t\r\n\t\t<div class=\"row\">\r\n\t\t\t<div class=\"col-sm-12 col-md-12 col-lg-6 left_column\">\r\n\t\t\t\t\t\t\t\t\t<div class=\"image_outer desktop\">\r\n\t\t\t\t\t\t<div class=\"image_wrap\">\t\r\n\t\t\t\t\t\t\t<img loading=\"lazy\" decoding=\"async\" class=\"object_fit\" \t\t\t\t\t\t\t  \r\n\t\t\t\t\t\t\t  srcset=\"https:\/\/www.kadans.com\/wp-content\/uploads\/Clean-energy-storage-solution-1-650x975.jpg 650w, https:\/\/www.kadans.com\/wp-content\/uploads\/Clean-energy-storage-solution-1-e1734442487766.jpg 1024w, https:\/\/www.kadans.com\/wp-content\/uploads\/Clean-energy-storage-solution-1-e1734442487766.jpg 1800w\" \t\t\t\t\t\t\t\t\t  \r\n\t\t\t\t\t\t\t  sizes=\"auto, (max-width: 700px) 650px, (max-width: 1200px) 1024px, 1800px\"  \t  \r\n\t\t\t\t\t\t\t  src=\"https:\/\/www.kadans.com\/wp-content\/uploads\/Clean-energy-storage-solution-1-e1734442487766.jpg\" \r\n\t\t\t\t\t\t\t  width=\"683\"\r\n\t\t\t\t\t\t\t  height=\"1024\"\t\t\t\t\t\t\t  \r\n\t\t\t\t\t\t\t  alt=\"Clean energy storage solution\" \r\n\t\t\t\t\t\t\t\/>\r\n\t\t\t\t\t\t<\/div>\r\n\t\t\t\t\t<\/div>\t\t\t\t\t\r\n\t\t\t\t\t\t\t\r\n\t\t\t<\/div>\r\n\t\t\t<div class=\"col-sm-12 col-md-12 col-lg-1 vert_line\">\r\n\t\t\t<\/div>\t\t\t\r\n\t\t\t<div class=\"col-sm-12 col-md-12 col-lg-5 right_column\">\r\n\t\t\t\t<h3>D\u00e9couvrez des salles blanches adapt\u00e9es \u00e0 vos besoins uniques<\/h3>\r\n\t\t\t\t<p>D\u00e9couvrez des salles blanches enti\u00e8rement adapt\u00e9es \u00e0 vos besoins sp\u00e9cifiques. Chez Kadans, nous fournissons plus qu&rsquo;un simple b\u00e2timent. Nous comprenons que vous avez besoin d&rsquo;une salle blanche qui soit imm\u00e9diatement pr\u00eate \u00e0 \u00eatre am\u00e9nag\u00e9e en un environnement de travail productif et s\u00fbr.<\/p>\n<p>Kadans a r\u00e9alis\u00e9 des salles blanches pour des entreprises actives dans les domaines des semi-conducteurs, de la technologie m\u00e9dicale, de la biotechnologie et d&rsquo;autres domaines de recherche. Nous avons de l&rsquo;exp\u00e9rience dans le d\u00e9veloppement de salles blanches de classe ISO 9 \u00e0 ISO 5. De plus, nous disposons d&rsquo;une expertise approfondie dans la livraison de salles blanches conformes aux normes GMP.<\/p>\n<p>Nos \u00e9quipes techniques internes proposent un processus complet de conception et de r\u00e9alisation, afin que vous puissiez vous concentrer sur la croissance de votre organisation.<\/p>\n<p>Kadans fournit des salles blanches r\u00e9pondant aux exigences de qualit\u00e9 et de s\u00e9curit\u00e9 les plus \u00e9lev\u00e9es. Cela inclut \u00e9galement toutes les installations annexes, telles que les espaces de stockage, les vestiaires, la r\u00e9ception et la distribution des marchandises, le traitement des d\u00e9chets et les installations d&rsquo;exp\u00e9dition.<\/p>\n\t\t\t\t\r\n\t\t\t\t\r\n\t\t\t\t\t\t\t\t\t<div class=\"image_outer mobile\">\r\n\t\t\t\t\t\t<div class=\"image_wrap\">\t\r\n\t\t\t\t\t\t\t<img loading=\"lazy\" decoding=\"async\" class=\"object_fit\" \t\t\t\t\t\t\t  \r\n\t\t\t\t\t\t\t  srcset=\"https:\/\/www.kadans.com\/wp-content\/uploads\/Clean-energy-storage-solution-1-650x975.jpg 650w, https:\/\/www.kadans.com\/wp-content\/uploads\/Clean-energy-storage-solution-1-e1734442487766.jpg 1024w, https:\/\/www.kadans.com\/wp-content\/uploads\/Clean-energy-storage-solution-1-e1734442487766.jpg 1800w\" \t\t\t\t\t\t\t\t\t  \r\n\t\t\t\t\t\t\t  sizes=\"auto, (max-width: 700px) 650px, (max-width: 1200px) 1024px, 1800px\"  \t  \r\n\t\t\t\t\t\t\t  src=\"https:\/\/www.kadans.com\/wp-content\/uploads\/Clean-energy-storage-solution-1-e1734442487766.jpg\" \r\n\t\t\t\t\t\t\t  width=\"683\"\r\n\t\t\t\t\t\t\t  height=\"1024\"\t\t\t\t\t\t\t  \r\n\t\t\t\t\t\t\t  alt=\"Clean energy storage solution\" \r\n\t\t\t\t\t\t\t\/>\r\n\t\t\t\t\t\t<\/div>\r\n\t\t\t\t\t<\/div>\t\t\t\t\t\r\n\t\t\t\t\t\t\t\t\r\n\t\t\t\t\r\n\t\t\t\t\r\n\t\t\t<\/div>\t\t\t\r\n\t\t<\/div>\r\n\t<\/div>\r\n<\/section>\n\n\r\n<section class=\"whitespace desktop_yes mobile_yes big bg_white\">\r\n<\/section>\n\n<section class=\"text desktop_yes mobile_yes bg_ \">\r\n\t<div class=\"container\">\r\n\t\t<div class=\"row\">\r\n\t\t\t<div class=\"col-sm-12 col-md-12 col-lg-12\">\r\n\t\t\t\t<div class=\"subheading\">\r\n\t\t\t\t\t\t\t\t<\/div>\r\n\t\t\t\t<h2>Travailler au sein d&rsquo;un \u00e9cosyst\u00e8me innovant<\/h2>\t\t\t\t<div class=\"intro_text\">\r\n\t\t\t\t\t<p>Les salles blanches de Kadans font souvent partie d&rsquo;un \u00e9cosyst\u00e8me d&rsquo;innovation plus large, implant\u00e9 dans des parcs scientifiques et des campus de premier plan aux Pays-Bas et \u00e0 l&rsquo;\u00e9tranger. Cela signifie qu&rsquo;elles sont situ\u00e9es \u00e0 proximit\u00e9 imm\u00e9diate d&rsquo;autres institutions scientifiques, d&rsquo;entreprises de haute technologie et de services de soutien. Que vous soyez une start-up ou une \u00e9quipe de R&amp;D bien \u00e9tablie, vous b\u00e9n\u00e9ficiez de synergies, d&rsquo;installations partag\u00e9es et d&rsquo;un environnement qui favorise la collaboration. Cela acc\u00e9l\u00e8re non seulement votre propre d\u00e9veloppement, mais augmente \u00e9galement votre visibilit\u00e9 au sein de votre secteur.<\/p>\n\t\t\t\t<\/div>\r\n\t\t\t\t\t\t\t\t\r\n\t\t\t\t\t\t\t\t\r\n\t\t\t<\/div>\r\n\r\n\t\t<\/div>\r\n\t<\/div>\r\n<\/section>\n\n\r\n<section class=\"whitespace desktop_yes mobile_yes big bg_white\">\r\n<\/section>\n\n\r\n<section class=\"whitespace desktop_yes mobile_yes big bg_white\">\r\n<\/section>\n\n\t\r\n\r\n<section class=\"text_foto desktop_yes mobile_yes elm_primary_400 \">\r\n\t<div class=\"container\">\r\n\t\t<div class=\"row sm_reverse_order\">\t\t\r\n\t\t\t\t<div class=\"col-sm-12 col-md-5 col-lg-5 photo photo_col left\">\r\n\t\t<div class=\"inner\">\r\n\t\t\t<img loading=\"lazy\" decoding=\"async\" class=\"object_fit\" \t\t\t\t\t\t\t  \r\n\t\t\t\t  srcset=\"https:\/\/www.kadans.com\/wp-content\/uploads\/Cleanroom-Sencio-650x434.jpg 650w, https:\/\/www.kadans.com\/wp-content\/uploads\/Cleanroom-Sencio-1200x801.jpg 1024w, https:\/\/www.kadans.com\/wp-content\/uploads\/Cleanroom-Sencio-1600x1068.jpg 1800w\" \t\t\t\t\t\t\t\t\t  \r\n\t\t\t\t  sizes=\"auto, (max-width: 700px) 650px, (max-width: 1200px) 1024px, 1800px\"  \t  \r\n\t\t\t\t  src=\"https:\/\/www.kadans.com\/wp-content\/uploads\/Cleanroom-Sencio-1600x1068.jpg\" \r\n\t\t\t\t  width=\"1024\"\r\n\t\t\t\t  height=\"684\"\t\t\t\t\t\t\t  \r\n\t\t\t\t  alt=\"Cleanroom Sencio\" \r\n\t\t\t\t\/>\r\n\t\t<\/div>\t\r\n\t<\/div>\r\n\t\r\n\t\t\r\n\t<div class=\"col-sm-12 col-md-1 col-lg-1 middle_col\">\r\n\t<\/div>\r\n\t\r\n\t<div class=\"col-sm-12 col-md-5 col-lg-5 text_col\">\r\n\t\t<div class=\"inner\">\r\n\t\t\t<h2>Pr\u00eat pour votre propre salle blanche ?<\/h2>\t\t\t\r\n\t\t\t<p>Vous recherchez un partenaire qui comprend l&rsquo;importance cruciale de votre environnement de travail ? Kadans d\u00e9veloppe et r\u00e9alise des salles blanches qui correspondent exactement \u00e0 votre processus, \u00e0 la r\u00e9glementation et \u00e0 vos projets d&rsquo;avenir. De l&rsquo;id\u00e9e initiale \u00e0 l&rsquo;espace fonctionnel, nous nous occupons de tout.<\/p>\n\t\t\t\r\n\t\t\t\t\t\t\r\n\t\t\t\t\t\t\t\t\t\r\n\t\t<\/div>\r\n\t<\/div>\r\n\r\n\t<div class=\"col-sm-12 col-md-1 col-lg-1 vert_line\">\r\n\t<\/div>\r\n\r\n\t\t<\/div>\r\n\t<\/div>\r\n<\/section>\n\n\r\n<section class=\"whitespace desktop_yes mobile_yes big bg_white\">\r\n<\/section>\n\n\t\r\n\r\n<section id=\"cta_banner\" class=\"cta_banner_2 desktop_yes mobile_yes  bg_primary_50\">\r\n\t<div class=\"container\">\r\n\t\t<div class=\"row\">\r\n\t\t\t\t<div class=\"col-sm-12 col-md-5 col-lg-6\">\r\n\t\t\t\t\t\t<img loading=\"lazy\" decoding=\"async\" class=\"object_fit\" \t\t\t\t\t\t\t  \r\n\t\t\t\t\t  srcset=\"https:\/\/www.kadans.com\/wp-content\/uploads\/Scientist-in-uniform-and-mask-holding-test-tubes-at-laboratory.-Medicine-and-research-in-650x433.jpg 650w, https:\/\/www.kadans.com\/wp-content\/uploads\/Scientist-in-uniform-and-mask-holding-test-tubes-at-laboratory.-Medicine-and-research-in-1200x800.jpg 1024w, https:\/\/www.kadans.com\/wp-content\/uploads\/Scientist-in-uniform-and-mask-holding-test-tubes-at-laboratory.-Medicine-and-research-in-1600x1067.jpg 1800w\" \t\t\t\t\t\t\t\t\t  \r\n\t\t\t\t\t  sizes=\"auto, (max-width: 700px) 650px, (max-width: 1200px) 1024px, 1800px\"  \t  \r\n\t\t\t\t\t  src=\"https:\/\/www.kadans.com\/wp-content\/uploads\/Scientist-in-uniform-and-mask-holding-test-tubes-at-laboratory.-Medicine-and-research-in-1600x1067.jpg\" \r\n\t\t\t\t\t  width=\"1024\"\r\n\t\t\t\t\t  height=\"683\"\t\t\t\t\t\t\t  \r\n\t\t\t\t\t  alt=\"\" \r\n\t\t\t\t\t\/>\r\n\t\t\t\t\t<img loading=\"lazy\" decoding=\"async\" class=\"image_2 object_fit\" \t\t\t\t\t\t\t  \r\n\t\t\t\t\t  srcset=\"https:\/\/www.kadans.com\/wp-content\/uploads\/James-Sheppard-2021-534x356-1.jpg 650w, https:\/\/www.kadans.com\/wp-content\/uploads\/James-Sheppard-2021-534x356-1.jpg 1024w, https:\/\/www.kadans.com\/wp-content\/uploads\/James-Sheppard-2021-534x356-1.jpg 1800w\" \t\t\t\t\t\t\t\t\t  \r\n\t\t\t\t\t  sizes=\"auto, (max-width: 700px) 650px, (max-width: 1200px) 1024px, 1800px\"  \t  \r\n\t\t\t\t\t  src=\"https:\/\/www.kadans.com\/wp-content\/uploads\/James-Sheppard-2021-534x356-1.jpg\" \r\n\t\t\t\t\t  width=\"534\"\r\n\t\t\t\t\t  height=\"356\"\t\t\t\t\t\t\t  \r\n\t\t\t\t\t  alt=\"James Sheppard is the International Head of Asset Management of Kadans Science Partner\" \r\n\t\t\t\t\t\/>\r\n\t\t\t\t<\/div>\r\n\t\t\t\t<div class=\"col-sm-12 col-md-1 col-lg-1 empty\">\r\n\t\t\t\t<\/div>\r\n\t\t\t\t<div class=\"col-sm-12 col-md-6 col-lg-5\">\r\n\t\t\t\t<h2>Faites-nous savoir quels sont vos besoins sp\u00e9cifiques<\/h2>\t\t\r\n\r\n\t\t\t\t\t\t\t\t\t\t\t<p>Une salle blanche qui correspond \u00e0 votre processus ?<br \/>\nNous r\u00e9fl\u00e9chissons avec vous d\u00e8s le premier jour.<\/p>\n\t\t\t\t\t\r\n\t\t\t\t\t\t\t\t\t\t<div class=\"cta outline dark_blue\"><a href=\"https:\/\/www.kadans.com\/fr\/contactez-nous\/\">Contactez-nous<\/a>\n<\/div>\t\t\r\n\t\t\t\t<\/div>\r\n\t\t\t\t\r\n\t\t<\/div>\t\t\t\r\n\t<\/div>\r\n<\/section>\n\n\r\n<section id=\"full_width_image\" class=\"image_full desktop_yes mobile_yes \">\r\n\t\r\n\r\n<div class=\"col-sm-12 col-md-12 col-lg-12 parallax_banner\" \r\nstyle=\"background-image:url(https:\/\/www.kadans.com\/wp-content\/uploads\/Rectangle-550_2.png);\">\r\n<\/div>\r\n\r\n<\/section>","protected":false},"excerpt":{"rendered":"","protected":false},"author":8,"featured_media":11001,"parent":9263,"menu_order":0,"comment_status":"closed","ping_status":"closed","template":"","meta":{"_acf_changed":false,"inline_featured_image":false,"footnotes":""},"class_list":["post-10946","page","type-page","status-publish","has-post-thumbnail","hentry"],"acf":[],"yoast_head":"<!-- This site is optimized with the Yoast SEO plugin v27.3 - https:\/\/yoast.com\/product\/yoast-seo-wordpress\/ -->\n<title>Installations avanc\u00e9es pour salles blanches | Kadans FR<\/title>\n<meta name=\"description\" content=\"Vous souhaitez louer des installations professionnelles de salles blanches ? Kadans propose des solutions avanc\u00e9es pour la science et la production high-tech.\" \/>\n<meta name=\"robots\" content=\"index, follow, max-snippet:-1, max-image-preview:large, max-video-preview:-1\" \/>\n<link rel=\"canonical\" href=\"https:\/\/www.kadans.com\/fr\/installations-specialisees\/salle-blanche\/\" \/>\n<meta property=\"og:locale\" content=\"fr_FR\" \/>\n<meta property=\"og:type\" content=\"article\" \/>\n<meta property=\"og:title\" content=\"Installations avanc\u00e9es pour salles blanches | Kadans FR\" \/>\n<meta property=\"og:description\" content=\"Vous souhaitez louer des installations professionnelles de salles blanches ? Kadans propose des solutions avanc\u00e9es pour la science et la production high-tech.\" \/>\n<meta property=\"og:url\" content=\"https:\/\/www.kadans.com\/fr\/installations-specialisees\/salle-blanche\/\" \/>\n<meta property=\"og:site_name\" content=\"Kadans Science Partner\" \/>\n<meta property=\"article:modified_time\" content=\"2025-09-30T11:39:49+00:00\" \/>\n<meta property=\"og:image\" content=\"https:\/\/www.kadans.com\/wp-content\/uploads\/Molecules-scaled.jpg\" \/>\n\t<meta property=\"og:image:width\" content=\"2560\" \/>\n\t<meta property=\"og:image:height\" content=\"2560\" \/>\n\t<meta property=\"og:image:type\" content=\"image\/jpeg\" \/>\n<meta name=\"twitter:card\" content=\"summary_large_image\" \/>\n<meta name=\"twitter:label1\" content=\"Dur\u00e9e de lecture estim\u00e9e\" \/>\n\t<meta name=\"twitter:data1\" content=\"3 minutes\" \/>\n<script type=\"application\/ld+json\" class=\"yoast-schema-graph\">{\"@context\":\"https:\\\/\\\/schema.org\",\"@graph\":[{\"@type\":\"WebPage\",\"@id\":\"https:\\\/\\\/www.kadans.com\\\/fr\\\/installations-specialisees\\\/salle-blanche\\\/\",\"url\":\"https:\\\/\\\/www.kadans.com\\\/fr\\\/installations-specialisees\\\/salle-blanche\\\/\",\"name\":\"Installations avanc\u00e9es pour salles blanches | Kadans FR\",\"isPartOf\":{\"@id\":\"https:\\\/\\\/www.kadans.com\\\/fr\\\/#website\"},\"primaryImageOfPage\":{\"@id\":\"https:\\\/\\\/www.kadans.com\\\/fr\\\/installations-specialisees\\\/salle-blanche\\\/#primaryimage\"},\"image\":{\"@id\":\"https:\\\/\\\/www.kadans.com\\\/fr\\\/installations-specialisees\\\/salle-blanche\\\/#primaryimage\"},\"thumbnailUrl\":\"https:\\\/\\\/www.kadans.com\\\/wp-content\\\/uploads\\\/Molecules-scaled.jpg\",\"datePublished\":\"2025-01-21T08:48:48+00:00\",\"dateModified\":\"2025-09-30T11:39:49+00:00\",\"description\":\"Vous souhaitez louer des installations professionnelles de salles blanches ? Kadans propose des solutions avanc\u00e9es pour la science et la production high-tech.\",\"breadcrumb\":{\"@id\":\"https:\\\/\\\/www.kadans.com\\\/fr\\\/installations-specialisees\\\/salle-blanche\\\/#breadcrumb\"},\"inLanguage\":\"fr-FR\",\"potentialAction\":[{\"@type\":\"ReadAction\",\"target\":[\"https:\\\/\\\/www.kadans.com\\\/fr\\\/installations-specialisees\\\/salle-blanche\\\/\"]}]},{\"@type\":\"ImageObject\",\"inLanguage\":\"fr-FR\",\"@id\":\"https:\\\/\\\/www.kadans.com\\\/fr\\\/installations-specialisees\\\/salle-blanche\\\/#primaryimage\",\"url\":\"https:\\\/\\\/www.kadans.com\\\/wp-content\\\/uploads\\\/Molecules-scaled.jpg\",\"contentUrl\":\"https:\\\/\\\/www.kadans.com\\\/wp-content\\\/uploads\\\/Molecules-scaled.jpg\",\"width\":2560,\"height\":2560},{\"@type\":\"BreadcrumbList\",\"@id\":\"https:\\\/\\\/www.kadans.com\\\/fr\\\/installations-specialisees\\\/salle-blanche\\\/#breadcrumb\",\"itemListElement\":[{\"@type\":\"ListItem\",\"position\":1,\"name\":\"Home\",\"item\":\"https:\\\/\\\/www.kadans.com\\\/fr\\\/\"},{\"@type\":\"ListItem\",\"position\":2,\"name\":\"Installations sp\u00e9cialis\u00e9es\",\"item\":\"https:\\\/\\\/www.kadans.com\\\/fr\\\/installations-specialisees\\\/\"},{\"@type\":\"ListItem\",\"position\":3,\"name\":\"Salle blanche\"}]},{\"@type\":\"WebSite\",\"@id\":\"https:\\\/\\\/www.kadans.com\\\/fr\\\/#website\",\"url\":\"https:\\\/\\\/www.kadans.com\\\/fr\\\/\",\"name\":\"Kadans Science Partner\",\"description\":\"\",\"potentialAction\":[{\"@type\":\"SearchAction\",\"target\":{\"@type\":\"EntryPoint\",\"urlTemplate\":\"https:\\\/\\\/www.kadans.com\\\/fr\\\/?s={search_term_string}\"},\"query-input\":{\"@type\":\"PropertyValueSpecification\",\"valueRequired\":true,\"valueName\":\"search_term_string\"}}],\"inLanguage\":\"fr-FR\"}]}<\/script>\n<!-- \/ Yoast SEO plugin. -->","yoast_head_json":{"title":"Installations avanc\u00e9es pour salles blanches | Kadans FR","description":"Vous souhaitez louer des installations professionnelles de salles blanches ? Kadans propose des solutions avanc\u00e9es pour la science et la production high-tech.","robots":{"index":"index","follow":"follow","max-snippet":"max-snippet:-1","max-image-preview":"max-image-preview:large","max-video-preview":"max-video-preview:-1"},"canonical":"https:\/\/www.kadans.com\/fr\/installations-specialisees\/salle-blanche\/","og_locale":"fr_FR","og_type":"article","og_title":"Installations avanc\u00e9es pour salles blanches | Kadans FR","og_description":"Vous souhaitez louer des installations professionnelles de salles blanches ? Kadans propose des solutions avanc\u00e9es pour la science et la production high-tech.","og_url":"https:\/\/www.kadans.com\/fr\/installations-specialisees\/salle-blanche\/","og_site_name":"Kadans Science Partner","article_modified_time":"2025-09-30T11:39:49+00:00","og_image":[{"width":2560,"height":2560,"url":"https:\/\/www.kadans.com\/wp-content\/uploads\/Molecules-scaled.jpg","type":"image\/jpeg"}],"twitter_card":"summary_large_image","twitter_misc":{"Dur\u00e9e de lecture estim\u00e9e":"3 minutes"},"schema":{"@context":"https:\/\/schema.org","@graph":[{"@type":"WebPage","@id":"https:\/\/www.kadans.com\/fr\/installations-specialisees\/salle-blanche\/","url":"https:\/\/www.kadans.com\/fr\/installations-specialisees\/salle-blanche\/","name":"Installations avanc\u00e9es pour salles blanches | Kadans FR","isPartOf":{"@id":"https:\/\/www.kadans.com\/fr\/#website"},"primaryImageOfPage":{"@id":"https:\/\/www.kadans.com\/fr\/installations-specialisees\/salle-blanche\/#primaryimage"},"image":{"@id":"https:\/\/www.kadans.com\/fr\/installations-specialisees\/salle-blanche\/#primaryimage"},"thumbnailUrl":"https:\/\/www.kadans.com\/wp-content\/uploads\/Molecules-scaled.jpg","datePublished":"2025-01-21T08:48:48+00:00","dateModified":"2025-09-30T11:39:49+00:00","description":"Vous souhaitez louer des installations professionnelles de salles blanches ? Kadans propose des solutions avanc\u00e9es pour la science et la production high-tech.","breadcrumb":{"@id":"https:\/\/www.kadans.com\/fr\/installations-specialisees\/salle-blanche\/#breadcrumb"},"inLanguage":"fr-FR","potentialAction":[{"@type":"ReadAction","target":["https:\/\/www.kadans.com\/fr\/installations-specialisees\/salle-blanche\/"]}]},{"@type":"ImageObject","inLanguage":"fr-FR","@id":"https:\/\/www.kadans.com\/fr\/installations-specialisees\/salle-blanche\/#primaryimage","url":"https:\/\/www.kadans.com\/wp-content\/uploads\/Molecules-scaled.jpg","contentUrl":"https:\/\/www.kadans.com\/wp-content\/uploads\/Molecules-scaled.jpg","width":2560,"height":2560},{"@type":"BreadcrumbList","@id":"https:\/\/www.kadans.com\/fr\/installations-specialisees\/salle-blanche\/#breadcrumb","itemListElement":[{"@type":"ListItem","position":1,"name":"Home","item":"https:\/\/www.kadans.com\/fr\/"},{"@type":"ListItem","position":2,"name":"Installations sp\u00e9cialis\u00e9es","item":"https:\/\/www.kadans.com\/fr\/installations-specialisees\/"},{"@type":"ListItem","position":3,"name":"Salle blanche"}]},{"@type":"WebSite","@id":"https:\/\/www.kadans.com\/fr\/#website","url":"https:\/\/www.kadans.com\/fr\/","name":"Kadans Science Partner","description":"","potentialAction":[{"@type":"SearchAction","target":{"@type":"EntryPoint","urlTemplate":"https:\/\/www.kadans.com\/fr\/?s={search_term_string}"},"query-input":{"@type":"PropertyValueSpecification","valueRequired":true,"valueName":"search_term_string"}}],"inLanguage":"fr-FR"}]}},"_links":{"self":[{"href":"https:\/\/www.kadans.com\/fr\/wp-json\/wp\/v2\/pages\/10946","targetHints":{"allow":["GET"]}}],"collection":[{"href":"https:\/\/www.kadans.com\/fr\/wp-json\/wp\/v2\/pages"}],"about":[{"href":"https:\/\/www.kadans.com\/fr\/wp-json\/wp\/v2\/types\/page"}],"author":[{"embeddable":true,"href":"https:\/\/www.kadans.com\/fr\/wp-json\/wp\/v2\/users\/8"}],"replies":[{"embeddable":true,"href":"https:\/\/www.kadans.com\/fr\/wp-json\/wp\/v2\/comments?post=10946"}],"version-history":[{"count":3,"href":"https:\/\/www.kadans.com\/fr\/wp-json\/wp\/v2\/pages\/10946\/revisions"}],"predecessor-version":[{"id":17545,"href":"https:\/\/www.kadans.com\/fr\/wp-json\/wp\/v2\/pages\/10946\/revisions\/17545"}],"up":[{"embeddable":true,"href":"https:\/\/www.kadans.com\/fr\/wp-json\/wp\/v2\/pages\/9263"}],"wp:featuredmedia":[{"embeddable":true,"href":"https:\/\/www.kadans.com\/fr\/wp-json\/wp\/v2\/media\/11001"}],"wp:attachment":[{"href":"https:\/\/www.kadans.com\/fr\/wp-json\/wp\/v2\/media?parent=10946"}],"curies":[{"name":"wp","href":"https:\/\/api.w.org\/{rel}","templated":true}]}}