{"id":10960,"date":"2025-01-21T10:55:37","date_gmt":"2025-01-21T08:55:37","guid":{"rendered":"https:\/\/kadans.onest-dev.nl\/?page_id=10960"},"modified":"2025-09-30T13:39:27","modified_gmt":"2025-09-30T11:39:27","slug":"pilot-plant","status":"publish","type":"page","link":"https:\/\/www.kadans.com\/fr\/installations-specialisees\/usine-pilote\/","title":{"rendered":"Usine pilote"},"content":{"rendered":"<section id=\"hero_1\" class=\"desktop_yes mobile_yes size_small \">\t\r\n\t\r\n\t<div class=\"background_wrap\">\r\n\r\n\t\t\t<img loading=\"lazy\" decoding=\"async\" class=\"object_fit\" \t\t\t\t\t\t\t  \r\n\t\t\t  srcset=\"https:\/\/www.kadans.com\/wp-content\/uploads\/Rectangle-550_2-650x361.png 650w, https:\/\/www.kadans.com\/wp-content\/uploads\/Rectangle-550_2-1200x667.png 1024w, https:\/\/www.kadans.com\/wp-content\/uploads\/Rectangle-550_2-1600x889.png 1800w\" \t\t\t\t\t\t\t\t\t  \r\n\t\t\t  sizes=\"auto, (max-width: 700px) 650px, (max-width: 1200px) 1024px, 1800px\"  \t  \r\n\t\t\t  src=\"https:\/\/www.kadans.com\/wp-content\/uploads\/Rectangle-550_2-1600x889.png\" \r\n\t\t\t  width=\"1024\"\r\n\t\t\t  height=\"569\"\t\t\t\t\t\t\t  \r\n\t\t\t  alt=\"Moleculen image for Science\" \r\n\t\t\t\/>\r\n\t\t\r\n\t\t\r\n\t<\/div>\r\n\t\r\n\t\r\n\t<div class=\"container\">\r\n\t\t<div class=\"row\">\r\n\t\t\t<div class=\"col-sm-12 col-md-12 col-lg-8 left_column\">\t\t\t\r\n\t\t\t\t<div class=\"outer\">\r\n\t\t\t\t\t<div class=\"inner\">\r\n\t\t\t\t\t\t\r\n\t\t\t\t\t\t<h1 class=\"subtitle\">Installations de pilote sur mesure<\/h1>\t\t\t\t\t\t\r\n\t\t\t\t\t\t<h2>Vous recherchez une installation pilote sur mesure ?<\/h2>\t\t\t\t\t\t\r\n\t\t\t\t\t\t\r\n\t\t\t\t\t\t<p>Kadans d\u00e9veloppe des installations pilotes de pointe pour les entreprises qui souhaitent d\u00e9velopper leurs innovations \u00e0 plus grande \u00e9chelle. Nos installations pilotes soutiennent le d\u00e9veloppement de processus dans des secteurs tels que la biotechnologie, l&rsquo;alimentation, l&rsquo;agrotechnologie et les technologies propres. Du laboratoire \u00e0 la production avec l&rsquo;espace, la s\u00e9curit\u00e9 et le soutien ad\u00e9quats.<\/p>\n\t\t\t\t\t\t\r\n\t\t\t\t\t\t\t\t\t\t\t<\/div>\r\n\t\t\t\t<\/div>\t\t\t\t\t\t\r\n\t\t\t<\/div>\r\n\t\t<\/div>\r\n\t<\/div>\r\n\t\r\n\t\r\n<\/section>\r\n\r\n<script>\r\n\tjQuery(document).ready(function($){ \r\n\t\t\r\n\t\t$('body').addClass('has_hero');\r\n\t\t\r\n\t\t$(window).scroll(function(){\r\n\r\n\t\t\tvar curHeight = $('#hero_1').outerHeight();\r\n\t\t\t\r\n\t\t\tif ($(window).scrollTop() > curHeight) {\r\n\t\t\t\t$('#hero_1 .background_wrap').fadeOut(100);\r\n\t\t\t}\t\t\r\n\t\t\telse \r\n\t\t\t{\r\n\t\t\t\t$('#hero_1 .background_wrap').fadeIn(100);\r\n\t\t\t}\r\n\t\t});\r\n\t\t\r\n\t\tif($('#hero_1').nextAll('section:first').hasClass('cta_banner_3')){\r\n\t\t\tvar target = $('#hero_1').nextAll('section:first');\r\n\t\t\t\t$(target).addClass('minus_40');\r\n\t\t}\r\n\t\t\r\n\t});\r\n<\/script>\n\n\r\n<section class=\"whitespace desktop_yes mobile_yes big bg_white\">\r\n<\/section>\n\n\t\r\n<section class=\"text_2 desktop_yes mobile_yes elm_primary_400 \">\r\n\t<div class=\"container\">\r\n\t\t<div class=\"row\">\r\n\t\t\t<div class=\"col-sm-12 col-md-12 col-lg-6\">\r\n\t\t\t\t<h2>Espaces de travail adapt\u00e9s \u00e0 vos besoins<\/h2>\t\t\t\r\n\t\t\t<\/div>\r\n\t\t\t<div class=\"col-sm-12 col-md-12 col-lg-1 vert_line\">\r\n\t\t\t<\/div>\r\n\t\t<\/div>\r\n\t\t\r\n\t\t\r\n\t\t<div class=\"row\">\r\n\t\t\t<div class=\"col-sm-12 col-md-12 col-lg-6 left_column\">\r\n\t\t\t\t\t\t\t\t\t<div class=\"image_outer desktop\">\r\n\t\t\t\t\t\t<div class=\"image_wrap\">\t\r\n\t\t\t\t\t\t\t<img loading=\"lazy\" decoding=\"async\" class=\"object_fit\" \t\t\t\t\t\t\t  \r\n\t\t\t\t\t\t\t  srcset=\"https:\/\/www.kadans.com\/wp-content\/uploads\/Rotterdam-Science-Tower-laboratoria-en-kantoorruimte-te-huur-fit-out-650x366.jpg 650w, https:\/\/www.kadans.com\/wp-content\/uploads\/Rotterdam-Science-Tower-laboratoria-en-kantoorruimte-te-huur-fit-out-1200x675.jpg 1024w, https:\/\/www.kadans.com\/wp-content\/uploads\/Rotterdam-Science-Tower-laboratoria-en-kantoorruimte-te-huur-fit-out-1600x900.jpg 1800w\" \t\t\t\t\t\t\t\t\t  \r\n\t\t\t\t\t\t\t  sizes=\"auto, (max-width: 700px) 650px, (max-width: 1200px) 1024px, 1800px\"  \t  \r\n\t\t\t\t\t\t\t  src=\"https:\/\/www.kadans.com\/wp-content\/uploads\/Rotterdam-Science-Tower-laboratoria-en-kantoorruimte-te-huur-fit-out-1600x900.jpg\" \r\n\t\t\t\t\t\t\t  width=\"1024\"\r\n\t\t\t\t\t\t\t  height=\"576\"\t\t\t\t\t\t\t  \r\n\t\t\t\t\t\t\t  alt=\"\" \r\n\t\t\t\t\t\t\t\/>\r\n\t\t\t\t\t\t<\/div>\r\n\t\t\t\t\t<\/div>\t\t\t\t\t\r\n\t\t\t\t\t\t\t\r\n\t\t\t<\/div>\r\n\t\t\t<div class=\"col-sm-12 col-md-12 col-lg-1 vert_line\">\r\n\t\t\t<\/div>\t\t\t\r\n\t\t\t<div class=\"col-sm-12 col-md-12 col-lg-5 right_column\">\r\n\t\t\t\t<h3>Des installations pilotes adapt\u00e9es \u00e0 votre innovation<\/h3>\r\n\t\t\t\t<p>Chez Kadans, nous nous engageons \u00e0 offrir bien plus qu&rsquo;un simple b\u00e2timent. Nous comprenons que, \u00e0 mesure que votre entreprise se d\u00e9veloppe, il est important de s&rsquo;assurer que vous disposez des bonnes installations pour la commercialisation. Les usines pilotes sont une \u00e9tape cruciale dans l&rsquo;\u00e9volution de votre entreprise et Kadans comprend l&rsquo;importance de cet espace.<\/p>\n<p>Kadans a fourni des usines pilotes pour des entreprises dans divers secteurs, y compris la th\u00e9rapie cellulaire et g\u00e9nique, l&rsquo;Agritech, les sciences alimentaires et les entreprises de Cleantech. Nos usines pilotes sont livr\u00e9es selon les normes les plus \u00e9lev\u00e9es pour garantir que vous pouvez op\u00e9rer en toute s\u00e9curit\u00e9 et efficacement. Cela inclut une vari\u00e9t\u00e9 d&rsquo;espaces de soutien, y compris : stockage, vestiaires, gestion des d\u00e9chets entrants\/sortants et installations d&rsquo;exp\u00e9dition.<\/p>\n\t\t\t\t\r\n\t\t\t\t\r\n\t\t\t\t\t\t\t\t\t<div class=\"image_outer mobile\">\r\n\t\t\t\t\t\t<div class=\"image_wrap\">\t\r\n\t\t\t\t\t\t\t<img loading=\"lazy\" decoding=\"async\" class=\"object_fit\" \t\t\t\t\t\t\t  \r\n\t\t\t\t\t\t\t  srcset=\"https:\/\/www.kadans.com\/wp-content\/uploads\/Rotterdam-Science-Tower-laboratoria-en-kantoorruimte-te-huur-fit-out-650x366.jpg 650w, https:\/\/www.kadans.com\/wp-content\/uploads\/Rotterdam-Science-Tower-laboratoria-en-kantoorruimte-te-huur-fit-out-1200x675.jpg 1024w, https:\/\/www.kadans.com\/wp-content\/uploads\/Rotterdam-Science-Tower-laboratoria-en-kantoorruimte-te-huur-fit-out-1600x900.jpg 1800w\" \t\t\t\t\t\t\t\t\t  \r\n\t\t\t\t\t\t\t  sizes=\"auto, (max-width: 700px) 650px, (max-width: 1200px) 1024px, 1800px\"  \t  \r\n\t\t\t\t\t\t\t  src=\"https:\/\/www.kadans.com\/wp-content\/uploads\/Rotterdam-Science-Tower-laboratoria-en-kantoorruimte-te-huur-fit-out-1600x900.jpg\" \r\n\t\t\t\t\t\t\t  width=\"1024\"\r\n\t\t\t\t\t\t\t  height=\"576\"\t\t\t\t\t\t\t  \r\n\t\t\t\t\t\t\t  alt=\"\" \r\n\t\t\t\t\t\t\t\/>\r\n\t\t\t\t\t\t<\/div>\r\n\t\t\t\t\t<\/div>\t\t\t\t\t\r\n\t\t\t\t\t\t\t\t\r\n\t\t\t\t\r\n\t\t\t\t\r\n\t\t\t<\/div>\t\t\t\r\n\t\t<\/div>\r\n\t<\/div>\r\n<\/section>\n\n\r\n<section class=\"whitespace desktop_yes mobile_yes big bg_white\">\r\n<\/section>\n\n\t\r\n\r\n<section class=\"text_foto desktop_yes mobile_yes elm_primary_400 \">\r\n\t<div class=\"container\">\r\n\t\t<div class=\"row\">\t\t\r\n\t\t\t\t\r\n\t\t\r\n\t<div class=\"col-sm-12 col-md-1 col-lg-1 vert_line\">\r\n\t<\/div>\r\n\t\r\n\t<div class=\"col-sm-12 col-md-5 col-lg-5 text_col\">\r\n\t\t<div class=\"inner\">\r\n\t\t\t<h2>Du laboratoire \u00e0 la pratique : acc\u00e9l\u00e9rer votre innovation<\/h2>\t\t\t\r\n\t\t\t<p>Une usine pilote vous permet de transposer vos recherches en laboratoire dans un environnement de production plus r\u00e9aliste. Vous pouvez y optimiser vos processus, les tester dans des conditions r\u00e9elles et identifier rapidement les points sensibles. Cela acc\u00e9l\u00e8re non seulement le d\u00e9veloppement de votre technologie, mais augmente \u00e9galement vos chances de r\u00e9ussite lors de la mise sur le march\u00e9.<\/p>\n<p>De plus, travailler dans une usine pilote est souvent attrayant pour les investisseurs : vous d\u00e9montrez que votre innovation est techniquement r\u00e9alisable et pr\u00eate pour la phase suivante.<\/p>\n\t\t\t\r\n\t\t\t\t\t\t\r\n\t\t\t\t\t\t\t\t\t\r\n\t\t<\/div>\r\n\t<\/div>\r\n\r\n\t<div class=\"col-sm-12 col-md-1 col-lg-1 middle_col\">\r\n\t<\/div>\r\n\r\n\t<div class=\"col-sm-12 col-md-5 col-lg-5 photo photo_col right\">\r\n\t\t<div class=\"inner\">\r\n\t\t\t<img loading=\"lazy\" decoding=\"async\" class=\"object_fit\" \t\t\t\t\t\t\t  \r\n\t\t\t\t  srcset=\"https:\/\/www.kadans.com\/wp-content\/uploads\/Man-with-machine-arm-1-650x420.jpg 650w, https:\/\/www.kadans.com\/wp-content\/uploads\/Man-with-machine-arm-1-1200x776.jpg 1024w, https:\/\/www.kadans.com\/wp-content\/uploads\/Man-with-machine-arm-1.jpg 1800w\" \t\t\t\t\t\t\t\t\t  \r\n\t\t\t\t  sizes=\"auto, (max-width: 700px) 650px, (max-width: 1200px) 1024px, 1800px\"  \t  \r\n\t\t\t\t  src=\"https:\/\/www.kadans.com\/wp-content\/uploads\/Man-with-machine-arm-1.jpg\" \r\n\t\t\t\t  width=\"1024\"\r\n\t\t\t\t  height=\"662\"\t\t\t\t\t\t\t  \r\n\t\t\t\t  alt=\"\" \r\n\t\t\t\t\/>\r\n\t\t<\/div>\t\r\n\t<\/div>\r\n\t\t<\/div>\r\n\t<\/div>\r\n<\/section>\n\n\r\n<section class=\"whitespace desktop_yes mobile_yes big bg_white\">\r\n<\/section>\n\n\t\r\n\r\n<section id=\"cta_banner\" class=\"cta_banner_2 desktop_yes mobile_yes  bg_primary_50\">\r\n\t<div class=\"container\">\r\n\t\t<div class=\"row\">\r\n\t\t\t\t<div class=\"col-sm-12 col-md-5 col-lg-6\">\r\n\t\t\t\t\t\t<img loading=\"lazy\" decoding=\"async\" class=\"object_fit\" \t\t\t\t\t\t\t  \r\n\t\t\t\t\t  srcset=\"https:\/\/www.kadans.com\/wp-content\/uploads\/Scientist-in-uniform-and-mask-holding-test-tubes-at-laboratory.-Medicine-and-research-in-650x433.jpg 650w, https:\/\/www.kadans.com\/wp-content\/uploads\/Scientist-in-uniform-and-mask-holding-test-tubes-at-laboratory.-Medicine-and-research-in-1200x800.jpg 1024w, https:\/\/www.kadans.com\/wp-content\/uploads\/Scientist-in-uniform-and-mask-holding-test-tubes-at-laboratory.-Medicine-and-research-in-1600x1067.jpg 1800w\" \t\t\t\t\t\t\t\t\t  \r\n\t\t\t\t\t  sizes=\"auto, (max-width: 700px) 650px, (max-width: 1200px) 1024px, 1800px\"  \t  \r\n\t\t\t\t\t  src=\"https:\/\/www.kadans.com\/wp-content\/uploads\/Scientist-in-uniform-and-mask-holding-test-tubes-at-laboratory.-Medicine-and-research-in-1600x1067.jpg\" \r\n\t\t\t\t\t  width=\"1024\"\r\n\t\t\t\t\t  height=\"683\"\t\t\t\t\t\t\t  \r\n\t\t\t\t\t  alt=\"\" \r\n\t\t\t\t\t\/>\r\n\t\t\t\t\t<img loading=\"lazy\" decoding=\"async\" class=\"image_2 object_fit\" \t\t\t\t\t\t\t  \r\n\t\t\t\t\t  srcset=\"https:\/\/www.kadans.com\/wp-content\/uploads\/James-Sheppard-2021-534x356-1.jpg 650w, https:\/\/www.kadans.com\/wp-content\/uploads\/James-Sheppard-2021-534x356-1.jpg 1024w, https:\/\/www.kadans.com\/wp-content\/uploads\/James-Sheppard-2021-534x356-1.jpg 1800w\" \t\t\t\t\t\t\t\t\t  \r\n\t\t\t\t\t  sizes=\"auto, (max-width: 700px) 650px, (max-width: 1200px) 1024px, 1800px\"  \t  \r\n\t\t\t\t\t  src=\"https:\/\/www.kadans.com\/wp-content\/uploads\/James-Sheppard-2021-534x356-1.jpg\" \r\n\t\t\t\t\t  width=\"534\"\r\n\t\t\t\t\t  height=\"356\"\t\t\t\t\t\t\t  \r\n\t\t\t\t\t  alt=\"James Sheppard is the International Head of Asset Management of Kadans Science Partner\" \r\n\t\t\t\t\t\/>\r\n\t\t\t\t<\/div>\r\n\t\t\t\t<div class=\"col-sm-12 col-md-1 col-lg-1 empty\">\r\n\t\t\t\t<\/div>\r\n\t\t\t\t<div class=\"col-sm-12 col-md-6 col-lg-5\">\r\n\t\t\t\t<h2>Faites-nous savoir quels sont vos besoins sp\u00e9cifiques<\/h2>\t\t\r\n\r\n\t\t\t\t\t\t\t\t\t\t\t<p>\u00cates-vous pr\u00eat \u00e0 trouver votre environnement de recherche id\u00e9al ?<\/p>\n\t\t\t\t\t\r\n\t\t\t\t\t\t\t\t\t\t<div class=\"cta outline dark_blue\"><a href=\"https:\/\/www.kadans.com\/fr\/contactez-nous\/\">Contactez-nous<\/a>\n<\/div>\t\t\r\n\t\t\t\t<\/div>\r\n\t\t\t\t\r\n\t\t<\/div>\t\t\t\r\n\t<\/div>\r\n<\/section>\n\n\r\n<section id=\"full_width_image\" class=\"image_full desktop_yes mobile_yes \">\r\n\t\r\n\r\n<div class=\"col-sm-12 col-md-12 col-lg-12 parallax_banner\" \r\nstyle=\"background-image:url(https:\/\/www.kadans.com\/wp-content\/uploads\/Rectangle-550_2.png);\">\r\n<\/div>\r\n\r\n<\/section>","protected":false},"excerpt":{"rendered":"","protected":false},"author":8,"featured_media":11001,"parent":9263,"menu_order":0,"comment_status":"closed","ping_status":"closed","template":"","meta":{"_acf_changed":false,"inline_featured_image":false,"footnotes":""},"class_list":["post-10960","page","type-page","status-publish","has-post-thumbnail","hentry"],"acf":[],"yoast_head":"<!-- This site is optimized with the Yoast SEO plugin v27.3 - https:\/\/yoast.com\/product\/yoast-seo-wordpress\/ -->\n<title>Installations pilotes sur mesure | Kadans<\/title>\n<meta name=\"description\" content=\"Vous recherchez une usine pilote pour votre innovation ? Kadans propose des installations sur mesure pour les secteurs de la biotechnologie, de l&#039;alimentation et des technologies propres, entre autres.\" \/>\n<meta name=\"robots\" content=\"index, follow, max-snippet:-1, max-image-preview:large, max-video-preview:-1\" \/>\n<link rel=\"canonical\" href=\"https:\/\/www.kadans.com\/fr\/installations-specialisees\/usine-pilote\/\" \/>\n<meta property=\"og:locale\" content=\"fr_FR\" \/>\n<meta property=\"og:type\" content=\"article\" \/>\n<meta property=\"og:title\" content=\"Installations pilotes sur mesure | Kadans\" \/>\n<meta property=\"og:description\" content=\"Vous recherchez une usine pilote pour votre innovation ? Kadans propose des installations sur mesure pour les secteurs de la biotechnologie, de l&#039;alimentation et des technologies propres, entre autres.\" \/>\n<meta property=\"og:url\" content=\"https:\/\/www.kadans.com\/fr\/installations-specialisees\/usine-pilote\/\" \/>\n<meta property=\"og:site_name\" content=\"Kadans Science Partner\" \/>\n<meta property=\"article:modified_time\" content=\"2025-09-30T11:39:27+00:00\" \/>\n<meta property=\"og:image\" content=\"https:\/\/www.kadans.com\/wp-content\/uploads\/Molecules-scaled.jpg\" \/>\n\t<meta property=\"og:image:width\" content=\"2560\" \/>\n\t<meta property=\"og:image:height\" content=\"2560\" \/>\n\t<meta property=\"og:image:type\" content=\"image\/jpeg\" \/>\n<meta name=\"twitter:card\" content=\"summary_large_image\" \/>\n<meta name=\"twitter:label1\" content=\"Dur\u00e9e de lecture estim\u00e9e\" \/>\n\t<meta name=\"twitter:data1\" content=\"2 minutes\" \/>\n<script type=\"application\/ld+json\" class=\"yoast-schema-graph\">{\"@context\":\"https:\\\/\\\/schema.org\",\"@graph\":[{\"@type\":\"WebPage\",\"@id\":\"https:\\\/\\\/www.kadans.com\\\/fr\\\/installations-specialisees\\\/usine-pilote\\\/\",\"url\":\"https:\\\/\\\/www.kadans.com\\\/fr\\\/installations-specialisees\\\/usine-pilote\\\/\",\"name\":\"Installations pilotes sur mesure | Kadans\",\"isPartOf\":{\"@id\":\"https:\\\/\\\/www.kadans.com\\\/fr\\\/#website\"},\"primaryImageOfPage\":{\"@id\":\"https:\\\/\\\/www.kadans.com\\\/fr\\\/installations-specialisees\\\/usine-pilote\\\/#primaryimage\"},\"image\":{\"@id\":\"https:\\\/\\\/www.kadans.com\\\/fr\\\/installations-specialisees\\\/usine-pilote\\\/#primaryimage\"},\"thumbnailUrl\":\"https:\\\/\\\/www.kadans.com\\\/wp-content\\\/uploads\\\/Molecules-scaled.jpg\",\"datePublished\":\"2025-01-21T08:55:37+00:00\",\"dateModified\":\"2025-09-30T11:39:27+00:00\",\"description\":\"Vous recherchez une usine pilote pour votre innovation ? Kadans propose des installations sur mesure pour les secteurs de la biotechnologie, de l'alimentation et des technologies propres, entre autres.\",\"breadcrumb\":{\"@id\":\"https:\\\/\\\/www.kadans.com\\\/fr\\\/installations-specialisees\\\/usine-pilote\\\/#breadcrumb\"},\"inLanguage\":\"fr-FR\",\"potentialAction\":[{\"@type\":\"ReadAction\",\"target\":[\"https:\\\/\\\/www.kadans.com\\\/fr\\\/installations-specialisees\\\/usine-pilote\\\/\"]}]},{\"@type\":\"ImageObject\",\"inLanguage\":\"fr-FR\",\"@id\":\"https:\\\/\\\/www.kadans.com\\\/fr\\\/installations-specialisees\\\/usine-pilote\\\/#primaryimage\",\"url\":\"https:\\\/\\\/www.kadans.com\\\/wp-content\\\/uploads\\\/Molecules-scaled.jpg\",\"contentUrl\":\"https:\\\/\\\/www.kadans.com\\\/wp-content\\\/uploads\\\/Molecules-scaled.jpg\",\"width\":2560,\"height\":2560},{\"@type\":\"BreadcrumbList\",\"@id\":\"https:\\\/\\\/www.kadans.com\\\/fr\\\/installations-specialisees\\\/usine-pilote\\\/#breadcrumb\",\"itemListElement\":[{\"@type\":\"ListItem\",\"position\":1,\"name\":\"Home\",\"item\":\"https:\\\/\\\/www.kadans.com\\\/fr\\\/\"},{\"@type\":\"ListItem\",\"position\":2,\"name\":\"Installations sp\u00e9cialis\u00e9es\",\"item\":\"https:\\\/\\\/www.kadans.com\\\/fr\\\/installations-specialisees\\\/\"},{\"@type\":\"ListItem\",\"position\":3,\"name\":\"Usine pilote\"}]},{\"@type\":\"WebSite\",\"@id\":\"https:\\\/\\\/www.kadans.com\\\/fr\\\/#website\",\"url\":\"https:\\\/\\\/www.kadans.com\\\/fr\\\/\",\"name\":\"Kadans Science Partner\",\"description\":\"\",\"potentialAction\":[{\"@type\":\"SearchAction\",\"target\":{\"@type\":\"EntryPoint\",\"urlTemplate\":\"https:\\\/\\\/www.kadans.com\\\/fr\\\/?s={search_term_string}\"},\"query-input\":{\"@type\":\"PropertyValueSpecification\",\"valueRequired\":true,\"valueName\":\"search_term_string\"}}],\"inLanguage\":\"fr-FR\"}]}<\/script>\n<!-- \/ Yoast SEO plugin. -->","yoast_head_json":{"title":"Installations pilotes sur mesure | Kadans","description":"Vous recherchez une usine pilote pour votre innovation ? Kadans propose des installations sur mesure pour les secteurs de la biotechnologie, de l'alimentation et des technologies propres, entre autres.","robots":{"index":"index","follow":"follow","max-snippet":"max-snippet:-1","max-image-preview":"max-image-preview:large","max-video-preview":"max-video-preview:-1"},"canonical":"https:\/\/www.kadans.com\/fr\/installations-specialisees\/usine-pilote\/","og_locale":"fr_FR","og_type":"article","og_title":"Installations pilotes sur mesure | Kadans","og_description":"Vous recherchez une usine pilote pour votre innovation ? Kadans propose des installations sur mesure pour les secteurs de la biotechnologie, de l'alimentation et des technologies propres, entre autres.","og_url":"https:\/\/www.kadans.com\/fr\/installations-specialisees\/usine-pilote\/","og_site_name":"Kadans Science Partner","article_modified_time":"2025-09-30T11:39:27+00:00","og_image":[{"width":2560,"height":2560,"url":"https:\/\/www.kadans.com\/wp-content\/uploads\/Molecules-scaled.jpg","type":"image\/jpeg"}],"twitter_card":"summary_large_image","twitter_misc":{"Dur\u00e9e de lecture estim\u00e9e":"2 minutes"},"schema":{"@context":"https:\/\/schema.org","@graph":[{"@type":"WebPage","@id":"https:\/\/www.kadans.com\/fr\/installations-specialisees\/usine-pilote\/","url":"https:\/\/www.kadans.com\/fr\/installations-specialisees\/usine-pilote\/","name":"Installations pilotes sur mesure | Kadans","isPartOf":{"@id":"https:\/\/www.kadans.com\/fr\/#website"},"primaryImageOfPage":{"@id":"https:\/\/www.kadans.com\/fr\/installations-specialisees\/usine-pilote\/#primaryimage"},"image":{"@id":"https:\/\/www.kadans.com\/fr\/installations-specialisees\/usine-pilote\/#primaryimage"},"thumbnailUrl":"https:\/\/www.kadans.com\/wp-content\/uploads\/Molecules-scaled.jpg","datePublished":"2025-01-21T08:55:37+00:00","dateModified":"2025-09-30T11:39:27+00:00","description":"Vous recherchez une usine pilote pour votre innovation ? Kadans propose des installations sur mesure pour les secteurs de la biotechnologie, de l'alimentation et des technologies propres, entre autres.","breadcrumb":{"@id":"https:\/\/www.kadans.com\/fr\/installations-specialisees\/usine-pilote\/#breadcrumb"},"inLanguage":"fr-FR","potentialAction":[{"@type":"ReadAction","target":["https:\/\/www.kadans.com\/fr\/installations-specialisees\/usine-pilote\/"]}]},{"@type":"ImageObject","inLanguage":"fr-FR","@id":"https:\/\/www.kadans.com\/fr\/installations-specialisees\/usine-pilote\/#primaryimage","url":"https:\/\/www.kadans.com\/wp-content\/uploads\/Molecules-scaled.jpg","contentUrl":"https:\/\/www.kadans.com\/wp-content\/uploads\/Molecules-scaled.jpg","width":2560,"height":2560},{"@type":"BreadcrumbList","@id":"https:\/\/www.kadans.com\/fr\/installations-specialisees\/usine-pilote\/#breadcrumb","itemListElement":[{"@type":"ListItem","position":1,"name":"Home","item":"https:\/\/www.kadans.com\/fr\/"},{"@type":"ListItem","position":2,"name":"Installations sp\u00e9cialis\u00e9es","item":"https:\/\/www.kadans.com\/fr\/installations-specialisees\/"},{"@type":"ListItem","position":3,"name":"Usine pilote"}]},{"@type":"WebSite","@id":"https:\/\/www.kadans.com\/fr\/#website","url":"https:\/\/www.kadans.com\/fr\/","name":"Kadans Science Partner","description":"","potentialAction":[{"@type":"SearchAction","target":{"@type":"EntryPoint","urlTemplate":"https:\/\/www.kadans.com\/fr\/?s={search_term_string}"},"query-input":{"@type":"PropertyValueSpecification","valueRequired":true,"valueName":"search_term_string"}}],"inLanguage":"fr-FR"}]}},"_links":{"self":[{"href":"https:\/\/www.kadans.com\/fr\/wp-json\/wp\/v2\/pages\/10960","targetHints":{"allow":["GET"]}}],"collection":[{"href":"https:\/\/www.kadans.com\/fr\/wp-json\/wp\/v2\/pages"}],"about":[{"href":"https:\/\/www.kadans.com\/fr\/wp-json\/wp\/v2\/types\/page"}],"author":[{"embeddable":true,"href":"https:\/\/www.kadans.com\/fr\/wp-json\/wp\/v2\/users\/8"}],"replies":[{"embeddable":true,"href":"https:\/\/www.kadans.com\/fr\/wp-json\/wp\/v2\/comments?post=10960"}],"version-history":[{"count":2,"href":"https:\/\/www.kadans.com\/fr\/wp-json\/wp\/v2\/pages\/10960\/revisions"}],"predecessor-version":[{"id":17511,"href":"https:\/\/www.kadans.com\/fr\/wp-json\/wp\/v2\/pages\/10960\/revisions\/17511"}],"up":[{"embeddable":true,"href":"https:\/\/www.kadans.com\/fr\/wp-json\/wp\/v2\/pages\/9263"}],"wp:featuredmedia":[{"embeddable":true,"href":"https:\/\/www.kadans.com\/fr\/wp-json\/wp\/v2\/media\/11001"}],"wp:attachment":[{"href":"https:\/\/www.kadans.com\/fr\/wp-json\/wp\/v2\/media?parent=10960"}],"curies":[{"name":"wp","href":"https:\/\/api.w.org\/{rel}","templated":true}]}}