{"id":9033,"date":"2024-11-06T10:57:23","date_gmt":"2024-11-06T08:57:23","guid":{"rendered":"https:\/\/kadans.onest-dev.nl\/bedankt\/"},"modified":"2025-09-30T13:52:39","modified_gmt":"2025-09-30T11:52:39","slug":"thank-you","status":"publish","type":"page","link":"https:\/\/www.kadans.com\/fr\/merci\/","title":{"rendered":"Merci"},"content":{"rendered":"<section id=\"hero_1\" class=\"desktop_yes mobile_yes size_small \">\t\r\n\t\r\n\t<div class=\"background_wrap\">\r\n\r\n\t\t\t<img loading=\"lazy\" decoding=\"async\" class=\"object_fit\" \t\t\t\t\t\t\t  \r\n\t\t\t  srcset=\"https:\/\/www.kadans.com\/wp-content\/uploads\/Rectangle-550_2-650x361.png 650w, https:\/\/www.kadans.com\/wp-content\/uploads\/Rectangle-550_2-1200x667.png 1024w, https:\/\/www.kadans.com\/wp-content\/uploads\/Rectangle-550_2-1600x889.png 1800w\" \t\t\t\t\t\t\t\t\t  \r\n\t\t\t  sizes=\"auto, (max-width: 700px) 650px, (max-width: 1200px) 1024px, 1800px\"  \t  \r\n\t\t\t  src=\"https:\/\/www.kadans.com\/wp-content\/uploads\/Rectangle-550_2-1600x889.png\" \r\n\t\t\t  width=\"1024\"\r\n\t\t\t  height=\"569\"\t\t\t\t\t\t\t  \r\n\t\t\t  alt=\"Moleculen image for Science\" \r\n\t\t\t\/>\r\n\t\t\r\n\t\t\r\n\t<\/div>\r\n\t\r\n\t\r\n\t<div class=\"container\">\r\n\t\t<div class=\"row\">\r\n\t\t\t<div class=\"col-sm-12 col-md-12 col-lg-8 left_column\">\t\t\t\r\n\t\t\t\t<div class=\"outer\">\r\n\t\t\t\t\t<div class=\"inner\">\r\n\t\t\t\t\t\t\r\n\t\t\t\t\t\t\t\t\t\t\t\t\r\n\t\t\t\t\t\t<h2>Merci !<\/h2>\t\t\t\t\t\t\r\n\t\t\t\t\t\t\r\n\t\t\t\t\t\t\t\t\t\t\t\t\r\n\t\t\t\t\t\t\t\t\t\t\t<\/div>\r\n\t\t\t\t<\/div>\t\t\t\t\t\t\r\n\t\t\t<\/div>\r\n\t\t<\/div>\r\n\t<\/div>\r\n\t\r\n\t\r\n<\/section>\r\n\r\n<script>\r\n\tjQuery(document).ready(function($){ \r\n\t\t\r\n\t\t$('body').addClass('has_hero');\r\n\t\t\r\n\t\t$(window).scroll(function(){\r\n\r\n\t\t\tvar curHeight = $('#hero_1').outerHeight();\r\n\t\t\t\r\n\t\t\tif ($(window).scrollTop() > curHeight) {\r\n\t\t\t\t$('#hero_1 .background_wrap').fadeOut(100);\r\n\t\t\t}\t\t\r\n\t\t\telse \r\n\t\t\t{\r\n\t\t\t\t$('#hero_1 .background_wrap').fadeIn(100);\r\n\t\t\t}\r\n\t\t});\r\n\t\t\r\n\t\tif($('#hero_1').nextAll('section:first').hasClass('cta_banner_3')){\r\n\t\t\tvar target = $('#hero_1').nextAll('section:first');\r\n\t\t\t\t$(target).addClass('minus_40');\r\n\t\t}\r\n\t\t\r\n\t});\r\n<\/script>\n\n\r\n<section class=\"whitespace desktop_yes mobile_yes big bg_white\">\r\n<\/section>\n\n<section id=\"cta_banner_1\" class=\"text cta_banner_1 desktop_yes mobile_yes \">\r\n\t<div class=\"container\">\r\n\t\t<div class=\"row\">\r\n\t\t\t<div class=\"col-sm-12 col-md-1 col-lg-2 empty\">\r\n\t\t\t<\/div>\r\n\t\t\t<div class=\"col-sm-12 col-md-10 col-lg-8\">\r\n\r\n\t\t\t\t<div class=\"subheading\">\r\n\t\t\t\t\t\t\t\t<\/div>\r\n\t\t\t\t<h2>C&rsquo;est fait ! Nous avons bien re\u00e7u votre message.<\/h2>\t\t\t\t<p>Nous vous contacterons d\u00e8s que possible pour r\u00e9pondre \u00e0 votre question. En attendant, si vous avez d&rsquo;autres questions, n&rsquo;h\u00e9sitez pas \u00e0 nous contacter.<\/p>\n\t\t\t\t\r\n\t\t\t\t<div class=\"cta outline dark_blue\"><a href=\"https:\/\/www.kadans.com\/fr\/\">Acc\u00e9dez \u00e0 la page d&rsquo;accueil<\/a>\n<\/div>\t\t\t\t\r\n\t\t\t<\/div>\r\n\t\t\t<div class=\"col-sm-12 col-md-1 col-lg-2 empty\">\r\n\t\t\t\t<\/div>\r\n\t\t<\/div>\r\n\t<\/div>\r\n<\/section>\n\n\r\n<section class=\"whitespace desktop_yes mobile_yes big bg_white\">\r\n<\/section>\n\n\r\n<section id=\"full_width_image\" class=\"image_full desktop_yes mobile_yes \">\r\n\t\r\n\r\n<div class=\"col-sm-12 col-md-12 col-lg-12 parallax_banner\" \r\nstyle=\"background-image:url(https:\/\/www.kadans.com\/wp-content\/uploads\/Rectangle-550_2.png);\">\r\n<\/div>\r\n\r\n<\/section>","protected":false},"excerpt":{"rendered":"","protected":false},"author":3,"featured_media":11001,"parent":0,"menu_order":0,"comment_status":"closed","ping_status":"closed","template":"","meta":{"_acf_changed":false,"inline_featured_image":false,"footnotes":""},"class_list":["post-9033","page","type-page","status-publish","has-post-thumbnail","hentry"],"acf":[],"yoast_head":"<!-- This site is optimized with the Yoast SEO plugin v27.3 - https:\/\/yoast.com\/product\/yoast-seo-wordpress\/ -->\n<title>Actualit\u00e9s &amp; Mises \u00e0 jour | Kadans Science Partner<\/title>\n<meta name=\"robots\" content=\"noindex, follow\" \/>\n<meta property=\"og:locale\" content=\"fr_FR\" \/>\n<meta property=\"og:type\" content=\"article\" \/>\n<meta property=\"og:title\" content=\"Actualit\u00e9s &amp; Mises \u00e0 jour | Kadans Science Partner\" \/>\n<meta property=\"og:url\" content=\"https:\/\/www.kadans.com\/fr\/merci\/\" \/>\n<meta property=\"og:site_name\" content=\"Kadans Science Partner\" \/>\n<meta property=\"article:modified_time\" content=\"2025-09-30T11:52:39+00:00\" \/>\n<meta property=\"og:image\" content=\"https:\/\/www.kadans.com\/wp-content\/uploads\/Molecules-scaled.jpg\" \/>\n\t<meta property=\"og:image:width\" content=\"2560\" \/>\n\t<meta property=\"og:image:height\" content=\"2560\" \/>\n\t<meta property=\"og:image:type\" content=\"image\/jpeg\" \/>\n<meta name=\"twitter:card\" content=\"summary_large_image\" \/>\n<meta name=\"twitter:label1\" content=\"Dur\u00e9e de lecture estim\u00e9e\" \/>\n\t<meta name=\"twitter:data1\" content=\"1 minute\" \/>\n<script type=\"application\/ld+json\" class=\"yoast-schema-graph\">{\"@context\":\"https:\\\/\\\/schema.org\",\"@graph\":[{\"@type\":\"WebPage\",\"@id\":\"https:\\\/\\\/www.kadans.com\\\/fr\\\/merci\\\/\",\"url\":\"https:\\\/\\\/www.kadans.com\\\/fr\\\/merci\\\/\",\"name\":\"Actualit\u00e9s & Mises \u00e0 jour | Kadans Science Partner\",\"isPartOf\":{\"@id\":\"https:\\\/\\\/www.kadans.com\\\/fr\\\/#website\"},\"primaryImageOfPage\":{\"@id\":\"https:\\\/\\\/www.kadans.com\\\/fr\\\/merci\\\/#primaryimage\"},\"image\":{\"@id\":\"https:\\\/\\\/www.kadans.com\\\/fr\\\/merci\\\/#primaryimage\"},\"thumbnailUrl\":\"https:\\\/\\\/www.kadans.com\\\/wp-content\\\/uploads\\\/Molecules-scaled.jpg\",\"datePublished\":\"2024-11-06T08:57:23+00:00\",\"dateModified\":\"2025-09-30T11:52:39+00:00\",\"breadcrumb\":{\"@id\":\"https:\\\/\\\/www.kadans.com\\\/fr\\\/merci\\\/#breadcrumb\"},\"inLanguage\":\"fr-FR\",\"potentialAction\":[{\"@type\":\"ReadAction\",\"target\":[\"https:\\\/\\\/www.kadans.com\\\/fr\\\/merci\\\/\"]}]},{\"@type\":\"ImageObject\",\"inLanguage\":\"fr-FR\",\"@id\":\"https:\\\/\\\/www.kadans.com\\\/fr\\\/merci\\\/#primaryimage\",\"url\":\"https:\\\/\\\/www.kadans.com\\\/wp-content\\\/uploads\\\/Molecules-scaled.jpg\",\"contentUrl\":\"https:\\\/\\\/www.kadans.com\\\/wp-content\\\/uploads\\\/Molecules-scaled.jpg\",\"width\":2560,\"height\":2560},{\"@type\":\"BreadcrumbList\",\"@id\":\"https:\\\/\\\/www.kadans.com\\\/fr\\\/merci\\\/#breadcrumb\",\"itemListElement\":[{\"@type\":\"ListItem\",\"position\":1,\"name\":\"Home\",\"item\":\"https:\\\/\\\/www.kadans.com\\\/fr\\\/\"},{\"@type\":\"ListItem\",\"position\":2,\"name\":\"Merci\"}]},{\"@type\":\"WebSite\",\"@id\":\"https:\\\/\\\/www.kadans.com\\\/fr\\\/#website\",\"url\":\"https:\\\/\\\/www.kadans.com\\\/fr\\\/\",\"name\":\"Kadans Science Partner\",\"description\":\"\",\"potentialAction\":[{\"@type\":\"SearchAction\",\"target\":{\"@type\":\"EntryPoint\",\"urlTemplate\":\"https:\\\/\\\/www.kadans.com\\\/fr\\\/?s={search_term_string}\"},\"query-input\":{\"@type\":\"PropertyValueSpecification\",\"valueRequired\":true,\"valueName\":\"search_term_string\"}}],\"inLanguage\":\"fr-FR\"}]}<\/script>\n<!-- \/ Yoast SEO plugin. -->","yoast_head_json":{"title":"Actualit\u00e9s & Mises \u00e0 jour | Kadans Science Partner","robots":{"index":"noindex","follow":"follow"},"og_locale":"fr_FR","og_type":"article","og_title":"Actualit\u00e9s & Mises \u00e0 jour | Kadans Science Partner","og_url":"https:\/\/www.kadans.com\/fr\/merci\/","og_site_name":"Kadans Science Partner","article_modified_time":"2025-09-30T11:52:39+00:00","og_image":[{"width":2560,"height":2560,"url":"https:\/\/www.kadans.com\/wp-content\/uploads\/Molecules-scaled.jpg","type":"image\/jpeg"}],"twitter_card":"summary_large_image","twitter_misc":{"Dur\u00e9e de lecture estim\u00e9e":"1 minute"},"schema":{"@context":"https:\/\/schema.org","@graph":[{"@type":"WebPage","@id":"https:\/\/www.kadans.com\/fr\/merci\/","url":"https:\/\/www.kadans.com\/fr\/merci\/","name":"Actualit\u00e9s & Mises \u00e0 jour | Kadans Science Partner","isPartOf":{"@id":"https:\/\/www.kadans.com\/fr\/#website"},"primaryImageOfPage":{"@id":"https:\/\/www.kadans.com\/fr\/merci\/#primaryimage"},"image":{"@id":"https:\/\/www.kadans.com\/fr\/merci\/#primaryimage"},"thumbnailUrl":"https:\/\/www.kadans.com\/wp-content\/uploads\/Molecules-scaled.jpg","datePublished":"2024-11-06T08:57:23+00:00","dateModified":"2025-09-30T11:52:39+00:00","breadcrumb":{"@id":"https:\/\/www.kadans.com\/fr\/merci\/#breadcrumb"},"inLanguage":"fr-FR","potentialAction":[{"@type":"ReadAction","target":["https:\/\/www.kadans.com\/fr\/merci\/"]}]},{"@type":"ImageObject","inLanguage":"fr-FR","@id":"https:\/\/www.kadans.com\/fr\/merci\/#primaryimage","url":"https:\/\/www.kadans.com\/wp-content\/uploads\/Molecules-scaled.jpg","contentUrl":"https:\/\/www.kadans.com\/wp-content\/uploads\/Molecules-scaled.jpg","width":2560,"height":2560},{"@type":"BreadcrumbList","@id":"https:\/\/www.kadans.com\/fr\/merci\/#breadcrumb","itemListElement":[{"@type":"ListItem","position":1,"name":"Home","item":"https:\/\/www.kadans.com\/fr\/"},{"@type":"ListItem","position":2,"name":"Merci"}]},{"@type":"WebSite","@id":"https:\/\/www.kadans.com\/fr\/#website","url":"https:\/\/www.kadans.com\/fr\/","name":"Kadans Science Partner","description":"","potentialAction":[{"@type":"SearchAction","target":{"@type":"EntryPoint","urlTemplate":"https:\/\/www.kadans.com\/fr\/?s={search_term_string}"},"query-input":{"@type":"PropertyValueSpecification","valueRequired":true,"valueName":"search_term_string"}}],"inLanguage":"fr-FR"}]}},"_links":{"self":[{"href":"https:\/\/www.kadans.com\/fr\/wp-json\/wp\/v2\/pages\/9033","targetHints":{"allow":["GET"]}}],"collection":[{"href":"https:\/\/www.kadans.com\/fr\/wp-json\/wp\/v2\/pages"}],"about":[{"href":"https:\/\/www.kadans.com\/fr\/wp-json\/wp\/v2\/types\/page"}],"author":[{"embeddable":true,"href":"https:\/\/www.kadans.com\/fr\/wp-json\/wp\/v2\/users\/3"}],"replies":[{"embeddable":true,"href":"https:\/\/www.kadans.com\/fr\/wp-json\/wp\/v2\/comments?post=9033"}],"version-history":[{"count":1,"href":"https:\/\/www.kadans.com\/fr\/wp-json\/wp\/v2\/pages\/9033\/revisions"}],"predecessor-version":[{"id":17918,"href":"https:\/\/www.kadans.com\/fr\/wp-json\/wp\/v2\/pages\/9033\/revisions\/17918"}],"wp:featuredmedia":[{"embeddable":true,"href":"https:\/\/www.kadans.com\/fr\/wp-json\/wp\/v2\/media\/11001"}],"wp:attachment":[{"href":"https:\/\/www.kadans.com\/fr\/wp-json\/wp\/v2\/media?parent=9033"}],"curies":[{"name":"wp","href":"https:\/\/api.w.org\/{rel}","templated":true}]}}